{"id":737,"date":"2023-11-13T10:18:48","date_gmt":"2023-11-13T13:18:48","guid":{"rendered":"https:\/\/portal.uern.br\/fafic\/dge\/?page_id=737"},"modified":"2024-10-24T07:13:20","modified_gmt":"2024-10-24T10:13:20","slug":"gpeg","status":"publish","type":"page","link":"https:\/\/portal.uern.br\/fafic\/dge\/gpeg\/","title":{"rendered":"GPEG"},"content":{"rendered":"<table>\n<tbody>\n<tr>\n<td>\n<h4>Grupo de Pesquisa em Educa\u00e7\u00e3o Geogr\u00e1fica<\/h4>\n<\/td>\n<\/tr>\n<tr>\n<td><strong>Lider:<\/strong>\u00a0Prof. Dra. Maria Jos\u00e9 Costa Fernandes<br \/>\n<strong>Vice lider:<\/strong>\u00a0Prof. Dr. Jamilson Azevedo Soares<\/td>\n<\/tr>\n<tr>\n<td>O Ensino de Geografia \u00e9 o foco principal do GPEG. E nosso trabalho repercute diretamente nas Escolas de Ensino B\u00e1sico de Mossor\u00f3, atrav\u00e9s das escolas campo de est\u00e1gio, contribuindo para uma significativa forma\u00e7\u00e3o dos alunos do Curso de Licenciatura e para a forma\u00e7\u00e3o continuada dos professores nas escolas. A pesquisa \u00e9 trabalhada de forma articulada \u00e0 dimens\u00e3o acad\u00eamica do ensino. Al\u00e9m do est\u00e1gio, podemos destacar tamb\u00e9m a exist\u00eancia das disciplinas Geografia e Ensino I e II na estrutura curricular do Curso, e das Pr\u00e1ticas Pedag\u00f3gicas enquanto componente curricular, com a realiza\u00e7\u00e3o de pesquisas nas escolas e vasta produ\u00e7\u00e3o de materiais did\u00e1tico-pedag\u00f3gicos geogr\u00e1ficos. O curso de Geografia da FAFIC\/UERN vem se destacando na \u00e1rea de Ensino de Geografia, com a realiza\u00e7\u00e3o de diversas atividades acad\u00eamicas relacionadas ao Ensino de Geografia, como eventos, monografias espec\u00edficas sobre o ensino de Geografia e Projetos diversos como o PIBIC, PIBIC EM, Resid\u00eancia Pedag\u00f3gica e PIBID.<\/td>\n<\/tr>\n<\/tbody>\n<\/table>\n<p><img fetchpriority=\"high\" decoding=\"async\" class=\"alignnone wp-image-738\" src=\"https:\/\/portal.uern.br\/fafic\/dge\/wp-content\/uploads\/sites\/12\/2023\/11\/WhatsApp-Image-2023-11-01-at-12.05.27-300x225.jpeg\" alt=\"\" width=\"403\" height=\"302\" srcset=\"https:\/\/portal.uern.br\/fafic\/dge\/wp-content\/uploads\/sites\/12\/2023\/11\/WhatsApp-Image-2023-11-01-at-12.05.27-300x225.jpeg 300w, https:\/\/portal.uern.br\/fafic\/dge\/wp-content\/uploads\/sites\/12\/2023\/11\/WhatsApp-Image-2023-11-01-at-12.05.27-1024x768.jpeg 1024w, https:\/\/portal.uern.br\/fafic\/dge\/wp-content\/uploads\/sites\/12\/2023\/11\/WhatsApp-Image-2023-11-01-at-12.05.27-768x576.jpeg 768w, https:\/\/portal.uern.br\/fafic\/dge\/wp-content\/uploads\/sites\/12\/2023\/11\/WhatsApp-Image-2023-11-01-at-12.05.27-1536x1152.jpeg 1536w, https:\/\/portal.uern.br\/fafic\/dge\/wp-content\/uploads\/sites\/12\/2023\/11\/WhatsApp-Image-2023-11-01-at-12.05.27.jpeg 1600w\" sizes=\"(max-width: 403px) 100vw, 403px\" \/> <img decoding=\"async\" class=\"alignnone wp-image-739\" src=\"https:\/\/portal.uern.br\/fafic\/dge\/wp-content\/uploads\/sites\/12\/2023\/11\/WhatsApp-Image-2023-11-01-at-12.05.55-300x225.jpeg\" alt=\"\" width=\"403\" height=\"302\" srcset=\"https:\/\/portal.uern.br\/fafic\/dge\/wp-content\/uploads\/sites\/12\/2023\/11\/WhatsApp-Image-2023-11-01-at-12.05.55-300x225.jpeg 300w, https:\/\/portal.uern.br\/fafic\/dge\/wp-content\/uploads\/sites\/12\/2023\/11\/WhatsApp-Image-2023-11-01-at-12.05.55-1024x768.jpeg 1024w, https:\/\/portal.uern.br\/fafic\/dge\/wp-content\/uploads\/sites\/12\/2023\/11\/WhatsApp-Image-2023-11-01-at-12.05.55-768x576.jpeg 768w, https:\/\/portal.uern.br\/fafic\/dge\/wp-content\/uploads\/sites\/12\/2023\/11\/WhatsApp-Image-2023-11-01-at-12.05.55-1536x1152.jpeg 1536w, https:\/\/portal.uern.br\/fafic\/dge\/wp-content\/uploads\/sites\/12\/2023\/11\/WhatsApp-Image-2023-11-01-at-12.05.55.jpeg 1600w\" sizes=\"(max-width: 403px) 100vw, 403px\" \/><\/p>\n","protected":false},"excerpt":{"rendered":"<p>Grupo de Pesquisa em Educa\u00e7\u00e3o Geogr\u00e1fica Lider:\u00a0Prof. Dra. Maria Jos\u00e9 Costa Fernandes Vice lider:\u00a0Prof. Dr. Jamilson Azevedo Soares O Ensino de Geografia \u00e9 o foco principal do GPEG. E nosso trabalho repercute diretamente nas Escolas de Ensino B\u00e1sico de Mossor\u00f3, atrav\u00e9s das escolas campo de est\u00e1gio, contribuindo para uma significativa forma\u00e7\u00e3o dos alunos do Curso [&hellip;]<\/p>\n","protected":false},"author":7,"featured_media":0,"parent":0,"menu_order":0,"comment_status":"closed","ping_status":"closed","template":"","meta":{"footnotes":""},"class_list":["post-737","page","type-page","status-publish","hentry"],"_links":{"self":[{"href":"https:\/\/portal.uern.br\/fafic\/dge\/wp-json\/wp\/v2\/pages\/737","targetHints":{"allow":["GET"]}}],"collection":[{"href":"https:\/\/portal.uern.br\/fafic\/dge\/wp-json\/wp\/v2\/pages"}],"about":[{"href":"https:\/\/portal.uern.br\/fafic\/dge\/wp-json\/wp\/v2\/types\/page"}],"author":[{"embeddable":true,"href":"https:\/\/portal.uern.br\/fafic\/dge\/wp-json\/wp\/v2\/users\/7"}],"replies":[{"embeddable":true,"href":"https:\/\/portal.uern.br\/fafic\/dge\/wp-json\/wp\/v2\/comments?post=737"}],"version-history":[{"count":4,"href":"https:\/\/portal.uern.br\/fafic\/dge\/wp-json\/wp\/v2\/pages\/737\/revisions"}],"predecessor-version":[{"id":968,"href":"https:\/\/portal.uern.br\/fafic\/dge\/wp-json\/wp\/v2\/pages\/737\/revisions\/968"}],"wp:attachment":[{"href":"https:\/\/portal.uern.br\/fafic\/dge\/wp-json\/wp\/v2\/media?parent=737"}],"curies":[{"name":"wp","href":"https:\/\/api.w.org\/{rel}","templated":true}]}}