{"id":724,"date":"2023-11-13T09:25:32","date_gmt":"2023-11-13T12:25:32","guid":{"rendered":"https:\/\/portal.uern.br\/fafic\/dge\/?page_id=724"},"modified":"2023-11-13T09:25:32","modified_gmt":"2023-11-13T12:25:32","slug":"revista-pensar-geografia","status":"publish","type":"page","link":"https:\/\/portal.uern.br\/fafic\/dge\/revista-pensar-geografia\/","title":{"rendered":"Revista Pensar Geografia"},"content":{"rendered":"<p>A\u00a0<a href=\"http:\/\/periodicos.apps.uern.br\/index.php\/PGEO\" target=\"_blank\" rel=\"noopener\">Revista Pensar Geografia<\/a>, \u00e9 um peri\u00f3dico cient\u00edfico semestral do Departamento de Geografia\/Campus Central e do Programa de P\u00f3s-gradua\u00e7\u00e3o em geografia da Universidade do Estado do Rio Grande do Norte &#8211; PPGEO\/UERN, dispon\u00edvel em meio eletr\u00f4nico, que visa contribuir para um ampla discuss\u00e3o da rela\u00e7\u00e3o sociedade-natureza, produ\u00e7\u00e3o do espa\u00e7o e ordenamento territorial.<\/p>\n<div>\n<p>As publica\u00e7\u00f5es s\u00e3o artigos originais resultantes de pesquisa cient\u00edfica, ou experi\u00eancias acad\u00eamicas de extens\u00e3o ou ensino da Geografia. Nesse sentido a revista pretende integrar os projetos de pesquisas por meio do acesso gratuito a produ\u00e7\u00e3o cient\u00edfica, possibilitando assim a dissemina\u00e7\u00e3o e o conhecimento gerados pela comunidade acad\u00eamica. O escopo da revista \u00e9 a divulga\u00e7\u00e3o do conhecimento cient\u00edfico Geografia envolvendo temas tradicionais e novos da disciplina nas sess\u00f5es:<\/p>\n<\/div>\n<div>\n<ul>\n<li>Ordenamento territorial;<\/li>\n<li>Geografia Urbana;<\/li>\n<li>Geografia Econ\u00f4mica;<\/li>\n<li>Geotecnologias e geoprocessamento;<\/li>\n<li>Geografia Agr\u00e1ria;<\/li>\n<li>Geografia Cultural;<\/li>\n<li>Hidrogeografia;<\/li>\n<li>Geografia F\u00edsica;<\/li>\n<li>Ensino de Geografia.<\/li>\n<\/ul>\n<\/div>\n","protected":false},"excerpt":{"rendered":"<p>A\u00a0Revista Pensar Geografia, \u00e9 um peri\u00f3dico cient\u00edfico semestral do Departamento de Geografia\/Campus Central e do Programa de P\u00f3s-gradua\u00e7\u00e3o em geografia da Universidade do Estado do Rio Grande do Norte &#8211; PPGEO\/UERN, dispon\u00edvel em meio eletr\u00f4nico, que visa contribuir para um ampla discuss\u00e3o da rela\u00e7\u00e3o sociedade-natureza, produ\u00e7\u00e3o do espa\u00e7o e ordenamento territorial. As publica\u00e7\u00f5es s\u00e3o artigos [&hellip;]<\/p>\n","protected":false},"author":7,"featured_media":0,"parent":0,"menu_order":0,"comment_status":"closed","ping_status":"closed","template":"","meta":{"footnotes":""},"class_list":["post-724","page","type-page","status-publish","hentry"],"_links":{"self":[{"href":"https:\/\/portal.uern.br\/fafic\/dge\/wp-json\/wp\/v2\/pages\/724","targetHints":{"allow":["GET"]}}],"collection":[{"href":"https:\/\/portal.uern.br\/fafic\/dge\/wp-json\/wp\/v2\/pages"}],"about":[{"href":"https:\/\/portal.uern.br\/fafic\/dge\/wp-json\/wp\/v2\/types\/page"}],"author":[{"embeddable":true,"href":"https:\/\/portal.uern.br\/fafic\/dge\/wp-json\/wp\/v2\/users\/7"}],"replies":[{"embeddable":true,"href":"https:\/\/portal.uern.br\/fafic\/dge\/wp-json\/wp\/v2\/comments?post=724"}],"version-history":[{"count":1,"href":"https:\/\/portal.uern.br\/fafic\/dge\/wp-json\/wp\/v2\/pages\/724\/revisions"}],"predecessor-version":[{"id":725,"href":"https:\/\/portal.uern.br\/fafic\/dge\/wp-json\/wp\/v2\/pages\/724\/revisions\/725"}],"wp:attachment":[{"href":"https:\/\/portal.uern.br\/fafic\/dge\/wp-json\/wp\/v2\/media?parent=724"}],"curies":[{"name":"wp","href":"https:\/\/api.w.org\/{rel}","templated":true}]}}