{"id":719,"date":"2023-11-13T09:24:28","date_gmt":"2023-11-13T12:24:28","guid":{"rendered":"https:\/\/portal.uern.br\/fafic\/dge\/?page_id=719"},"modified":"2026-02-09T10:36:46","modified_gmt":"2026-02-09T13:36:46","slug":"documentos","status":"publish","type":"page","link":"https:\/\/portal.uern.br\/fafic\/dge\/documentos\/","title":{"rendered":"Documentos"},"content":{"rendered":"<h3>MATRIZ CURRICULAR DO CURSO DE GEOGRAFIA<\/h3>\n<ul>\n<li>As Matrizes e Projetos do Curso de Geografia podem ser acessados no <a href=\"https:\/\/portal.uern.br\/proeg\/projetos-pedagogicos\/campus-central\/\">site da PROEG<\/a>.<\/li>\n<\/ul>\n<h3>DOCUMENTOS UERN<\/h3>\n<ul>\n<li>Estatuto da UERN\u00a0(<a href=\"https:\/\/www.uern.br\/controledepaginas\/depto-geografia-documentos\/arquivos\/1193estatuto_da_uern.pdf\" target=\"_blank\" rel=\"noopener\">abrir<\/a>)<\/li>\n<li>Guia do Estudante\u00a0(<a href=\"https:\/\/www.uern.br\/controledepaginas\/depto-geografia-documentos\/arquivos\/1193guia_do_estudante.pdf\" target=\"_blank\" rel=\"noopener\">abrir<\/a>)<\/li>\n<li>Manual do Estudante\u00a0(<a href=\"https:\/\/www.uern.br\/controledepaginas\/depto-geografia-documentos\/arquivos\/1193manual_do_estudante.pdf\" target=\"_blank\" rel=\"noopener\">abrir<\/a>)<\/li>\n<li>Regimento Geral da UERN\u00a0(<a href=\"https:\/\/www.uern.br\/controledepaginas\/depto-geografia-documentos\/arquivos\/1193regimento_geral_da_uern.pdf\" target=\"_blank\" rel=\"noopener\">abrir<\/a>)<\/li>\n<li>Resolu\u00e7\u00e3o 36-2010 &#8211; CONSEPE &#8211; Regulamenta o Est\u00e1gio Curricular Obrigat\u00f3rio nos Cursos de Licenciatura\u00a0(<a href=\"https:\/\/www.uern.br\/controledepaginas\/depto-geografia-documentos\/arquivos\/1193resolua%C2%A7a%C2%A3o_36_2010_consepe_regulamenta_o_esta%C2%A1gio_curricular_obrigata%C2%B3rio_nos_cursos_de_licenciatura.pdf\" target=\"_blank\" rel=\"noopener\">abrir<\/a>)<\/li>\n<li>Resolu\u00e7\u00e3o 59-2013 &#8211; CONSEPE &#8211; Cria e Regulamenta o NDE\u00a0(<a href=\"https:\/\/www.uern.br\/controledepaginas\/depto-geografia-documentos\/arquivos\/1193resolua%C2%A7a%C2%A3o_59_2013_consepe_cria_e_regulamenta_o_nde.pdf\" target=\"_blank\" rel=\"noopener\">abrir<\/a>)<\/li>\n<li>Resolu\u00e7\u00e3o 06-2015 &#8211; CONSEPE &#8211; Regulamenta o Est\u00e1gio Curricular Obrigat\u00f3rio nos Cursos de Licenciatura e revoga a resolu\u00e7\u00e3o 36-2010-CONSEPE\u00a0(<a href=\"https:\/\/www.uern.br\/controledepaginas\/depto-geografia-documentos\/arquivos\/1193resolua%C2%A7a%C2%A3o_06_2015_consepe_regulamenta_o_esta%C2%A1gio_curricular_obrigata%C2%B3rio_nos_cursos_de_licenciatura_e_revoga_a_resolua%C2%A7a%C2%A3o_36_2010_consepe..pdf\" target=\"_blank\" rel=\"noopener\">abrir<\/a>)<\/li>\n<li>Resolu\u00e7\u00e3o 18-2017 \u2013 CONSEPE &#8211; Regulamenta as condi\u00e7\u00f5es de cria\u00e7\u00e3o e funcionamento laborat\u00f3rios de pesquisa (<a href=\"https:\/\/www.uern.br\/controledepaginas\/depto-geografia-documentos\/arquivos\/1193resolua%C2%A7a%C2%A3o_18_2017_a%E2%82%AC%E2%80%9C_consepe_regulamenta_as_condia%C2%A7a%C2%B5es_de_criaa%C2%A7a%C2%A3o_e_funcionamento_labortaorios_de_pesquisa.pdf\" target=\"_blank\" rel=\"noopener\">abrir<\/a>)<\/li>\n<li>Resolu\u00e7\u00e3o 26-2017 &#8211; CONSEPE &#8211; Aprova O Regulamento de Cursos de Gradua\u00e7\u00e3o da UERN\u00a0(<a href=\"https:\/\/www.uern.br\/controledepaginas\/depto-geografia-documentos\/arquivos\/1193resolua%C2%A7a%C2%A3o_26_2017_consepe_aprova_o_regulamento_de_cursos_de_graduaa%C2%A7a%C2%A3o_da_uern.pdf\" target=\"_blank\" rel=\"noopener\">abrir<\/a>)<\/li>\n<li>Resolu\u00e7\u00e3o 34-2017 &#8211; CONSEPE &#8211; Altera a Resolu\u00e7\u00e3o 36-2014 (Distribui\u00e7\u00e3o de CH Docente)\u00a0(<a href=\"https:\/\/www.uern.br\/controledepaginas\/depto-geografia-documentos\/arquivos\/1193resolua%C2%A7a%C2%A3o_34_2017_consepe_altera_a_resolua%C2%A7a%C2%A3o_36_2014_(distribuia%C2%A7a%C2%A3o_de_ch_docente).pdf\" target=\"_blank\" rel=\"noopener\">abrir<\/a>)<\/li>\n<\/ul>\n","protected":false},"excerpt":{"rendered":"<p>MATRIZ CURRICULAR DO CURSO DE GEOGRAFIA As Matrizes e Projetos do Curso de Geografia podem ser acessados no site da PROEG. DOCUMENTOS UERN Estatuto da UERN\u00a0(abrir) Guia do Estudante\u00a0(abrir) Manual do Estudante\u00a0(abrir) Regimento Geral da UERN\u00a0(abrir) Resolu\u00e7\u00e3o 36-2010 &#8211; CONSEPE &#8211; Regulamenta o Est\u00e1gio Curricular Obrigat\u00f3rio nos Cursos de Licenciatura\u00a0(abrir) Resolu\u00e7\u00e3o 59-2013 &#8211; CONSEPE &#8211; [&hellip;]<\/p>\n","protected":false},"author":7,"featured_media":0,"parent":0,"menu_order":0,"comment_status":"closed","ping_status":"closed","template":"","meta":{"footnotes":""},"class_list":["post-719","page","type-page","status-publish","hentry"],"_links":{"self":[{"href":"https:\/\/portal.uern.br\/fafic\/dge\/wp-json\/wp\/v2\/pages\/719","targetHints":{"allow":["GET"]}}],"collection":[{"href":"https:\/\/portal.uern.br\/fafic\/dge\/wp-json\/wp\/v2\/pages"}],"about":[{"href":"https:\/\/portal.uern.br\/fafic\/dge\/wp-json\/wp\/v2\/types\/page"}],"author":[{"embeddable":true,"href":"https:\/\/portal.uern.br\/fafic\/dge\/wp-json\/wp\/v2\/users\/7"}],"replies":[{"embeddable":true,"href":"https:\/\/portal.uern.br\/fafic\/dge\/wp-json\/wp\/v2\/comments?post=719"}],"version-history":[{"count":7,"href":"https:\/\/portal.uern.br\/fafic\/dge\/wp-json\/wp\/v2\/pages\/719\/revisions"}],"predecessor-version":[{"id":977,"href":"https:\/\/portal.uern.br\/fafic\/dge\/wp-json\/wp\/v2\/pages\/719\/revisions\/977"}],"wp:attachment":[{"href":"https:\/\/portal.uern.br\/fafic\/dge\/wp-json\/wp\/v2\/media?parent=719"}],"curies":[{"name":"wp","href":"https:\/\/api.w.org\/{rel}","templated":true}]}}