{"id":713,"date":"2023-11-13T09:21:23","date_gmt":"2023-11-13T12:21:23","guid":{"rendered":"https:\/\/portal.uern.br\/fafic\/dge\/?page_id=713"},"modified":"2024-10-23T10:03:22","modified_gmt":"2024-10-23T13:03:22","slug":"programas-formativos","status":"publish","type":"page","link":"https:\/\/portal.uern.br\/fafic\/dge\/programas-formativos\/","title":{"rendered":"Programas Formativos"},"content":{"rendered":"<p><strong>PIBID DE GEOGRAFIA<\/strong><\/p>\n<p>&nbsp;<\/p>\n<p>A import\u00e2ncia do PIBID no processo de forma\u00e7\u00e3o acad\u00eamica numa concep\u00e7\u00e3o de universalidade e amplitude, marcada pelo di\u00e1logo com a realidade social, aproximando mais a Universidade das escolas de ensino m\u00e9dio em Mossor\u00f3, refletindo uma preocupa\u00e7\u00e3o com a qualidade do ensino de gradua\u00e7\u00e3o, melhorando a forma\u00e7\u00e3o acad\u00eamica dos licenciados, contribuindo para implanta\u00e7\u00e3o do PPC de Geografia a partir do desenvolvimento de atividades relacionadas ao ensino, principalmente no tocante ao Est\u00e1gio Supervisionado em Geografia, como forma de contribuir com o ensino m\u00e9dio em Mossor\u00f3, mediante a interven\u00e7\u00e3o nas escolas campo de est\u00e1gio.<\/p>\n<p>&nbsp;<\/p>\n<p>&nbsp;<\/p>\n<p>&nbsp;<\/p>\n","protected":false},"excerpt":{"rendered":"<p>PIBID DE GEOGRAFIA &nbsp; A import\u00e2ncia do PIBID no processo de forma\u00e7\u00e3o acad\u00eamica numa concep\u00e7\u00e3o de universalidade e amplitude, marcada pelo di\u00e1logo com a realidade social, aproximando mais a Universidade das escolas de ensino m\u00e9dio em Mossor\u00f3, refletindo uma preocupa\u00e7\u00e3o com a qualidade do ensino de gradua\u00e7\u00e3o, melhorando a forma\u00e7\u00e3o acad\u00eamica dos licenciados, contribuindo para [&hellip;]<\/p>\n","protected":false},"author":7,"featured_media":0,"parent":0,"menu_order":0,"comment_status":"closed","ping_status":"closed","template":"","meta":{"footnotes":""},"class_list":["post-713","page","type-page","status-publish","hentry"],"_links":{"self":[{"href":"https:\/\/portal.uern.br\/fafic\/dge\/wp-json\/wp\/v2\/pages\/713","targetHints":{"allow":["GET"]}}],"collection":[{"href":"https:\/\/portal.uern.br\/fafic\/dge\/wp-json\/wp\/v2\/pages"}],"about":[{"href":"https:\/\/portal.uern.br\/fafic\/dge\/wp-json\/wp\/v2\/types\/page"}],"author":[{"embeddable":true,"href":"https:\/\/portal.uern.br\/fafic\/dge\/wp-json\/wp\/v2\/users\/7"}],"replies":[{"embeddable":true,"href":"https:\/\/portal.uern.br\/fafic\/dge\/wp-json\/wp\/v2\/comments?post=713"}],"version-history":[{"count":2,"href":"https:\/\/portal.uern.br\/fafic\/dge\/wp-json\/wp\/v2\/pages\/713\/revisions"}],"predecessor-version":[{"id":932,"href":"https:\/\/portal.uern.br\/fafic\/dge\/wp-json\/wp\/v2\/pages\/713\/revisions\/932"}],"wp:attachment":[{"href":"https:\/\/portal.uern.br\/fafic\/dge\/wp-json\/wp\/v2\/media?parent=713"}],"curies":[{"name":"wp","href":"https:\/\/api.w.org\/{rel}","templated":true}]}}