{"id":704,"date":"2023-11-13T08:20:40","date_gmt":"2023-11-13T11:20:40","guid":{"rendered":"https:\/\/portal.uern.br\/fafic\/dge\/?page_id=704"},"modified":"2024-10-23T10:08:26","modified_gmt":"2024-10-23T13:08:26","slug":"egressos","status":"publish","type":"page","link":"https:\/\/portal.uern.br\/fafic\/dge\/egressos\/","title":{"rendered":"Egressos"},"content":{"rendered":"<p>Com o objetivo de coletar informa\u00e7\u00f5es sobre o perfil atual dos seus egressos, de modo a compreender o seu alcance na regi\u00e3o onde est\u00e1 inserido, o Curso de Licenciatura em Geografia do Campus Central da Universidade do Estado do Rio Grande do Norte convida os seus ex-alunos a responderem esta enquete. Desde j\u00e1, agradecemos a sua contribui\u00e7\u00e3o.<\/p>\n<p>&nbsp;<\/p>\n<p>Link: <a href=\"https:\/\/forms.gle\/XiWguKNVbR1hSGQn9\">https:\/\/forms.gle\/XiWguKNVbR1hSGQn9<\/a><\/p>\n","protected":false},"excerpt":{"rendered":"<p>Com o objetivo de coletar informa\u00e7\u00f5es sobre o perfil atual dos seus egressos, de modo a compreender o seu alcance na regi\u00e3o onde est\u00e1 inserido, o Curso de Licenciatura em Geografia do Campus Central da Universidade do Estado do Rio Grande do Norte convida os seus ex-alunos a responderem esta enquete. Desde j\u00e1, agradecemos a [&hellip;]<\/p>\n","protected":false},"author":7,"featured_media":0,"parent":0,"menu_order":0,"comment_status":"closed","ping_status":"closed","template":"","meta":{"footnotes":""},"class_list":["post-704","page","type-page","status-publish","hentry"],"_links":{"self":[{"href":"https:\/\/portal.uern.br\/fafic\/dge\/wp-json\/wp\/v2\/pages\/704","targetHints":{"allow":["GET"]}}],"collection":[{"href":"https:\/\/portal.uern.br\/fafic\/dge\/wp-json\/wp\/v2\/pages"}],"about":[{"href":"https:\/\/portal.uern.br\/fafic\/dge\/wp-json\/wp\/v2\/types\/page"}],"author":[{"embeddable":true,"href":"https:\/\/portal.uern.br\/fafic\/dge\/wp-json\/wp\/v2\/users\/7"}],"replies":[{"embeddable":true,"href":"https:\/\/portal.uern.br\/fafic\/dge\/wp-json\/wp\/v2\/comments?post=704"}],"version-history":[{"count":4,"href":"https:\/\/portal.uern.br\/fafic\/dge\/wp-json\/wp\/v2\/pages\/704\/revisions"}],"predecessor-version":[{"id":935,"href":"https:\/\/portal.uern.br\/fafic\/dge\/wp-json\/wp\/v2\/pages\/704\/revisions\/935"}],"wp:attachment":[{"href":"https:\/\/portal.uern.br\/fafic\/dge\/wp-json\/wp\/v2\/media?parent=704"}],"curies":[{"name":"wp","href":"https:\/\/api.w.org\/{rel}","templated":true}]}}