{"id":699,"date":"2023-11-13T08:20:14","date_gmt":"2023-11-13T11:20:14","guid":{"rendered":"https:\/\/portal.uern.br\/fafic\/dge\/?page_id=699"},"modified":"2024-10-23T10:07:17","modified_gmt":"2024-10-23T13:07:17","slug":"campos-de-estagio","status":"publish","type":"page","link":"https:\/\/portal.uern.br\/fafic\/dge\/campos-de-estagio\/","title":{"rendered":"Campos de Est\u00e1gio"},"content":{"rendered":"<h3>Escolas Mossor\u00f3<\/h3>\n<ul>\n<li>Localiza\u00e7\u00e3o das escolas p\u00fablicas na cidade de Mossor\u00f3<\/li>\n<\/ul>\n<p><img fetchpriority=\"high\" decoding=\"async\" class=\"alignnone wp-image-700\" src=\"https:\/\/portal.uern.br\/fafic\/dge\/wp-content\/uploads\/sites\/12\/2023\/11\/mapa-1-300x189.jpeg\" alt=\"\" width=\"615\" height=\"387\" srcset=\"https:\/\/portal.uern.br\/fafic\/dge\/wp-content\/uploads\/sites\/12\/2023\/11\/mapa-1-300x189.jpeg 300w, https:\/\/portal.uern.br\/fafic\/dge\/wp-content\/uploads\/sites\/12\/2023\/11\/mapa-1.jpeg 570w\" sizes=\"(max-width: 615px) 100vw, 615px\" \/><\/p>\n<p>&nbsp;<\/p>\n<h3>Total de Estagi\u00e1rios<\/h3>\n<p><img decoding=\"async\" class=\"alignnone wp-image-701\" src=\"https:\/\/portal.uern.br\/fafic\/dge\/wp-content\/uploads\/sites\/12\/2023\/11\/mapa-2-300x279.jpeg\" alt=\"\" width=\"496\" height=\"461\" srcset=\"https:\/\/portal.uern.br\/fafic\/dge\/wp-content\/uploads\/sites\/12\/2023\/11\/mapa-2-300x279.jpeg 300w, https:\/\/portal.uern.br\/fafic\/dge\/wp-content\/uploads\/sites\/12\/2023\/11\/mapa-2.jpeg 560w\" sizes=\"(max-width: 496px) 100vw, 496px\" \/> <img decoding=\"async\" class=\"alignnone wp-image-702\" src=\"https:\/\/portal.uern.br\/fafic\/dge\/wp-content\/uploads\/sites\/12\/2023\/11\/mapa-3-300x279.jpeg\" alt=\"\" width=\"517\" height=\"480\" srcset=\"https:\/\/portal.uern.br\/fafic\/dge\/wp-content\/uploads\/sites\/12\/2023\/11\/mapa-3-300x279.jpeg 300w, https:\/\/portal.uern.br\/fafic\/dge\/wp-content\/uploads\/sites\/12\/2023\/11\/mapa-3.jpeg 560w\" sizes=\"(max-width: 517px) 100vw, 517px\" \/><\/p>\n","protected":false},"excerpt":{"rendered":"<p>Escolas Mossor\u00f3 Localiza\u00e7\u00e3o das escolas p\u00fablicas na cidade de Mossor\u00f3 &nbsp; Total de Estagi\u00e1rios<\/p>\n","protected":false},"author":7,"featured_media":0,"parent":0,"menu_order":0,"comment_status":"closed","ping_status":"closed","template":"","meta":{"footnotes":""},"class_list":["post-699","page","type-page","status-publish","hentry"],"_links":{"self":[{"href":"https:\/\/portal.uern.br\/fafic\/dge\/wp-json\/wp\/v2\/pages\/699","targetHints":{"allow":["GET"]}}],"collection":[{"href":"https:\/\/portal.uern.br\/fafic\/dge\/wp-json\/wp\/v2\/pages"}],"about":[{"href":"https:\/\/portal.uern.br\/fafic\/dge\/wp-json\/wp\/v2\/types\/page"}],"author":[{"embeddable":true,"href":"https:\/\/portal.uern.br\/fafic\/dge\/wp-json\/wp\/v2\/users\/7"}],"replies":[{"embeddable":true,"href":"https:\/\/portal.uern.br\/fafic\/dge\/wp-json\/wp\/v2\/comments?post=699"}],"version-history":[{"count":3,"href":"https:\/\/portal.uern.br\/fafic\/dge\/wp-json\/wp\/v2\/pages\/699\/revisions"}],"predecessor-version":[{"id":934,"href":"https:\/\/portal.uern.br\/fafic\/dge\/wp-json\/wp\/v2\/pages\/699\/revisions\/934"}],"wp:attachment":[{"href":"https:\/\/portal.uern.br\/fafic\/dge\/wp-json\/wp\/v2\/media?parent=699"}],"curies":[{"name":"wp","href":"https:\/\/api.w.org\/{rel}","templated":true}]}}