{"id":691,"date":"2023-11-13T08:05:37","date_gmt":"2023-11-13T11:05:37","guid":{"rendered":"https:\/\/portal.uern.br\/fafic\/dge\/?page_id=691"},"modified":"2023-11-13T08:05:37","modified_gmt":"2023-11-13T11:05:37","slug":"iniciacao-cientifica","status":"publish","type":"page","link":"https:\/\/portal.uern.br\/fafic\/dge\/iniciacao-cientifica\/","title":{"rendered":"Inicia\u00e7\u00e3o Cient\u00edfica"},"content":{"rendered":"<p>A Inicia\u00e7\u00e3o Cientifica \u00e9 uma das possibilidades de acesso dos estudantes de gradua\u00e7\u00e3o \u00e0 pesquisa cientifica, permitindo que o discente entre desde cedo em contato direto com as atividades de investiga\u00e7\u00e3o cient\u00edfica. Nesta perspectiva, a inicia\u00e7\u00e3o cient\u00edfica caracteriza-se como instrumento de apoio te\u00f3rico e metodol\u00f3gico \u00e0 realiza\u00e7\u00e3o de um projeto de pesquisa e constitui um canal adequado de aux\u00edlio para a forma\u00e7\u00e3o de uma outra perspectiva no graduando. Em s\u00edntese, a inicia\u00e7\u00e3o cient\u00edfica pode ser definida como instrumento de forma\u00e7\u00e3o.<\/p>\n<p>A inicia\u00e7\u00e3o cient\u00edfica \u00e9 um dever da institui\u00e7\u00e3o e n\u00e3o uma atividade eventual ou espor\u00e1dica. A bolsa de inicia\u00e7\u00e3o cient\u00edfica \u00e9 um incentivo individual que se operacionaliza como estrat\u00e9gia exemplar de financiamento aos alunos, vinculados a projetos desenvolvidos pelos pesquisadores no contexto da gradua\u00e7\u00e3o. Pode-se considerar a bolsa de inicia\u00e7\u00e3o cient\u00edfica como um instrumento abrangente de fomento \u00e0 forma\u00e7\u00e3o de recursos humanos.<\/p>\n","protected":false},"excerpt":{"rendered":"<p>A Inicia\u00e7\u00e3o Cientifica \u00e9 uma das possibilidades de acesso dos estudantes de gradua\u00e7\u00e3o \u00e0 pesquisa cientifica, permitindo que o discente entre desde cedo em contato direto com as atividades de investiga\u00e7\u00e3o cient\u00edfica. Nesta perspectiva, a inicia\u00e7\u00e3o cient\u00edfica caracteriza-se como instrumento de apoio te\u00f3rico e metodol\u00f3gico \u00e0 realiza\u00e7\u00e3o de um projeto de pesquisa e constitui um [&hellip;]<\/p>\n","protected":false},"author":7,"featured_media":0,"parent":0,"menu_order":0,"comment_status":"closed","ping_status":"closed","template":"","meta":{"footnotes":""},"class_list":["post-691","page","type-page","status-publish","hentry"],"_links":{"self":[{"href":"https:\/\/portal.uern.br\/fafic\/dge\/wp-json\/wp\/v2\/pages\/691","targetHints":{"allow":["GET"]}}],"collection":[{"href":"https:\/\/portal.uern.br\/fafic\/dge\/wp-json\/wp\/v2\/pages"}],"about":[{"href":"https:\/\/portal.uern.br\/fafic\/dge\/wp-json\/wp\/v2\/types\/page"}],"author":[{"embeddable":true,"href":"https:\/\/portal.uern.br\/fafic\/dge\/wp-json\/wp\/v2\/users\/7"}],"replies":[{"embeddable":true,"href":"https:\/\/portal.uern.br\/fafic\/dge\/wp-json\/wp\/v2\/comments?post=691"}],"version-history":[{"count":1,"href":"https:\/\/portal.uern.br\/fafic\/dge\/wp-json\/wp\/v2\/pages\/691\/revisions"}],"predecessor-version":[{"id":692,"href":"https:\/\/portal.uern.br\/fafic\/dge\/wp-json\/wp\/v2\/pages\/691\/revisions\/692"}],"wp:attachment":[{"href":"https:\/\/portal.uern.br\/fafic\/dge\/wp-json\/wp\/v2\/media?parent=691"}],"curies":[{"name":"wp","href":"https:\/\/api.w.org\/{rel}","templated":true}]}}