{"id":687,"date":"2023-11-13T08:00:35","date_gmt":"2023-11-13T11:00:35","guid":{"rendered":"https:\/\/portal.uern.br\/fafic\/dge\/?page_id=687"},"modified":"2024-10-23T10:00:54","modified_gmt":"2024-10-23T13:00:54","slug":"ensino","status":"publish","type":"page","link":"https:\/\/portal.uern.br\/fafic\/dge\/ensino\/","title":{"rendered":"Ensino"},"content":{"rendered":"<table style=\"width: 78.8846%;height: 1128px\">\n<tbody>\n<tr style=\"height: 66px\">\n<td style=\"width: 99.4485%;height: 66px\">\n<h4><strong>Projetos de Ensino\u00a0<\/strong><\/h4>\n<\/td>\n<\/tr>\n<tr>\n<td style=\"width: 99.4485%\">\n<h4><strong>2024<\/strong><\/h4>\n<\/td>\n<\/tr>\n<tr>\n<td style=\"width: 99.4485%\"><strong>T\u00edtulo do Projeto<\/strong>: &#8220;Territ\u00f3rio e cidadania, a geografia na poesia cordelista militante de Ant\u00f4nio Francisco&#8221;<\/p>\n<p><strong>Coordenador:<\/strong>\u00a0Jamilson Azevedo Soares<\/p>\n<hr \/>\n<p><strong>T\u00edtulo do Projeto<\/strong>: Estudos em Geografia F\u00edsica<\/p>\n<p><strong>Coordenador:<\/strong> Filipe da Silva Peixoto<\/p>\n<hr \/>\n<p><strong>T\u00edtulo do Projeto<\/strong>: GEOLeituras \u2013 p\u00e1gina 2<\/p>\n<p><strong>Coordenador:<\/strong> Maria Jos\u00e9 Costa Fernandes<\/td>\n<\/tr>\n<tr>\n<td style=\"width: 99.4485%\">\n<h4><strong>2023<\/strong><\/h4>\n<\/td>\n<\/tr>\n<tr>\n<td style=\"width: 99.4485%\"><strong>T\u00edtulo do Projeto<\/strong>: <span data-sheets-value=\"{&quot;1&quot;:2,&quot;2&quot;:&quot;GEOLeituras&quot;}\" data-sheets-userformat=\"{&quot;2&quot;:513,&quot;3&quot;:{&quot;1&quot;:0},&quot;12&quot;:0}\">GEOLeituras<\/span><\/p>\n<p><strong>Coordenador:<\/strong> <span data-sheets-value=\"{&quot;1&quot;:2,&quot;2&quot;:&quot;Maria Jos\u00e9 Costa Fernandes&quot;}\" data-sheets-userformat=\"{&quot;2&quot;:513,&quot;3&quot;:{&quot;1&quot;:0},&quot;12&quot;:0}\">Maria Jos\u00e9 Costa Fernandes<\/span><\/td>\n<\/tr>\n<tr>\n<td style=\"width: 99.4485%\">\n<h4><strong>2022<\/strong><\/h4>\n<\/td>\n<\/tr>\n<tr>\n<td style=\"width: 99.4485%\"><strong>T\u00edtulo do Projeto<\/strong>: <span data-sheets-value=\"{&quot;1&quot;:2,&quot;2&quot;:&quot;A LITERATURA COMO LINGUAGEM NO ENSINO DE GEOGRAFIA&quot;}\" data-sheets-userformat=\"{&quot;2&quot;:513,&quot;3&quot;:{&quot;1&quot;:0},&quot;12&quot;:0}\">A LITERATURA COMO LINGUAGEM NO ENSINO DE GEOGRAFIA<\/span><\/p>\n<p><strong>Coordenador:<\/strong>\u00a0Jamilson Azevedo Soares<\/p>\n<hr \/>\n<p><strong>T\u00edtulo do Projeto<\/strong>: <span data-sheets-value=\"{&quot;1&quot;:2,&quot;2&quot;:&quot;LINGUAGEM MUSICAL COMO METODOLOGIA ATIVA NO ENSINO DE GEOGRAFIA (SEGUNDA EDI\u00c7\u00c3O)&quot;}\" data-sheets-userformat=\"{&quot;2&quot;:513,&quot;3&quot;:{&quot;1&quot;:0},&quot;12&quot;:0}\">LINGUAGEM MUSICAL COMO METODOLOGIA ATIVA NO ENSINO DE GEOGRAFIA (SEGUNDA EDI\u00c7\u00c3O)<\/span><\/p>\n<p><strong>Coordenador:<\/strong> <span data-sheets-value=\"{&quot;1&quot;:2,&quot;2&quot;:&quot;Maria Jos\u00e9 Costa Fernandes&quot;}\" data-sheets-userformat=\"{&quot;2&quot;:513,&quot;3&quot;:{&quot;1&quot;:0},&quot;12&quot;:0}\">Maria Jos\u00e9 Costa Fernandes<\/span><\/p>\n<hr \/>\n<p><strong>T\u00edtulo do Projeto<\/strong>: <span data-sheets-value=\"{&quot;1&quot;:2,&quot;2&quot;:&quot;A LEITURA COTIDIANA DA CIDADE PARA ENSINO DE GEOGRAFIA&quot;}\" data-sheets-userformat=\"{&quot;2&quot;:513,&quot;3&quot;:{&quot;1&quot;:0},&quot;12&quot;:0}\">A LEITURA COTIDIANA DA CIDADE PARA ENSINO DE GEOGRAFIA<\/span><\/p>\n<p><strong>Coordenador:<\/strong>\u00a0Jos\u00e9lia Carvalho de Ara\u00fajo<\/td>\n<\/tr>\n<tr>\n<td style=\"width: 99.4485%\">\n<h4><strong>2021<\/strong><\/h4>\n<\/td>\n<\/tr>\n<tr>\n<td style=\"width: 99.4485%\"><strong>T\u00edtulo do Projeto<\/strong>:\u00a0Entre versos e rimas, a geografia na obra de ant\u00f4nio francisco<\/p>\n<p><strong>Coordenador:<\/strong>\u00a0Jamilson Azevedo Soares<\/p>\n<hr \/>\n<p><strong>T\u00edtulo do Projeto<\/strong>:\u00a0A Geografia de Armando Corr\u00eaa da Silva: pluralidades te\u00f3rico-metodol\u00f3gicas na an\u00e1lise do espa\u00e7o<\/p>\n<p><strong>Coordenador:<\/strong>\u00a0F\u00e1bio Ricardo Silva Beserra<\/p>\n<hr \/>\n<p><strong>T\u00edtulo do Projeto<\/strong>:\u00a0A leitura cotidiana da cidade para ensino de geografia<\/p>\n<p><strong>Coordenador:<\/strong>\u00a0Jos\u00e9lia Carvalho de Ara\u00fajo<\/p>\n<hr \/>\n<p><strong>T\u00edtulo do Projeto<\/strong>: <span data-sheets-value=\"{&quot;1&quot;:2,&quot;2&quot;:&quot;DO ENSINO AO ENSINO DE GEOGRAFIA&quot;}\" data-sheets-userformat=\"{&quot;2&quot;:513,&quot;3&quot;:{&quot;1&quot;:0},&quot;12&quot;:0}\">DO ENSINO AO ENSINO DE GEOGRAFIA<\/span><\/p>\n<p><strong>Coordenador:<\/strong>\u00a0Jos\u00e9lia Carvalho de Ara\u00fajo<\/p>\n<hr \/>\n<p><strong>T\u00edtulo do Projeto<\/strong>:\u00a0Linguagem musical como metodologia ativa no ensino de geografia<\/p>\n<p><strong>Coordenador:\u00a0<\/strong>Maria Jos\u00e9 Costa Fernandes<\/p>\n<hr \/>\n<p><strong>T\u00edtulo do Projeto<\/strong>:\u00a0Curso Preparat\u00f3rio para o ENADE do Curso de Licenciatura em Geografia. A Filosofia da Natureza no epicurismo antigo \u2013 2a. Edi\u00e7\u00e3o<\/p>\n<p><strong>Coordenador:\u00a0<\/strong>Otoniel Fernandes da Silva J\u00fanior<\/td>\n<\/tr>\n<tr style=\"height: 66px\">\n<td style=\"width: 99.4485%;height: 66px\">\n<h4><strong>2020<\/strong><\/h4>\n<\/td>\n<\/tr>\n<tr style=\"height: 186px\">\n<td style=\"width: 99.4485%;height: 186px\"><strong>T\u00edtulo do Projeto<\/strong>:\u00a0Geografia agr\u00e1ria contextualizada em can\u00e7\u00f5es<\/p>\n<p><strong>Coordenador:\u00a0<\/strong>Maria Jos\u00e9 Costa Fernandes<\/p>\n<hr \/>\n<p><strong>T\u00edtulo do Projeto<\/strong>:\u00a0Espa\u00e7o, urbaniza\u00e7\u00e3o e economia pol\u00edtica: leituras geogr\u00e1ficas<\/p>\n<p><strong>Coordenador:\u00a0<\/strong>F\u00e1bio Ricardo Silva Beserra<\/td>\n<\/tr>\n<tr style=\"height: 66px\">\n<td style=\"width: 99.4485%;height: 66px\">\n<h4><strong>2018<\/strong><\/h4>\n<\/td>\n<\/tr>\n<tr style=\"height: 92px\">\n<td style=\"width: 99.4485%;height: 92px\"><strong>T\u00edtulo do Projeto<\/strong>:\u00a0Estudo em Geografia F\u00edsica<\/p>\n<p><strong>Coordenador:\u00a0<\/strong>Filipe da Silva Peixoto<\/td>\n<\/tr>\n<\/tbody>\n<\/table>\n","protected":false},"excerpt":{"rendered":"<p>Projetos de Ensino\u00a0 2024 T\u00edtulo do Projeto: &#8220;Territ\u00f3rio e cidadania, a geografia na poesia cordelista militante de Ant\u00f4nio Francisco&#8221; Coordenador:\u00a0Jamilson Azevedo Soares T\u00edtulo do Projeto: Estudos em Geografia F\u00edsica Coordenador: Filipe da Silva Peixoto T\u00edtulo do Projeto: GEOLeituras \u2013 p\u00e1gina 2 Coordenador: Maria Jos\u00e9 Costa Fernandes 2023 T\u00edtulo do Projeto: GEOLeituras Coordenador: Maria Jos\u00e9 Costa [&hellip;]<\/p>\n","protected":false},"author":7,"featured_media":0,"parent":0,"menu_order":0,"comment_status":"closed","ping_status":"closed","template":"","meta":{"footnotes":""},"class_list":["post-687","page","type-page","status-publish","hentry"],"_links":{"self":[{"href":"https:\/\/portal.uern.br\/fafic\/dge\/wp-json\/wp\/v2\/pages\/687","targetHints":{"allow":["GET"]}}],"collection":[{"href":"https:\/\/portal.uern.br\/fafic\/dge\/wp-json\/wp\/v2\/pages"}],"about":[{"href":"https:\/\/portal.uern.br\/fafic\/dge\/wp-json\/wp\/v2\/types\/page"}],"author":[{"embeddable":true,"href":"https:\/\/portal.uern.br\/fafic\/dge\/wp-json\/wp\/v2\/users\/7"}],"replies":[{"embeddable":true,"href":"https:\/\/portal.uern.br\/fafic\/dge\/wp-json\/wp\/v2\/comments?post=687"}],"version-history":[{"count":4,"href":"https:\/\/portal.uern.br\/fafic\/dge\/wp-json\/wp\/v2\/pages\/687\/revisions"}],"predecessor-version":[{"id":931,"href":"https:\/\/portal.uern.br\/fafic\/dge\/wp-json\/wp\/v2\/pages\/687\/revisions\/931"}],"wp:attachment":[{"href":"https:\/\/portal.uern.br\/fafic\/dge\/wp-json\/wp\/v2\/media?parent=687"}],"curies":[{"name":"wp","href":"https:\/\/api.w.org\/{rel}","templated":true}]}}