{"id":685,"date":"2023-11-13T07:59:30","date_gmt":"2023-11-13T10:59:30","guid":{"rendered":"https:\/\/portal.uern.br\/fafic\/dge\/?page_id=685"},"modified":"2024-10-23T09:58:16","modified_gmt":"2024-10-23T12:58:16","slug":"extensao","status":"publish","type":"page","link":"https:\/\/portal.uern.br\/fafic\/dge\/extensao\/","title":{"rendered":"Extens\u00e3o"},"content":{"rendered":"<table>\n<tbody>\n<tr>\n<td>\n<h4><strong>Projetos de Extens\u00e3o<\/strong><\/h4>\n<\/td>\n<\/tr>\n<tr>\n<td>\n<h4><strong>2024<\/strong><\/h4>\n<\/td>\n<\/tr>\n<tr>\n<td><strong>T\u00edtulo do Projeto:<\/strong>Museu Virtual da Geodiversidade do Semi\u00e1rido Brasileiro &#8211; Segunda Edi\u00e7\u00e3o<strong><br \/>\nCoordenador(a):<\/strong>Prof. Robson Fernandes Filgueira<strong><br \/>\n<\/strong><\/p>\n<hr \/>\n<p><strong>T\u00edtulo do Projeto:<\/strong>&#8220;Geodi\u00e1logos com Egressos: conectando hist\u00f3rias, inspira\u00e7\u00f5es e saberes&#8221;<strong><br \/>\nCoordenador(a):\u00a0<\/strong>Prof. &#8220;Otoniel Fernandes da Silva J\u00fanior<\/td>\n<\/tr>\n<tr>\n<td>\n<h4><strong>2023<\/strong><\/h4>\n<\/td>\n<\/tr>\n<tr>\n<td><strong>T\u00edtulo do Projeto:<\/strong>Museu Virtual da Geodiversidade do Semi\u00e1rido Brasileiro<br \/>\n<strong>Coordenador(a):<\/strong> Prof. Robson Fernandes Filgueira<\/td>\n<\/tr>\n<tr>\n<td>\n<h4><strong>2022<\/strong><\/h4>\n<\/td>\n<\/tr>\n<tr>\n<td><strong>T\u00edtulo do Projeto: <\/strong>PLAYLIST GEOGR\u00c1FICA: a m\u00fasica como pr\u00e1tica educativa em Geografia no Ensino M\u00e9dio (faixa dois)<br \/>\n<strong>Coordenador(a):<\/strong>\u00a0Profa. Maria Jos\u00e9 Costa Fernandes<\/td>\n<\/tr>\n<tr>\n<td>\n<h4><strong>2021<\/strong><\/h4>\n<\/td>\n<\/tr>\n<tr>\n<td><strong>T\u00edtulo do Projeto:\u00a0<\/strong>PLAYLIST GEOGR\u00c1FICA: a m\u00fasica como pr\u00e1tica educativa em Geografia no Ensino M\u00e9dio<strong><br \/>\nCoordenador(a):\u00a0<\/strong>Profa. Maria Jos\u00e9 Costa Fernandes<strong><br \/>\n<\/strong><\/p>\n<hr \/>\n<p><strong>T\u00edtulo do Projeto:\u00a0<\/strong>Da leitura \u00e0 escrita, a constru\u00e7\u00e3o do conhecimento geogr\u00e1fico<strong><br \/>\nCoordenador(a):\u00a0<\/strong>Profa. Jos\u00e9lia Carvalho de Ara\u00fajo<strong><br \/>\n<\/strong><\/td>\n<\/tr>\n<tr>\n<td>\n<h4><strong>2020<\/strong><\/h4>\n<\/td>\n<\/tr>\n<tr>\n<td><strong>T\u00edtulo do Projeto:<\/strong>\u00a0Leitura coordenada de autores e conceitos na educa\u00e7\u00e3o geogr\u00e1fica<br \/>\n<strong>Coordenador(a):<\/strong> Profa. Jos\u00e9lia Carvalho de Ara\u00fajo<\/p>\n<hr \/>\n<p><strong>T\u00edtulo do Projeto:<\/strong>\u00a0Conversat\u00f3rio: di\u00e1logos sobre o mundo contempor\u00e2neo<br \/>\n<strong>Coordenador(a):\u00a0<\/strong>Prof. F\u00e1bio Ricardo Silva Beserra<\/td>\n<\/tr>\n<tr>\n<td>\n<h4><strong>2019<\/strong><\/h4>\n<\/td>\n<\/tr>\n<tr>\n<td><strong>T\u00edtulo do Projeto:<\/strong>\u00a0Produ\u00e7\u00e3o e tessituras do conhecimento entre a universidade e a escola<br \/>\n<strong>Coordenador(a):<\/strong> Profa. Jos\u00e9lia Carvalho de Ara\u00fajo<\/td>\n<\/tr>\n<tr>\n<td>\n<h4><strong>2018<\/strong><\/h4>\n<\/td>\n<\/tr>\n<tr>\n<td><strong>T\u00edtulo do Projeto:\u00a0<\/strong>Alfabetiza\u00e7\u00e3o cartogr\u00e1fica: o ensino da cartografia no ensino fundamental II<br \/>\n<strong>Coordenador(a):\u00a0<\/strong>Prof. Filipe da Silva Peixoto<\/td>\n<\/tr>\n<\/tbody>\n<\/table>\n","protected":false},"excerpt":{"rendered":"<p>Projetos de Extens\u00e3o 2024 T\u00edtulo do Projeto:Museu Virtual da Geodiversidade do Semi\u00e1rido Brasileiro &#8211; Segunda Edi\u00e7\u00e3o Coordenador(a):Prof. Robson Fernandes Filgueira T\u00edtulo do Projeto:&#8220;Geodi\u00e1logos com Egressos: conectando hist\u00f3rias, inspira\u00e7\u00f5es e saberes&#8221; Coordenador(a):\u00a0Prof. &#8220;Otoniel Fernandes da Silva J\u00fanior 2023 T\u00edtulo do Projeto:Museu Virtual da Geodiversidade do Semi\u00e1rido Brasileiro Coordenador(a): Prof. Robson Fernandes Filgueira 2022 T\u00edtulo do Projeto: [&hellip;]<\/p>\n","protected":false},"author":7,"featured_media":0,"parent":0,"menu_order":0,"comment_status":"closed","ping_status":"closed","template":"","meta":{"footnotes":""},"class_list":["post-685","page","type-page","status-publish","hentry"],"_links":{"self":[{"href":"https:\/\/portal.uern.br\/fafic\/dge\/wp-json\/wp\/v2\/pages\/685","targetHints":{"allow":["GET"]}}],"collection":[{"href":"https:\/\/portal.uern.br\/fafic\/dge\/wp-json\/wp\/v2\/pages"}],"about":[{"href":"https:\/\/portal.uern.br\/fafic\/dge\/wp-json\/wp\/v2\/types\/page"}],"author":[{"embeddable":true,"href":"https:\/\/portal.uern.br\/fafic\/dge\/wp-json\/wp\/v2\/users\/7"}],"replies":[{"embeddable":true,"href":"https:\/\/portal.uern.br\/fafic\/dge\/wp-json\/wp\/v2\/comments?post=685"}],"version-history":[{"count":4,"href":"https:\/\/portal.uern.br\/fafic\/dge\/wp-json\/wp\/v2\/pages\/685\/revisions"}],"predecessor-version":[{"id":930,"href":"https:\/\/portal.uern.br\/fafic\/dge\/wp-json\/wp\/v2\/pages\/685\/revisions\/930"}],"wp:attachment":[{"href":"https:\/\/portal.uern.br\/fafic\/dge\/wp-json\/wp\/v2\/media?parent=685"}],"curies":[{"name":"wp","href":"https:\/\/api.w.org\/{rel}","templated":true}]}}