{"id":680,"date":"2023-11-13T07:47:11","date_gmt":"2023-11-13T10:47:11","guid":{"rendered":"https:\/\/portal.uern.br\/fafic\/dge\/?page_id=680"},"modified":"2024-10-11T11:26:31","modified_gmt":"2024-10-11T14:26:31","slug":"pesquisas","status":"publish","type":"page","link":"https:\/\/portal.uern.br\/fafic\/dge\/pesquisas\/","title":{"rendered":"Pesquisas"},"content":{"rendered":"<table style=\"width: 100%;border-collapse: collapse;border-color: #000000;height: 1935px\">\n<tbody>\n<tr style=\"height: 65px\">\n<td style=\"width: 100%;height: 65px;background-color: #ede8e8\">\n<h3>Projetos de Pesquisa<\/h3>\n<\/td>\n<\/tr>\n<tr style=\"height: 65px\">\n<td style=\"width: 100%;height: 65px;background-color: #ffffff\">\n<h3><strong>PIBIC<\/strong><\/h3>\n<\/td>\n<\/tr>\n<tr style=\"height: 24px\">\n<td style=\"width: 100%;height: 24px;background-color: #ffffff\">\n<h3><strong>2024\/2025<\/strong><\/h3>\n<\/td>\n<\/tr>\n<tr style=\"height: 24px\">\n<td style=\"width: 100%;height: 24px;background-color: #ede8e8\"><strong>T\u00edtulo do Projeto:\u00a0<\/strong>Clima Semi\u00e1rido, Servi\u00e7os Ecossist\u00eamicos e O Potencial Mitigador da Caatinga Diante das Mudan\u00e7as Clim\u00e1ticas<\/p>\n<p><strong>Coordenador: <\/strong>Ana Luiza Bezerra da Costa Saraiva<\/td>\n<\/tr>\n<tr style=\"height: 24px\">\n<td style=\"width: 100%;height: 24px;background-color: #ede8e8\"><strong>T\u00edtulo do Projeto: <\/strong>An\u00e1lise do Conforto T\u00e9rmico Nas Escolas P\u00fablicas de Mossor\u00f3-RN<\/p>\n<p><strong>Coordenador: <\/strong>Ana Luiza Bezerra da Costa Saraiva<strong>\u00a0<\/strong><\/td>\n<\/tr>\n<tr style=\"height: 92px\">\n<td style=\"width: 100%;background-color: #ede8e8;height: 92px\"><strong>T\u00edtulo do Projeto: <\/strong>Geografias da Produ\u00e7\u00e3o, Distribui\u00e7\u00e3o e Circula\u00e7\u00e3o da Energia E\u00f3lica Nos Munic\u00edpios de S\u00e3o Bento do Norte e S\u00e3o Miguel do Gostoso (RN)<\/p>\n<p><strong>Coordenador:<\/strong> Fabio Ricardo Silva Beserra<strong>\u00a0<\/strong><\/td>\n<\/tr>\n<tr style=\"height: 92px\">\n<td style=\"width: 100%;background-color: #ede8e8;height: 92px\"><strong>T\u00edtulo do Projeto: <\/strong>Subs\u00eddios \u00c0 Conserva\u00e7\u00e3o do Aqu\u00edfero Costeiro No Munic\u00edpio de Grossos-RN<\/p>\n<p><strong>Coordenador:<\/strong> Filipe da Silva Peixoto<\/td>\n<\/tr>\n<tr style=\"height: 92px\">\n<td style=\"width: 100%;background-color: #ede8e8;height: 92px\"><strong>T\u00edtulo do Projeto: <\/strong>Cidadania Territorial Na Pr\u00e1xis Geogr\u00e1fica: Dimens\u00e3o Legal, Curricular e Pr\u00e1tica da Forma\u00e7\u00e3o Inicial de Geografia<\/p>\n<p><strong>Coordenador:<\/strong> Fl\u00e1via Spinelli Braga<\/td>\n<\/tr>\n<tr style=\"height: 92px\">\n<td style=\"width: 100%;background-color: #ede8e8;height: 92px\"><strong>T\u00edtulo do Projeto: <\/strong>Hansen\u00edase e Sua Rela\u00e7\u00e3o Com A Vulnerabilidade Socioambiental No Munic\u00edpio de Mossor\u00f3-RN<\/p>\n<p><strong>Coordenador:<\/strong> Gutemberg Henrique Dias<\/td>\n<\/tr>\n<tr style=\"height: 92px\">\n<td style=\"width: 100%;background-color: #ede8e8;height: 92px\"><strong>T\u00edtulo do Projeto: <\/strong>A Juventude e A Dimens\u00e3o Cultural Em Mossor\u00f3\/RN: O Direito \u00c0 Cultura, O Direito \u00c0 Cidade<\/p>\n<p><strong>Coordenador:<\/strong> Jamilson Azevedo Soares<\/td>\n<\/tr>\n<tr style=\"height: 92px\">\n<td style=\"width: 100%;background-color: #ede8e8;height: 92px\"><strong>T\u00edtulo do Projeto: <\/strong>O Plano Diretor do Munic\u00edpio de Mossor\u00f3-RN Como Instrumento Pol\u00edtico: Os Paradoxos da Gest\u00e3o Administrativa e A Neglig\u00eancia Ao Direito \u00c0 Cidade<\/p>\n<p><strong>Coordenador:<\/strong> Jionaldo Pereira de Oliveira<\/td>\n<\/tr>\n<tr style=\"height: 92px\">\n<td style=\"width: 100%;background-color: #ede8e8;height: 92px\"><strong>T\u00edtulo do Projeto: <\/strong>A Economia Pol\u00edtica da Cidade Na Aliena\u00e7\u00e3o Fiduci\u00e1ria de Coisa Im\u00f3vel No Programa Minha Casa Minha Vida Em Mossor\u00f3<\/p>\n<p><strong>Coordenador:<\/strong> Jos\u00e9 Alexandre Berto de Almada<\/td>\n<\/tr>\n<tr style=\"height: 92px\">\n<td style=\"width: 100%;background-color: #ede8e8;height: 92px\"><strong>T\u00edtulo do Projeto: <\/strong>O Urbano Em Mossor\u00f3 Sob A Perspectiva de Cidade Educadora<\/p>\n<p><strong>Coordenador:<\/strong> Jos\u00e9lia Carvalho de Ara\u00fajo<\/td>\n<\/tr>\n<tr style=\"height: 92px\">\n<td style=\"width: 100%;background-color: #ede8e8;height: 92px\"><strong>T\u00edtulo do Projeto: <\/strong>Terra Abandonada, Vida Renovada: Um Estudo da Diversidade Flor\u00edstica Em Terrenos Baldios Urbanos de Mossor\u00f3-RN<\/p>\n<p><strong>Coordenador:<\/strong> Robson Fernandes Filgueira<\/td>\n<\/tr>\n<tr style=\"height: 92px\">\n<td style=\"width: 100%;background-color: #ede8e8;height: 92px\"><strong>T\u00edtulo do Projeto: <\/strong>Terra Abandonada, Vida Renovada: Um Estudo da Diversidade Flor\u00edstica Em Terrenos Baldios Urbanos de Mossor\u00f3-RN<\/p>\n<p><strong>Coordenador:<\/strong> Robson Fernandes Filgueira<\/td>\n<\/tr>\n<tr style=\"height: 65px\">\n<td style=\"width: 100%;background-color: #ffffff;height: 65px\">\n<h3><strong>2023\/2024<\/strong><\/h3>\n<\/td>\n<\/tr>\n<tr style=\"height: 92px\">\n<td style=\"width: 100%;background-color: #ede8e8;height: 92px\"><strong>T\u00edtulo do Projeto: <\/strong>Usos da \u00c1gua Subterr\u00e2nea e Subs\u00eddios \u00c0 Conserva\u00e7\u00e3o do Aqu\u00edfero Costeiro No Munic\u00edpio de Tibau-RN<\/p>\n<p><strong>Coordenador:<\/strong> Filipe da Silva Peixoto<\/td>\n<\/tr>\n<tr style=\"height: 92px\">\n<td style=\"width: 100%;background-color: #ede8e8;height: 92px\"><strong>T\u00edtulo do Projeto: <\/strong>Energia E\u00f3lica e Economia Pol\u00edtica do Territ\u00f3rio Nos Munic\u00edpios de Areia Branca e Serra do Mel (RN)<\/p>\n<p><strong>Coordenador:<\/strong> Fabio Ricardo Silva Beserra<\/td>\n<\/tr>\n<tr style=\"height: 92px\">\n<td style=\"width: 100%;background-color: #ede8e8;height: 92px\"><strong>T\u00edtulo do Projeto: <\/strong>As Transforma\u00e7\u00f5es Urbanas e Os Espa\u00e7os P\u00fablicos Em Mossor\u00f3\/RN: Cen\u00e1rios da Utopia Em Fragmentos<\/p>\n<p><strong>Coordenador:<\/strong> Jamilson Azevedo Soares<\/td>\n<\/tr>\n<tr style=\"height: 52px\">\n<td style=\"width: 100%;background-color: #ede8e8;height: 52px\"><strong>T\u00edtulo do Projeto: <\/strong>O Plano Diretor do Munic\u00edpio de Mossor\u00f3-RN e A Gest\u00e3o Pol\u00edtica Espacial Urbana Contradit\u00f3ria: O Direito \u00c0 Cidade Em Discuss\u00e3o<\/p>\n<p><strong>Coordenador:<\/strong> Jionaldo Pereira de Oliveira<\/td>\n<\/tr>\n<tr>\n<td style=\"width: 100%;background-color: #ede8e8\"><strong>T\u00edtulo do Projeto: <\/strong>Entre Rampas e &#8220;rampas&#8221; No Urbano de Mossor\u00f3, O Desafio da Cidade Educadora<\/p>\n<p><strong>Coordenador:<\/strong> Jos\u00e9lia Carvalho de Ara\u00fajo<\/td>\n<\/tr>\n<tr>\n<td style=\"width: 100%;background-color: #ede8e8\"><strong>T\u00edtulo do Projeto: <\/strong>Mobilidade e Com\u00e9rcio: O Movimento dos Consumidores e As Suas Pr\u00e1ticas Espaciais Em Cidades M\u00e9dias \u2013 Mossor\u00f3-RN<\/p>\n<p><strong>Coordenador:<\/strong> Otoniel Fernandes da Silva J\u00fanior<\/td>\n<\/tr>\n<tr>\n<td style=\"width: 100%;background-color: #ede8e8\"><strong>T\u00edtulo do Projeto: <\/strong>Estudo Sobre O Assoreamento No Curso Inferior do Rio Apodi- Mossor\u00f3<\/p>\n<p><strong>Coordenador:<\/strong> Robson Fernandes Filgueira<\/td>\n<\/tr>\n<tr>\n<td style=\"width: 100%;background-color: #ede8e8\"><strong>T\u00edtulo do Projeto: <\/strong>Identifica\u00e7\u00e3o e An\u00e1lise da Eros\u00e3o Costeira No Litoral dos Munic\u00edpios de Tibau e Grosso, Estado do Rio Grande do Norte<\/p>\n<p><strong>Coordenador:<\/strong> Gutemberg Henrique Dias<\/td>\n<\/tr>\n<tr style=\"height: 24px\">\n<td style=\"width: 100%;height: 24px;background-color: #ffffff\">\n<h3><strong>PIBIC-AF<\/strong><\/h3>\n<\/td>\n<\/tr>\n<tr style=\"height: 24px\">\n<td style=\"width: 100%;height: 24px;background-color: #ffffff\">\n<h3><strong>2024\/2025<\/strong><\/h3>\n<\/td>\n<\/tr>\n<tr style=\"height: 24px\">\n<td style=\"width: 100%;height: 24px;background-color: #ede8e8\"><strong>T\u00edtulo do Projeto: <\/strong>An\u00e1lise do Conforto T\u00e9rmico Na UERN\/Campus Central<\/p>\n<p><strong>Coordenador:<\/strong> Ana Luiza Bezerra da Costa Saraiva<\/td>\n<\/tr>\n<tr style=\"height: 92px\">\n<td style=\"width: 100%;background-color: #ede8e8;height: 92px\"><strong>T\u00edtulo do Projeto: <\/strong>Sistema de Informa\u00e7\u00e3o Aplicado Ao Gerenciamento do Abastecimento de \u00c1gua Na Zona Rural do Munic\u00edpio de Mossor\u00f3<\/p>\n<p><strong>Coordenador:<\/strong> Filipe da Silva Peixoto<\/td>\n<\/tr>\n<tr style=\"height: 92px\">\n<td style=\"width: 100%;background-color: #ede8e8;height: 92px\"><strong>T\u00edtulo do Projeto: <\/strong>Profissionaliza\u00e7\u00e3o e A Constru\u00e7\u00e3o de Sua Identidade Docente A Partir das Trajet\u00f3rias Formativas dos Egressos do Curso de Licenciatura Em Geografia da Fafic-UERN<\/p>\n<p><strong>Coordenador:<\/strong> Otoniel Fernandes da Silva J\u00fanior<\/td>\n<\/tr>\n<tr style=\"height: 24px\">\n<td style=\"width: 100%;height: 24px;background-color: #ffffff\">\n<h3><strong>PIBIC-EM<\/strong><\/h3>\n<\/td>\n<\/tr>\n<tr style=\"height: 24px\">\n<td style=\"width: 100%;height: 24px;background-color: #ffffff\">\n<h3><strong>2024\/2025<\/strong><\/h3>\n<\/td>\n<\/tr>\n<tr style=\"height: 24px\">\n<td style=\"width: 100%;height: 24px;background-color: #ede8e8\"><strong>T\u00edtulo do Projeto: <\/strong>Avalia\u00e7\u00e3o do Conforto T\u00e9rmico Em Ambientes Educacionais: Um Estudo de Caso Em Escolas P\u00fablicas de Mossor\u00f3-RN<\/p>\n<p><strong>Coordenador:<\/strong> Ana Luiza Bezerra da Costa Saraiva<\/td>\n<\/tr>\n<tr style=\"height: 92px\">\n<td style=\"width: 100%;background-color: #ede8e8;height: 92px\"><strong>T\u00edtulo do Projeto: <\/strong>Mapas Colaborativos Digitais e Cidadania: O Uso do Google Maps Na Percep\u00e7\u00e3o dos Problemas Espaciais Urbanos Por Jovens Escolares da Rede P\u00fablica de Mossor\u00f3-RN<\/p>\n<p><strong>Coordenador:<\/strong> Otoniel Fernandes da Silva J\u00fanior<\/td>\n<\/tr>\n<tr>\n<td style=\"width: 100%;background-color: #fffffff\">\n<h3><strong>2023\/2024<\/strong><\/h3>\n<\/td>\n<\/tr>\n<tr>\n<td style=\"width: 100%;background-color: #ede8e8\"><strong>T\u00edtulo do Projeto: <\/strong>Pibid Geografia e Forma\u00e7\u00e3o de Professores: Vozes de Egressos da UERN<\/p>\n<p><strong>Coordenador:<\/strong> Maria Jose Costa Fernandes<\/td>\n<\/tr>\n<tr>\n<td style=\"width: 100%;background-color: #ede8e8\"><strong>T\u00edtulo do Projeto: <\/strong>Cidadania e Informa\u00e7\u00e3o: A Influ\u00eancia das Plataformas Digitais Na Percep\u00e7\u00e3o e Constru\u00e7\u00e3o do Espa\u00e7o Urbano Pelos Jovens.<\/p>\n<p><strong>Coordenador:<\/strong> Otoniel Fernandes da Silva J\u00fanior<\/td>\n<\/tr>\n<\/tbody>\n<\/table>\n","protected":false},"excerpt":{"rendered":"<p>Projetos de Pesquisa PIBIC 2024\/2025 T\u00edtulo do Projeto:\u00a0Clima Semi\u00e1rido, Servi\u00e7os Ecossist\u00eamicos e O Potencial Mitigador da Caatinga Diante das Mudan\u00e7as Clim\u00e1ticas Coordenador: Ana Luiza Bezerra da Costa Saraiva T\u00edtulo do Projeto: An\u00e1lise do Conforto T\u00e9rmico Nas Escolas P\u00fablicas de Mossor\u00f3-RN Coordenador: Ana Luiza Bezerra da Costa Saraiva\u00a0 T\u00edtulo do Projeto: Geografias da Produ\u00e7\u00e3o, Distribui\u00e7\u00e3o e [&hellip;]<\/p>\n","protected":false},"author":7,"featured_media":0,"parent":0,"menu_order":0,"comment_status":"closed","ping_status":"closed","template":"","meta":{"footnotes":""},"class_list":["post-680","page","type-page","status-publish","hentry"],"_links":{"self":[{"href":"https:\/\/portal.uern.br\/fafic\/dge\/wp-json\/wp\/v2\/pages\/680","targetHints":{"allow":["GET"]}}],"collection":[{"href":"https:\/\/portal.uern.br\/fafic\/dge\/wp-json\/wp\/v2\/pages"}],"about":[{"href":"https:\/\/portal.uern.br\/fafic\/dge\/wp-json\/wp\/v2\/types\/page"}],"author":[{"embeddable":true,"href":"https:\/\/portal.uern.br\/fafic\/dge\/wp-json\/wp\/v2\/users\/7"}],"replies":[{"embeddable":true,"href":"https:\/\/portal.uern.br\/fafic\/dge\/wp-json\/wp\/v2\/comments?post=680"}],"version-history":[{"count":15,"href":"https:\/\/portal.uern.br\/fafic\/dge\/wp-json\/wp\/v2\/pages\/680\/revisions"}],"predecessor-version":[{"id":927,"href":"https:\/\/portal.uern.br\/fafic\/dge\/wp-json\/wp\/v2\/pages\/680\/revisions\/927"}],"wp:attachment":[{"href":"https:\/\/portal.uern.br\/fafic\/dge\/wp-json\/wp\/v2\/media?parent=680"}],"curies":[{"name":"wp","href":"https:\/\/api.w.org\/{rel}","templated":true}]}}