{"id":678,"date":"2023-11-13T07:46:43","date_gmt":"2023-11-13T10:46:43","guid":{"rendered":"https:\/\/portal.uern.br\/fafic\/dge\/?page_id=678"},"modified":"2024-10-09T07:15:47","modified_gmt":"2024-10-09T10:15:47","slug":"grupos-de-pesquisa","status":"publish","type":"page","link":"https:\/\/portal.uern.br\/fafic\/dge\/grupos-de-pesquisa\/","title":{"rendered":"Grupos de Pesquisa"},"content":{"rendered":"<table>\n<tbody>\n<tr>\n<td>\n<h4><strong>GRUPO DE PESQUISA EM GEOGRAFIA FISICA DO SEMIARIDO (GEOFISA)<\/strong><\/h4>\n<\/td>\n<\/tr>\n<tr>\n<td><strong>Espelho do Grupo: <\/strong><a href=\"http:\/\/dgp.cnpq.br\/dgp\/espelhogrupo\/4607166219234836\">dgp.cnpq.br\/dgp\/espelhogrupo\/4607166219234836<\/a><\/td>\n<\/tr>\n<tr>\n<td><strong>Lider:<\/strong>\u00a0Prof. Dr. Filipe da Silva Peixoto<br \/>\n<strong>Vice lider:<\/strong>\u00a0Prof. Me. Gutemberg Henrique Dias<\/td>\n<\/tr>\n<tr>\n<td>O GEOFISA tem desenvolvido conhecimento cient\u00edfico sobre: a evolu\u00e7\u00e3o da paisagem no Nordeste Setentrional; e acesso e disponibilidade h\u00eddrica no Nordeste semi\u00e1rido e Riscos epidemiol\u00f3gicos e vulnerabilidades socioecon\u00f4micas. O Grupo de pesquisa tem desenvolvidos projetos institucionais que mereceram destaque nas ultimas premia\u00e7\u00f5es do SCTI\/UERN. Seus pesquisadores e estudantes t\u00eam publicado em revistas indexadas nacionais e internacionais, al\u00e9m de terem participado como conferencistas em importante eventos cient\u00edficos da \u00e1rea nos \u00faltimos anos. O Grupo tem formado recursos humanos por meio de projetos PIBIC, pesquisas de TCC ou Disserta\u00e7\u00f5es de mestrado em seu per\u00edodo de atua\u00e7\u00e3o, al\u00e9m de contribuir sobremaneira na investiga\u00e7\u00e3o cient\u00edfica dos recursos hidricos, paisagem e riscos socioambientais no semi\u00e1rido.<\/td>\n<\/tr>\n<tr>\n<td>\n<h4>Linhas de Pesquisa:<\/h4>\n<ul>\n<li>An\u00e1lise Integrada da Paisagem de Ambientes Semi\u00e1ridos e \u00c1reas Protegidas;<\/li>\n<li>Geoprocessamento, Hidrogeografia e Recursos H\u00eddricos do Semi\u00e1rido;<\/li>\n<li>Riscos ambientais e epidemiol\u00f3gicos, vulnerabilidade socioambiental e desastres.<\/li>\n<\/ul>\n<\/td>\n<\/tr>\n<\/tbody>\n<\/table>\n<hr \/>\n<table style=\"width: 100%;height: 436px\">\n<tbody>\n<tr style=\"height: 66px\">\n<td style=\"height: 66px\">\n<h4><strong>GRUPO DE PESQUISA EM EDUCA\u00c7\u00c3O GEOGR\u00c1FICA (GPEG)<\/strong><\/h4>\n<\/td>\n<\/tr>\n<tr style=\"height: 24px\">\n<td style=\"height: 24px\"><strong>Espelho do Grupo: <\/strong><a href=\"http:\/\/dgp.cnpq.br\/dgp\/espelhogrupo\/3319000996289232\">dgp.cnpq.br\/dgp\/espelhogrupo\/3319000996289232<\/a><\/td>\n<\/tr>\n<tr style=\"height: 48px\">\n<td style=\"height: 48px\"><strong>Lider:<\/strong>\u00a0Prof. Dra. Maria Jos\u00e9 Costa Fernandes<br \/>\n<strong>Vice lider:<\/strong>\u00a0Prof. Dr. Jamilson Azevedo Soares<\/td>\n<\/tr>\n<tr style=\"height: 144px\">\n<td style=\"height: 144px\">Ensino de Geografia \u00e9 o foco principal do GPEG. E nosso trabalho repercute diretamente nas Escolas de Ensino B\u00e1sico de Mossor\u00f3 e Regi\u00e3o, atrav\u00e9s das escolas campo de est\u00e1gio e dos programas formativos, realizando pesquisas no ambiente escolar e produzindo materiais did\u00e1ticos. As a\u00e7\u00f5es do GPEG t\u00eam contribu\u00eddo para uma significativa forma\u00e7\u00e3o dos alunos da Licenciatura em Geografia e para a forma\u00e7\u00e3o continuada dos professores nas escolas e na UERN. A pesquisa \u00e9 trabalhada de forma articulada \u00e0 dimens\u00e3o acad\u00eamica do ensino e da extens\u00e3o. Podemos destacar a articula\u00e7\u00e3o com as UCE e o PIBEX; j\u00e1 o ensino, merecem destaque as atividades do est\u00e1gio supervisionado, do TCC, e dos programas formativos como PIM, PEG e PIBID. Na dimens\u00e3o da pesquisa, docentes do grupo de pesquisa, tem participado anualmente da proposi\u00e7\u00e3o de projetos de pesquisa submetidos em editais de Fluxo Cont\u00ednuo, PIBIC e PIBIC EM. Dessa forma, as a\u00e7\u00f5es do GPEG t\u00eam contribu\u00eddo para a divulga\u00e7\u00e3o e populariza\u00e7\u00e3o da ci\u00eancia.<\/td>\n<\/tr>\n<tr style=\"height: 154px\">\n<td style=\"height: 154px\">\n<h4>Linhas de Pesquisa:<\/h4>\n<ul>\n<li>EDUCA\u00c7\u00c3O GEOGR\u00c1FICA E EPISTEMOLOGIA DO ENSINO DE GEOGRAFIA;<\/li>\n<li>EDUCA\u00c7\u00c3O GEOGR\u00c1FICA, CARTOGRAFIA ESCOLAR E NOVAS TECNOLOGIAS DA INFORMA\u00c7\u00c3O E COMUNICA\u00c7\u00c3O;<\/li>\n<li>EDUCA\u00c7\u00c3O GEOGR\u00c1FICA, FORMA\u00c7\u00c3O E PR\u00c1TICAS DOCENTES.<\/li>\n<\/ul>\n<\/td>\n<\/tr>\n<\/tbody>\n<\/table>\n<hr \/>\n<table>\n<tbody>\n<tr>\n<td>\n<h4><strong>GRUPO DE ESTUDOS URBANOS E REGIONAIS (GEUR)<\/strong><\/h4>\n<\/td>\n<\/tr>\n<tr>\n<td><strong>Espelho do Grupo: <\/strong><a href=\"http:\/\/dgp.cnpq.br\/dgp\/espelhogrupo\/4421977127138176\">dgp.cnpq.br\/dgp\/espelhogrupo\/4421977127138176<\/a><\/td>\n<\/tr>\n<tr>\n<td><strong>Lider:<\/strong> Prof. Dr. Jos\u00e9 Alexandre Berto de Almada<br \/>\n<strong>Vice lider:<\/strong> Prof. Dr. Jionaldo Pereira de Oliveira<\/td>\n<\/tr>\n<tr>\n<td>Atividades de pesquisa e orienta\u00e7\u00f5es dedicadas \u00e0s tem\u00e1ticas do espa\u00e7o urbano e do ensino de Geografia; o enfoque das escalas espaciais de abordagens s\u00e3o considera\u00e7\u00f5es importantes porque as dimens\u00f5es das quest\u00f5es e problemas investigados acontecem em diferentes perspectivas.<\/td>\n<\/tr>\n<tr>\n<td>\n<h4>Linhas de Pesquisa:<\/h4>\n<ul>\n<li>Defini\u00e7\u00f5es e din\u00e2micas dos espa\u00e7os urbano e regional;<\/li>\n<li>Espa\u00e7o Urbano: politicas publicas, planejamento e gest\u00e3o;<\/li>\n<li>Reprodu\u00e7\u00e3o socioespacial dos espa\u00e7os urbano e regional.<\/li>\n<\/ul>\n<\/td>\n<\/tr>\n<\/tbody>\n<\/table>\n","protected":false},"excerpt":{"rendered":"<p>GRUPO DE PESQUISA EM GEOGRAFIA FISICA DO SEMIARIDO (GEOFISA) Espelho do Grupo: dgp.cnpq.br\/dgp\/espelhogrupo\/4607166219234836 Lider:\u00a0Prof. Dr. Filipe da Silva Peixoto Vice lider:\u00a0Prof. Me. Gutemberg Henrique Dias O GEOFISA tem desenvolvido conhecimento cient\u00edfico sobre: a evolu\u00e7\u00e3o da paisagem no Nordeste Setentrional; e acesso e disponibilidade h\u00eddrica no Nordeste semi\u00e1rido e Riscos epidemiol\u00f3gicos e vulnerabilidades socioecon\u00f4micas. O Grupo [&hellip;]<\/p>\n","protected":false},"author":7,"featured_media":0,"parent":0,"menu_order":0,"comment_status":"closed","ping_status":"closed","template":"","meta":{"footnotes":""},"class_list":["post-678","page","type-page","status-publish","hentry"],"_links":{"self":[{"href":"https:\/\/portal.uern.br\/fafic\/dge\/wp-json\/wp\/v2\/pages\/678","targetHints":{"allow":["GET"]}}],"collection":[{"href":"https:\/\/portal.uern.br\/fafic\/dge\/wp-json\/wp\/v2\/pages"}],"about":[{"href":"https:\/\/portal.uern.br\/fafic\/dge\/wp-json\/wp\/v2\/types\/page"}],"author":[{"embeddable":true,"href":"https:\/\/portal.uern.br\/fafic\/dge\/wp-json\/wp\/v2\/users\/7"}],"replies":[{"embeddable":true,"href":"https:\/\/portal.uern.br\/fafic\/dge\/wp-json\/wp\/v2\/comments?post=678"}],"version-history":[{"count":4,"href":"https:\/\/portal.uern.br\/fafic\/dge\/wp-json\/wp\/v2\/pages\/678\/revisions"}],"predecessor-version":[{"id":913,"href":"https:\/\/portal.uern.br\/fafic\/dge\/wp-json\/wp\/v2\/pages\/678\/revisions\/913"}],"wp:attachment":[{"href":"https:\/\/portal.uern.br\/fafic\/dge\/wp-json\/wp\/v2\/media?parent=678"}],"curies":[{"name":"wp","href":"https:\/\/api.w.org\/{rel}","templated":true}]}}