{"id":651,"date":"2023-11-13T06:57:21","date_gmt":"2023-11-13T09:57:21","guid":{"rendered":"https:\/\/portal.uern.br\/fafic\/dge\/?page_id=651"},"modified":"2024-11-08T07:19:43","modified_gmt":"2024-11-08T10:19:43","slug":"corpo-docente","status":"publish","type":"page","link":"https:\/\/portal.uern.br\/fafic\/dge\/corpo-docente\/","title":{"rendered":"Corpo Docente"},"content":{"rendered":"<table style=\"border-collapse: collapse;width: 100%;height: 403px\">\n<tbody>\n<tr style=\"height: 196px\">\n<td style=\"width: 12.8716%;height: 187px\"><img fetchpriority=\"high\" decoding=\"async\" class=\"aligncenter wp-image-659 size-medium\" src=\"https:\/\/portal.uern.br\/fafic\/dge\/wp-content\/uploads\/sites\/12\/2023\/11\/ana-300x300.jpg\" alt=\"\" width=\"300\" height=\"300\" srcset=\"https:\/\/portal.uern.br\/fafic\/dge\/wp-content\/uploads\/sites\/12\/2023\/11\/ana-300x300.jpg 300w, https:\/\/portal.uern.br\/fafic\/dge\/wp-content\/uploads\/sites\/12\/2023\/11\/ana-150x150.jpg 150w, https:\/\/portal.uern.br\/fafic\/dge\/wp-content\/uploads\/sites\/12\/2023\/11\/ana.jpg 640w\" sizes=\"(max-width: 300px) 100vw, 300px\" \/><\/td>\n<td style=\"width: 87.1284%;height: 187px\"><strong>Prof\u00aa. Ana Luiza Bezerra da Costa Saraiva<\/strong><\/p>\n<p>Possui gradua\u00e7\u00e3o em Geografia (Licenciatura Plena) pela Universidade do Estado do Rio Grande do Norte (2008), Especializa\u00e7\u00e3o em Geografia e Gest\u00e3o Ambiental pela Faculdades Integradas de Patos (2011) e Mestrado em Geografia pela Universidade Federal do Esp\u00edrito Santo (2014). Doutoranda em Geografia pela UFRN. Atualmente \u00e9 professora assistente da Universidade do Estado do Rio Grande do Norte, Curso Geografia\/FAFIC\/Mossor\u00f3. Tem experi\u00eancia na \u00e1rea de Geografia, com \u00eanfase em Climatologia Geogr\u00e1fica; Clima Urbano; Conforto t\u00e9rmico e sa\u00fade em locais Semi\u00e1rido; e Mudan\u00e7as Clim\u00e1ticas Globais (ODS 11; ODS 13 e ODS 3); \u00c1reas Protegidas, Unidades de Conserva\u00e7\u00e3o e Servi\u00e7os Ecossist\u00eamicos (ODS 11, ODS 13 e ODS 15); Educa\u00e7\u00e3o Ambiental e Inclus\u00e3o (ODS 4). \u00c9 terapeuta integrativa e Membro do N\u00facleo de Pr\u00e1ticas Integravas e Complementares em Sa\u00fade &#8211; NUPISC\/UERN (ODS 3). Desde 2017, \u00e9 membro do Conselho Consultivo da Floresta Nacional de A\u00e7u &#8211; FLONA de A\u00e7u. Desde de 2023, \u00e9 membro do FFF Mossor\u00f3 (Fridays For Future \/ Greve Pelo Clima)<\/p>\n<p><a title=\"CURR\u00cdCULO LATTES\" href=\"http:\/\/lattes.cnpq.br\/4801477643378732\">Plataforma Lattes<\/a><\/p>\n<p>anasaraiva@uern.br<\/td>\n<\/tr>\n<tr style=\"height: 24px\">\n<td style=\"width: 12.8716%;height: 24px\"><img decoding=\"async\" class=\"aligncenter wp-image-652 size-medium\" src=\"https:\/\/portal.uern.br\/fafic\/dge\/wp-content\/uploads\/sites\/12\/2023\/11\/fabio-300x292.jpg\" alt=\"\" width=\"300\" height=\"292\" srcset=\"https:\/\/portal.uern.br\/fafic\/dge\/wp-content\/uploads\/sites\/12\/2023\/11\/fabio-300x292.jpg 300w, https:\/\/portal.uern.br\/fafic\/dge\/wp-content\/uploads\/sites\/12\/2023\/11\/fabio-768x748.jpg 768w, https:\/\/portal.uern.br\/fafic\/dge\/wp-content\/uploads\/sites\/12\/2023\/11\/fabio.jpg 878w\" sizes=\"(max-width: 300px) 100vw, 300px\" \/><\/td>\n<td style=\"width: 87.1284%;height: 24px\"><strong>Prof. F\u00e1bio Ricardo Silva Beserra<\/strong><\/p>\n<p>Possui gradua\u00e7\u00e3o em Geografia pela Universidade Estadual do Cear\u00e1 (2004), mestrado (2007) e doutorado (2017) em Geografia pela Universidade Estadual do Cear\u00e1. Atualmente \u00e9 professor do Departamento de Geografia da Universidade do Estado do Rio Grande do Norte (UERN\/Campus Mossor\u00f3) e professor permanente do Programa de P\u00f3s-gradua\u00e7\u00e3o em Geografia da UERN. \u00c9 membro do Laborat\u00f3rio de Estudos Costeiros e \u00c1reas Protegidas (LECAP) e do Observat\u00f3rio da Energia E\u00f3lica. Tem experi\u00eancia na \u00e1rea de Geografia, com \u00eanfase em Geografia Econ\u00f4mica, Geografia Pol\u00edtica e Ecologia Pol\u00edtica.<\/p>\n<p><a title=\"CURR\u00cdCULO LATTES\" href=\"http:\/\/buscatextual.cnpq.br\/buscatextual\/visualizacv.do?id=W357046\">Plataforma Lattes<\/a><\/p>\n<p>fabioricardo@uern.br<\/td>\n<\/tr>\n<tr style=\"height: 24px\">\n<td style=\"width: 12.8716%;height: 24px\"><img decoding=\"async\" class=\"aligncenter wp-image-656 size-medium\" src=\"https:\/\/portal.uern.br\/fafic\/dge\/wp-content\/uploads\/sites\/12\/2023\/11\/filipe-290x300.jpg\" alt=\"\" width=\"290\" height=\"300\" srcset=\"https:\/\/portal.uern.br\/fafic\/dge\/wp-content\/uploads\/sites\/12\/2023\/11\/filipe-290x300.jpg 290w, https:\/\/portal.uern.br\/fafic\/dge\/wp-content\/uploads\/sites\/12\/2023\/11\/filipe-768x794.jpg 768w, https:\/\/portal.uern.br\/fafic\/dge\/wp-content\/uploads\/sites\/12\/2023\/11\/filipe.jpg 830w\" sizes=\"(max-width: 290px) 100vw, 290px\" \/><\/td>\n<td style=\"width: 87.1284%;height: 24px\"><strong>Prof. Filipe da Silva Peixoto<\/strong><\/p>\n<p>Ge\u00f3grafo, mestre e doutor em Hidrogeologia e Gest\u00e3o de Recursos H\u00eddricos (UFC). \u00c9 professor do Departamento de Geografia da UERN e professor permanente dos Programas de P\u00f3s-Gradua\u00e7\u00e3o em Geografia (PPGEO) e em Ci\u00eancias Naturais (PPGCN) da UERN. Tem experi\u00eancia em estudos integrados em Hidrogeografia e Hidrogeologia, atuando principalmente nos seguintes temas: gest\u00e3o de recursos h\u00eddricos no semi\u00e1rido, \u00e1guas urbanas, geoprocessamento aplicado aos recursos h\u00eddricos e \u00e0 qualidade sanit\u00e1ria, seguran\u00e7a h\u00eddrica e conflitos pelo uso da \u00e1gua.<\/p>\n<p><a href=\"http:\/\/buscatextual.cnpq.br\/buscatextual\/visualizacv.do?id=K4401815Y6\" target=\"_blank\" rel=\"noopener\">Plataforma Lattes<\/a><\/p>\n<p>felipepeixoto@uern.br<\/td>\n<\/tr>\n<tr style=\"height: 24px\">\n<td style=\"width: 12.8716%;height: 24px\"><img loading=\"lazy\" decoding=\"async\" class=\"aligncenter wp-image-657 size-medium\" src=\"https:\/\/portal.uern.br\/fafic\/dge\/wp-content\/uploads\/sites\/12\/2023\/11\/flavia-225x300.jpg\" alt=\"\" width=\"225\" height=\"300\" srcset=\"https:\/\/portal.uern.br\/fafic\/dge\/wp-content\/uploads\/sites\/12\/2023\/11\/flavia-225x300.jpg 225w, https:\/\/portal.uern.br\/fafic\/dge\/wp-content\/uploads\/sites\/12\/2023\/11\/flavia-768x1024.jpg 768w, https:\/\/portal.uern.br\/fafic\/dge\/wp-content\/uploads\/sites\/12\/2023\/11\/flavia-1152x1536.jpg 1152w, https:\/\/portal.uern.br\/fafic\/dge\/wp-content\/uploads\/sites\/12\/2023\/11\/flavia-1536x2048.jpg 1536w, https:\/\/portal.uern.br\/fafic\/dge\/wp-content\/uploads\/sites\/12\/2023\/11\/flavia-scaled.jpg 1920w\" sizes=\"(max-width: 225px) 100vw, 225px\" \/><\/td>\n<td style=\"width: 87.1284%;height: 24px\"><strong>Prof\u00aa. Fl\u00e1via Spinelli Braga<\/strong><\/p>\n<p>Licenciada em Geografia pela UDESC, petiana pela CAPES. Mestrado em Geografia pela UMESP, sendo bolsista CNPQ, na \u00e1rea de epistemologia e ensino da geografia. Doutora em Geografia pelo IGOT\/Universidade de Lisboa, com a tese: a cidadania territorial na forma\u00e7\u00e3o inicial de professores de geografia em universidades portuguesas e brasileiras. Atuou na educa\u00e7\u00e3o b\u00e1sica p\u00fablica e privada das s\u00e9ries finais e ensino m\u00e9dio por 10 anos, desde 2008 \u00e9 professora pes 03-8, da universidade do Estado do Rio Grande do Norte, com pesquisa nas \u00e1reas de ensino de geografia, forma\u00e7\u00e3o inicial , escola cidad\u00e3 e cidadania nas quest\u00f5es de g\u00eanero . Foi avaliadora e coordenadora do PNLD Geografia em todos os n\u00edveis da educa\u00e7\u00e3o b\u00e1sica de 2016 a 2023. Professora permanente do mestrado em Servi\u00e7o Social e Direitos Sociais &#8211; UERN, membro do grupo de estudos e pesquisa das rela\u00e7\u00f5es sociais de g\u00eanero e feminismo e do grupo de estudos e pesquisa em ensino de geografia do DGE\/campus central. Na extens\u00e3o atua no LEFREIRE\/UERN no NEM (n\u00facleo de estudos feministas Simone de Beauvoir). \u00c9 professora do departamento de geografia da faculdade de filosofia e ciencias sociais da UERN.<\/p>\n<p><a href=\"http:\/\/lattes.cnpq.br\/4228931904178712\" target=\"_blank\" rel=\"noopener\">Plataforma Lattes<\/a><\/p>\n<p>flaviaspinelli@uern.br<\/td>\n<\/tr>\n<tr style=\"height: 24px\">\n<td style=\"width: 12.8716%;height: 24px\"><img loading=\"lazy\" decoding=\"async\" class=\"alignnone wp-image-660 size-medium\" src=\"https:\/\/portal.uern.br\/fafic\/dge\/wp-content\/uploads\/sites\/12\/2023\/11\/gutemberg-300x300.jpeg\" alt=\"\" width=\"300\" height=\"300\" srcset=\"https:\/\/portal.uern.br\/fafic\/dge\/wp-content\/uploads\/sites\/12\/2023\/11\/gutemberg-300x300.jpeg 300w, https:\/\/portal.uern.br\/fafic\/dge\/wp-content\/uploads\/sites\/12\/2023\/11\/gutemberg-1024x1024.jpeg 1024w, https:\/\/portal.uern.br\/fafic\/dge\/wp-content\/uploads\/sites\/12\/2023\/11\/gutemberg-150x150.jpeg 150w, https:\/\/portal.uern.br\/fafic\/dge\/wp-content\/uploads\/sites\/12\/2023\/11\/gutemberg-768x768.jpeg 768w, https:\/\/portal.uern.br\/fafic\/dge\/wp-content\/uploads\/sites\/12\/2023\/11\/gutemberg.jpeg 1080w\" sizes=\"(max-width: 300px) 100vw, 300px\" \/><\/td>\n<td style=\"width: 87.1284%;height: 24px\"><strong>Prof. Gutemberg Henrique Dias<\/strong><\/p>\n<p>Graduado em Geografia, doutorando em Geografia, mestre em Ci\u00eancias Naturais e T\u00e9cnico em Geologia. Atualmente \u00e9 Professor e chefe do Departamento de Geografia (UERN) e Conselheiro do Conselho Diretor da FUERN. J\u00e1 exerceu a fun\u00e7\u00e3o de Conselheiro do CREA-RN, Conselheiro da FNQ, Coordenador Adjunto Nacional da C\u00e2mara de Geologia e Minas (Confea), Secret\u00e1rio de Planejamento do Munic\u00edpio de Mossor\u00f3 e Presidente da Redepetro RN. Tem experi\u00eancia na \u00e1rea de Geoci\u00eancias, com \u00eanfase em geologia e geografia, atuando principalmente nos seguintes temas: meio ambiente, geologia, geoprocessamento, geomorfologia costeira e geografia da sa\u00fade.<\/p>\n<p><a title=\"CURR\u00cdCULO LATTES\" href=\"http:\/\/lattes.cnpq.br\/6967204401614554\">Plataforma Lattes<\/a><\/p>\n<p>gutembergdias@uern.br<\/td>\n<\/tr>\n<tr style=\"height: 24px\">\n<td style=\"width: 12.8716%;height: 24px\"><img loading=\"lazy\" decoding=\"async\" class=\"alignnone wp-image-662 size-medium\" src=\"https:\/\/portal.uern.br\/fafic\/dge\/wp-content\/uploads\/sites\/12\/2023\/11\/WhatsApp-Image-2023-11-13-at-07.23.35-300x300.jpeg\" alt=\"\" width=\"300\" height=\"300\" srcset=\"https:\/\/portal.uern.br\/fafic\/dge\/wp-content\/uploads\/sites\/12\/2023\/11\/WhatsApp-Image-2023-11-13-at-07.23.35-300x300.jpeg 300w, https:\/\/portal.uern.br\/fafic\/dge\/wp-content\/uploads\/sites\/12\/2023\/11\/WhatsApp-Image-2023-11-13-at-07.23.35-1024x1019.jpeg 1024w, https:\/\/portal.uern.br\/fafic\/dge\/wp-content\/uploads\/sites\/12\/2023\/11\/WhatsApp-Image-2023-11-13-at-07.23.35-150x150.jpeg 150w, https:\/\/portal.uern.br\/fafic\/dge\/wp-content\/uploads\/sites\/12\/2023\/11\/WhatsApp-Image-2023-11-13-at-07.23.35.jpeg 1080w\" sizes=\"(max-width: 300px) 100vw, 300px\" \/><\/td>\n<td style=\"width: 87.1284%;height: 24px\"><strong>Prof. Jamilson Azevedo Soares<\/strong><\/p>\n<p>Possui gradua\u00e7\u00e3o em ci\u00eancias econ\u00f4micas pela Universidade Federal do Rio Grande do Norte (1984), gradua\u00e7\u00e3o em geografia (L) pela Universidade Federal do Rio Grande do Norte (1994), mestrado em Ci\u00eancias Sociais pela Universidade Federal do Rio Grande do Norte (1999) e doutorado em Geografia pela Universidade Federal de Pernambuco (2015). Atualmente \u00e9 professor da Universidade do Estado do Rio Grande do Norte. Tem experi\u00eancia na \u00e1rea de Geografia, com \u00eanfase em Geografia Humana, atuando principalmente nos seguintes temas: modernidade, renova\u00e7\u00e3o urbana, paisagem urbana, espa\u00e7o p\u00fablico, juventude, cultura, lazer, pol\u00edtica; e na \u00e1rea de ensino, abordando ensino e pr\u00e1tica docente, ensino e g\u00eanero, cultura e ensino.<\/p>\n<p><a title=\"CURR\u00cdCULO LATTES\" href=\"http:\/\/lattes.cnpq.br\/9293436339423301\">Plataforma Lattes<\/a><\/p>\n<p>jamilsonsoares@uern.br<\/td>\n<\/tr>\n<tr style=\"height: 24px\">\n<td style=\"width: 12.8716%;height: 24px\"><img loading=\"lazy\" decoding=\"async\" class=\"alignnone size-medium wp-image-663\" src=\"https:\/\/portal.uern.br\/fafic\/dge\/wp-content\/uploads\/sites\/12\/2023\/11\/WhatsApp-Image-2023-11-13-at-07.23.20-297x300.jpeg\" alt=\"\" width=\"297\" height=\"300\" srcset=\"https:\/\/portal.uern.br\/fafic\/dge\/wp-content\/uploads\/sites\/12\/2023\/11\/WhatsApp-Image-2023-11-13-at-07.23.20-297x300.jpeg 297w, https:\/\/portal.uern.br\/fafic\/dge\/wp-content\/uploads\/sites\/12\/2023\/11\/WhatsApp-Image-2023-11-13-at-07.23.20-1013x1024.jpeg 1013w, https:\/\/portal.uern.br\/fafic\/dge\/wp-content\/uploads\/sites\/12\/2023\/11\/WhatsApp-Image-2023-11-13-at-07.23.20-768x777.jpeg 768w, https:\/\/portal.uern.br\/fafic\/dge\/wp-content\/uploads\/sites\/12\/2023\/11\/WhatsApp-Image-2023-11-13-at-07.23.20.jpeg 1080w\" sizes=\"(max-width: 297px) 100vw, 297px\" \/><\/td>\n<td style=\"width: 87.1284%;height: 24px\"><strong>Prof. Jionaldo Pereira de Oliveira\u00a0<\/strong><\/p>\n<p>Doutor em Geografia pela Universidade Federal do Cear\u00e1 (UFC). Atualmente \u00e9 Professor Adjunto da Universidade do Estado do Rio Grande do Norte (UERN), Campus Central, Mossor\u00f3-RN. Atua em grupo de pesquisa, tendo atividades principalmente nos seguintes temas: espa\u00e7o geogr\u00e1fico, espa\u00e7o urbano, metodologia da geografia, territ\u00f3rio, meio ambiente e produ\u00e7\u00e3o econ\u00f4mica.<\/p>\n<p><a href=\"http:\/\/lattes.cnpq.br\/9827275829609198\">Plataforma Lattes<\/a><\/p>\n<p>jionaldooliveira@uern.br<\/td>\n<\/tr>\n<tr style=\"height: 24px\">\n<td style=\"width: 12.8716%;height: 24px\"><img loading=\"lazy\" decoding=\"async\" class=\"alignnone size-medium wp-image-664\" src=\"https:\/\/portal.uern.br\/fafic\/dge\/wp-content\/uploads\/sites\/12\/2023\/11\/ale-261x300.jpg\" alt=\"\" width=\"261\" height=\"300\" srcset=\"https:\/\/portal.uern.br\/fafic\/dge\/wp-content\/uploads\/sites\/12\/2023\/11\/ale-261x300.jpg 261w, https:\/\/portal.uern.br\/fafic\/dge\/wp-content\/uploads\/sites\/12\/2023\/11\/ale.jpg 365w\" sizes=\"(max-width: 261px) 100vw, 261px\" \/><\/td>\n<td style=\"width: 87.1284%;height: 24px\"><strong>Prof. Jos\u00e9 Alexandre Berto de Almada<\/strong><\/p>\n<p>Possui gradua\u00e7\u00e3o em Licenciatura plena em Geografia pelo Instituto Federal de Educa\u00e7\u00e3o, Ci\u00eancia e Tecnologia do Rio Grande do Norte (IFRN, 2012), Mestrado em Geografia pela Universidade Federal do Rio Grande do Norte (UFRN, 2015), Doutorado em Geografia pela Universidade Federal de Pernambuco (UFPE, 2021) e P\u00f3s-doutorando do Programa de P\u00f3s-Gradua\u00e7\u00e3o em Geografia da Universidade Estadual Paulista &#8220;J\u00falio de Mesquita Filho&#8221; (Unesp), campus Presidente Prudente (2024). \u00c9 professor adjunto da Universidade do Estado do Rio Grande do Norte (UERN), desde 2019, vinculado ao Departamento de Geografia (DGE\/FAFIC), onde exerce a fun\u00e7\u00e3o de subchefe, e ao Programa de P\u00f3s-Gradua\u00e7\u00e3o em Geografia (PPGEO\/FACEM) como professor permanente. L\u00edder do Grupo de Pesquisa em Estudos Urbanos e Regionais. Atua na \u00e1rea de Geografia Urbana, Geografia Econ\u00f4mica, Geografia do Turismo e Economia Pol\u00edtica da Cidade.<\/p>\n<p><a href=\"http:\/\/lattes.cnpq.br\/3865434711017222\">Plataforma Lattes<\/a><\/p>\n<p>josealmada@uern.br<\/td>\n<\/tr>\n<tr style=\"height: 24px\">\n<td style=\"width: 12.8716%;height: 24px\"><img loading=\"lazy\" decoding=\"async\" class=\"alignnone size-full wp-image-665\" src=\"https:\/\/portal.uern.br\/fafic\/dge\/wp-content\/uploads\/sites\/12\/2023\/11\/joselia.jpg\" alt=\"\" width=\"203\" height=\"243\" \/><\/td>\n<td style=\"width: 87.1284%;height: 24px\"><strong>Profa. Jos\u00e9lia Carvalho de Ara\u00fajo<\/strong><\/p>\n<p>Gradua\u00e7\u00e3o em Geografia: Licenciatura (1992) e Bacharelado, habilita\u00e7\u00e3o em Planejamento Regional (1994); Mestrado em Geografia, \u00e1rea de concentra\u00e7\u00e3o &#8220;Din\u00e2mica e Reestrutura\u00e7\u00e3o do Territ\u00f3rio&#8221; (2004); Doutorado em Geografia, \u00e1rea de concentra\u00e7\u00e3o &#8220;Din\u00e2mica Socioambiental e Reestrutura\u00e7\u00e3o do Territ\u00f3rio&#8221;, linha de pesquisa &#8220;Din\u00e2mica Urbana e Regional&#8221; (2017), pela UFRN. \u00c9 professora do Departamento de Geografia, Campus Central, Mossor\u00f3, UERN. Professora permanente do POSENSINO (UERN\/UFERSA\/IFRN). Atua em Geografia Humana, com: geografia urbana; planejamento urbanorregional; centralidade urbana; em Ensino de Geografia, com: educa\u00e7\u00e3o geogr\u00e1fica inclusiva; constru\u00e7\u00e3o do conhecimento; avalia\u00e7\u00e3o da aprendizagem; pesquisa na educa\u00e7\u00e3o b\u00e1sica; planejamento e registro de aula; epistemologia da pr\u00e1tica docente. Tem experi\u00eancia tamb\u00e9m na \u00e1rea de comunica\u00e7\u00e3o, atuando junto ao N\u00facleo de Comunica\u00e7\u00e3o da Arquidiocese de Natal.<\/p>\n<p><a title=\"curr\u00edculo lattes\" href=\"http:\/\/buscatextual.cnpq.br\/buscatextual\/visualizacv.do?id=C100851\">Plataforma Lattes<\/a><\/p>\n<p>joseliacarvalho@uern.br<\/td>\n<\/tr>\n<tr style=\"height: 24px\">\n<td style=\"width: 12.8716%;height: 24px\"><img loading=\"lazy\" decoding=\"async\" class=\"alignnone wp-image-666 size-medium\" src=\"https:\/\/portal.uern.br\/fafic\/dge\/wp-content\/uploads\/sites\/12\/2023\/11\/maria-260x300.jpg\" alt=\"\" width=\"260\" height=\"300\" srcset=\"https:\/\/portal.uern.br\/fafic\/dge\/wp-content\/uploads\/sites\/12\/2023\/11\/maria-260x300.jpg 260w, https:\/\/portal.uern.br\/fafic\/dge\/wp-content\/uploads\/sites\/12\/2023\/11\/maria.jpg 350w\" sizes=\"(max-width: 260px) 100vw, 260px\" \/><\/td>\n<td style=\"width: 87.1284%;height: 24px\"><strong>Profa. Maria Jos\u00e9 Costa Fernandes<\/strong><\/p>\n<p>Possui gradua\u00e7\u00e3o em Geografia Licenciatura pela Universidade Federal do Rio Grande do Norte (2002), mestrado em Geografia pela Universidade Federal do Rio Grande do Norte (2005) e doutorado em Geografia pela Universidade Federal de Pernambuco (2020). Atualmente \u00e9 professora do Departamento de Geografia da Universidade do Estado do Rio Grande do Norte, atuando nas \u00e1reas de Geografia Humana e Ensino de Geografia. Tem experi\u00eancia na \u00e1rea de Geografia, com \u00eanfase em Geografia Humana e Ensino, atuando principalmente nos seguintes temas: geografia, ensino de geografia, forma\u00e7\u00e3o de professores, est\u00e1gio supervisionado, reforma agr\u00e1ria e educa\u00e7\u00e3o do campo.<\/p>\n<p><a title=\"CURR\u00cdCULO LATTES\" href=\"http:\/\/lattes.cnpq.br\/1187484706775038\">Plataforma Lattes<\/a><\/p>\n<p>mariacosta@uern.br<\/td>\n<\/tr>\n<tr>\n<td style=\"width: 12.8716%\"><img loading=\"lazy\" decoding=\"async\" class=\"alignnone size-full wp-image-909\" src=\"https:\/\/portal.uern.br\/fafic\/dge\/wp-content\/uploads\/sites\/12\/2024\/10\/s200_maria_los_ngela_martins_de.souza_.jpeg\" alt=\"\" width=\"200\" height=\"200\" srcset=\"https:\/\/portal.uern.br\/fafic\/dge\/wp-content\/uploads\/sites\/12\/2024\/10\/s200_maria_los_ngela_martins_de.souza_.jpeg 200w, https:\/\/portal.uern.br\/fafic\/dge\/wp-content\/uploads\/sites\/12\/2024\/10\/s200_maria_los_ngela_martins_de.souza_-150x150.jpeg 150w\" sizes=\"(max-width: 200px) 100vw, 200px\" \/><\/td>\n<td style=\"width: 87.1284%\"><strong>Profa. Maria Losangela Martins de Sousa<\/strong><\/p>\n<p>Possui doutorado em Geografia pela Universidade Federal do Cear\u00e1 (2016), mestrado em Geografia pela Universidade Federal do Cear\u00e1 (2012) e gradua\u00e7\u00e3o em Geografia pela Universidade Estadual do Cear\u00e1 (2009). Atualmente \u00e9 professora Adjunta do departamento de Geografia da Universidade do Estado do Rio Grande do Norte, Professora permanente e Vice-coordenadora do Programa de P\u00f3s-Gradua\u00e7\u00e3o em Planejamento e Din\u00e2micas Territoriais no Semi\u00e1rido (PLANDITES) da Universidade do Estado do Rio Grande do Norte (UERN). \u00c9 professora pesquisadora do N\u00facleo de Estudos Geoambientais e Cartogr\u00e1ficos (NEGECART) da UERN\/CAPF. Realizou interc\u00e2mbio Internacional Brasil\/Cabo Verde, na modalidade Doutorado Sandu\u00edche em 2014\/2015 na Universidade de Cabo Verde (UniCV) e tem experi\u00eancia na \u00e1rea da Geografia F\u00edsica, com \u00eanfase na Din\u00e2mica Ambiental e territorial, a partir dos seguintes temas: rela\u00e7\u00e3o sociedade natureza, degrada\u00e7\u00e3o ambiental, desertifica\u00e7\u00e3o, bacia hidrogr\u00e1fica, recursos naturais, an\u00e1lise ambiental e ensino de Geografia.<\/p>\n<p><a href=\"http:\/\/lattes.cnpq.br\/3615081572913407\">Plataforma Lattes<\/a><\/p>\n<p>mariasousa@uern.br<\/td>\n<\/tr>\n<\/tbody>\n<\/table>\n<table style=\"border-collapse: collapse;width: 100%\">\n<tbody>\n<tr>\n<td style=\"width: 12.8717%\"><img loading=\"lazy\" decoding=\"async\" class=\"alignnone wp-image-667\" src=\"https:\/\/portal.uern.br\/fafic\/dge\/wp-content\/uploads\/sites\/12\/2023\/11\/otoniel.jpg\" alt=\"\" width=\"260\" height=\"291\" \/><\/td>\n<td style=\"width: 87.1283%\"><strong>Prof. Otoniel Fernandes da Silva J\u00fanior<\/strong><\/p>\n<p>Possui gradua\u00e7\u00e3o em Geografia Licenciatura Plena pela Universidade Federal do Rio Grande do Norte (2001) e mestrado em Geografia pela Universidade Federal do Rio Grande do Norte (2005) e Doutorado em Geografia Humana pela Universidade de S\u00e3o Paulo. Atualmente \u00e9 professor efetivo da Universidade do Estado do Rio Grande do Norte. Tem experi\u00eancia na \u00e1rea de Geografia, com \u00eanfase em Geografia Humana, atuando principalmente nos seguintes temas: lugar , identidades e territorialidades, Estudo urbanos: Geografia do Com\u00e9rcio e Consumo, produ\u00e7\u00e3o do espa\u00e7o. Geografia e Ensino e forma\u00e7\u00e3o de professores. Coordenou o sub projeto de Geografia do Programa de Bolsas de Inicia\u00e7\u00e3o a Doc\u00eancia &#8211; PIBID\/CAPES (2011-2016)<\/p>\n<p><a title=\"Curr\u00edculo Lattes\" href=\"http:\/\/buscatextual.cnpq.br\/buscatextual\/visualizacv.do?id=P583872\">Plataforma Lattes<\/a><\/p>\n<p>otonielfernandes@uern.br<\/td>\n<\/tr>\n<tr>\n<td style=\"width: 12.8717%\"><img loading=\"lazy\" decoding=\"async\" class=\"alignnone wp-image-668 size-medium\" src=\"https:\/\/portal.uern.br\/fafic\/dge\/wp-content\/uploads\/sites\/12\/2023\/11\/rob-300x250.jpg\" alt=\"\" width=\"300\" height=\"250\" srcset=\"https:\/\/portal.uern.br\/fafic\/dge\/wp-content\/uploads\/sites\/12\/2023\/11\/rob-300x250.jpg 300w, https:\/\/portal.uern.br\/fafic\/dge\/wp-content\/uploads\/sites\/12\/2023\/11\/rob.jpg 548w\" sizes=\"(max-width: 300px) 100vw, 300px\" \/><\/td>\n<td style=\"width: 87.1283%\"><strong>Prof. Robson Fernandes Filgueira<\/strong><\/p>\n<p>Graduado em Engenharia Agron\u00f4mica pela Universidade Federal Rural do Semi\u00e1rido-UFERSA, mestre em Desenvolvimento e Meio Ambiente pela Universidade do Estado do Rio Grande do Norte-UERN e doutor em Geografia no Programa de P\u00f3s-Gradua\u00e7\u00e3o em Geografia da Universidade Estadual do Cear\u00e1 (UECE). \u00c9 professor do Departamento de Geografia da Faculdade de Filosofia e Ci\u00eancias Sociais (FAFIC) do Campus Central da Universidade do Estado do Rio Grande do Norte (UERN), lecionando disciplinas da \u00e1rea de Geografia F\u00edsica, particularmente Geomorfologia, Biogeografia, Geologia e Climatologia, al\u00e9m da disciplina Introdu\u00e7\u00e3o \u00e0 Educa\u00e7\u00e3o Ambiental. Trabalha com as tem\u00e1ticas estu\u00e1rios de manguezais, geodiversidade do semi\u00e1rido, an\u00e1lise da paisagem, educa\u00e7\u00e3o ambiental e ensino de geografia f\u00edsica. Tem experi\u00eancia em Agronomia, especialmente na elabora\u00e7\u00e3o de projetos agropecu\u00e1rios e na extens\u00e3o rural. Integra os grupos de pesquisa Geografia F\u00edsica do Semi\u00e1rido (GEOFISA) e Estudos Urbanos e Regionais (GPEUR) e coordena o Laborat\u00f3rio de Estudos da Paisagem e Educa\u00e7\u00e3o Ambiental (LABEPE).<\/p>\n<p><a title=\"Curr\u00edculo Lattes\" href=\"http:\/\/lattes.cnpq.br\/8564396894154486\">Plataforma Lattes<\/a><\/p>\n<p>robsonfilgueira@uern.br<\/td>\n<\/tr>\n<tr>\n<td style=\"width: 12.8717%\"><img loading=\"lazy\" decoding=\"async\" class=\"alignnone wp-image-669\" src=\"https:\/\/portal.uern.br\/fafic\/dge\/wp-content\/uploads\/sites\/12\/2023\/11\/tar.jpg\" alt=\"\" width=\"260\" height=\"288\" \/><\/td>\n<td style=\"width: 87.1283%\"><strong>Prof. Tarc\u00edsio da Silveira Barra<\/strong><\/p>\n<p>Possui gradua\u00e7\u00e3o em Geografia pela Universidade do Estado do Rio Grande do Norte (1994) e mestrado em Meteorologia Aplicada pela Universidade Federal de Vi\u00e7osa (1999). Atualmente \u00e9 professor ajunto IV da Universidade do Estado do Rio Grande do Norte. Tem experi\u00eancia na \u00e1rea de Geoci\u00eancias, Ensino de Geografia, Est\u00e1gio supervisionado e forma\u00e7\u00e3o docente.<\/p>\n<p><a title=\"CURR\u00cdCULO LATTES\" href=\"http:\/\/lattes.cnpq.br\/0792311945029556\">Plataforma Lattes<\/a><\/p>\n<p>tarcisiobarra@uern.br<\/td>\n<\/tr>\n<\/tbody>\n<\/table>\n","protected":false},"excerpt":{"rendered":"<p>Prof\u00aa. Ana Luiza Bezerra da Costa Saraiva Possui gradua\u00e7\u00e3o em Geografia (Licenciatura Plena) pela Universidade do Estado do Rio Grande do Norte (2008), Especializa\u00e7\u00e3o em Geografia e Gest\u00e3o Ambiental pela Faculdades Integradas de Patos (2011) e Mestrado em Geografia pela Universidade Federal do Esp\u00edrito Santo (2014). Doutoranda em Geografia pela UFRN. Atualmente \u00e9 professora assistente [&hellip;]<\/p>\n","protected":false},"author":7,"featured_media":0,"parent":0,"menu_order":0,"comment_status":"closed","ping_status":"closed","template":"","meta":{"footnotes":""},"class_list":["post-651","page","type-page","status-publish","hentry"],"_links":{"self":[{"href":"https:\/\/portal.uern.br\/fafic\/dge\/wp-json\/wp\/v2\/pages\/651","targetHints":{"allow":["GET"]}}],"collection":[{"href":"https:\/\/portal.uern.br\/fafic\/dge\/wp-json\/wp\/v2\/pages"}],"about":[{"href":"https:\/\/portal.uern.br\/fafic\/dge\/wp-json\/wp\/v2\/types\/page"}],"author":[{"embeddable":true,"href":"https:\/\/portal.uern.br\/fafic\/dge\/wp-json\/wp\/v2\/users\/7"}],"replies":[{"embeddable":true,"href":"https:\/\/portal.uern.br\/fafic\/dge\/wp-json\/wp\/v2\/comments?post=651"}],"version-history":[{"count":10,"href":"https:\/\/portal.uern.br\/fafic\/dge\/wp-json\/wp\/v2\/pages\/651\/revisions"}],"predecessor-version":[{"id":974,"href":"https:\/\/portal.uern.br\/fafic\/dge\/wp-json\/wp\/v2\/pages\/651\/revisions\/974"}],"wp:attachment":[{"href":"https:\/\/portal.uern.br\/fafic\/dge\/wp-json\/wp\/v2\/media?parent=651"}],"curies":[{"name":"wp","href":"https:\/\/api.w.org\/{rel}","templated":true}]}}