{"id":962,"date":"2024-10-29T13:39:26","date_gmt":"2024-10-29T16:39:26","guid":{"rendered":"https:\/\/portal.uern.br\/fafic\/decom\/?page_id=962"},"modified":"2024-11-11T11:07:14","modified_gmt":"2024-11-11T14:07:14","slug":"pet-midias","status":"publish","type":"page","link":"https:\/\/portal.uern.br\/fafic\/decom\/pet-midias\/","title":{"rendered":"PET M\u00eddias"},"content":{"rendered":"<p>O PET \u00e9 desenvolvido por grupos de estudantes, com tutoria de um docente, organizados a partir de forma\u00e7\u00f5es em n\u00edvel de gradua\u00e7\u00e3o nas Institui\u00e7\u00f5es de Ensino Superior do Pa\u00eds orientados pelo princ\u00edpio da indissociabilidade entre ensino, pesquisa e extens\u00e3o e da educa\u00e7\u00e3o tutorial.<\/p>\n<p>O grupo PET, uma vez criado, mant\u00e9m suas atividades por tempo indeterminado. No entanto, os seus membros possuem um tempo m\u00e1ximo de v\u00ednculo: ao bolsista de gradua\u00e7\u00e3o \u00e9 permitida a perman\u00eancia at\u00e9 a conclus\u00e3o da sua gradua\u00e7\u00e3o e, ao tutor, por um per\u00edodo de, no m\u00e1ximo, seis anos, desde que obedecidas as normas do Programa.<\/p>\n<p>O Programa de Educa\u00e7\u00e3o Tutorial foi oficialmente institu\u00eddo pela Lei 11.180\/2005 e regulamentado pelas Portarias n\u00ba 3.385\/2005, n\u00ba 1.632\/2006 e n\u00ba 1.046\/2007. A regulamenta\u00e7\u00e3o do PET define como o programa deve funcionar, qual a constitui\u00e7\u00e3o administrativa e acad\u00eamica, al\u00e9m de estabelecer as normas e a periodicidade do processo de avalia\u00e7\u00e3o nacional dos grupos.<\/p>\n<p>A Portaria 976\/2010 trouxe inova\u00e7\u00f5es para a estrutura do PET como, por exemplo, a flexibiliza\u00e7\u00e3o e dinamiza\u00e7\u00e3o da estrutura dos grupos, a uni\u00e3o do PET com o Conex\u00f5es de Saberes, a defini\u00e7\u00e3o de tempo m\u00e1ximo de exerc\u00edcio da tutoria, a aproxima\u00e7\u00e3o com a estrutura acad\u00eamica da universidade e a defini\u00e7\u00e3o de estruturas internas de gest\u00e3o do PET.<\/p>\n<p><strong>Abertura do Edital para o PET M\u00eddias\u00a0<\/strong><\/p>\n<p>Estamos ansiosos para anunciar a abertura do edital para o Programa PET M\u00eddias 2024, uma iniciativa que visa fomentar a inova\u00e7\u00e3o e o desenvolvimento de projetos de m\u00eddia.<\/p>\n<p><strong>Quem pode participar?<\/strong><\/p>\n<p>O PET M\u00eddias \u00e9 aberto aos\/as discentes dos curso de gradua\u00e7\u00e3o do Departamento de Comunica\u00e7\u00e3o Social (Jornalismo; Publicidade e Propaganda e R\u00e1dio, TV e Internet) que estejam regularmente matriculados nos seus respectivos cursos.<\/p>\n<p><strong>Como Participar?<\/strong><\/p>\n<p>Para participar os\/as interessados devem participar do Edital 009\/2024 do DECOM, que define as regras para concorrer a uma das 06 vagas dispon\u00edveis para discentes bolsistas do Grupo do Programa de Educa\u00e7\u00e3o Tutorial &#8211; PET. O Edital pode ser acessado pelo link: <a href=\"https:\/\/portal.uern.br\/fafic\/decom\/wp-content\/uploads\/sites\/10\/2024\/11\/Edital_009.2024___Selecao_discentes_bolsistas_PET_Midias-3.pdf\">Edital_009.2024___Selecao_discentes_bolsistas_PET_Midias (3)<\/a>. O Acompanhamento do andamento do processo de sele\u00e7\u00e3o pode ser acompanhado por aqui.<\/p>\n<p><a href=\"https:\/\/portal.uern.br\/fafic\/decom\/wp-content\/uploads\/sites\/10\/2024\/11\/Edital_009.2024___Selecao_discentes_bolsistas_PET_Midias-3.pdf\">Edital_009.2024___Selecao_discentes_bolsistas_PET_Midias (3)<\/a> (Edital de lan\u00e7amento).<\/p>\n<p><a href=\"https:\/\/portal.uern.br\/fafic\/decom\/wp-content\/uploads\/sites\/10\/2024\/11\/Homolgacao_PET_DECOM_2024_assinado.pdf\">Homolgacao_PET_DECOM_2024_assinado<\/a>. (Homologa\u00e7\u00e3o das Inscri\u00e7\u00f5es).<\/p>\n<p><a href=\"https:\/\/portal.uern.br\/fafic\/decom\/wp-content\/uploads\/sites\/10\/2024\/11\/Eidtal_de_Resultado_final_do_PET_MIDIAS_.pdf\">Edital_de_Resultado_final_do_PET_MIDIAS<\/a>\u00a0(Resultado Final).<\/p>\n","protected":false},"excerpt":{"rendered":"<p>O PET \u00e9 desenvolvido por grupos de estudantes, com tutoria de um docente, organizados a partir de forma\u00e7\u00f5es em n\u00edvel de gradua\u00e7\u00e3o nas Institui\u00e7\u00f5es de Ensino Superior do Pa\u00eds orientados pelo princ\u00edpio da indissociabilidade entre ensino, pesquisa e extens\u00e3o e da educa\u00e7\u00e3o tutorial. O grupo PET, uma vez criado, mant\u00e9m suas atividades por tempo indeterminado. [&hellip;]<\/p>\n","protected":false},"author":5,"featured_media":0,"parent":0,"menu_order":0,"comment_status":"closed","ping_status":"closed","template":"","meta":{"footnotes":""},"class_list":["post-962","page","type-page","status-publish","hentry"],"_links":{"self":[{"href":"https:\/\/portal.uern.br\/fafic\/decom\/wp-json\/wp\/v2\/pages\/962","targetHints":{"allow":["GET"]}}],"collection":[{"href":"https:\/\/portal.uern.br\/fafic\/decom\/wp-json\/wp\/v2\/pages"}],"about":[{"href":"https:\/\/portal.uern.br\/fafic\/decom\/wp-json\/wp\/v2\/types\/page"}],"author":[{"embeddable":true,"href":"https:\/\/portal.uern.br\/fafic\/decom\/wp-json\/wp\/v2\/users\/5"}],"replies":[{"embeddable":true,"href":"https:\/\/portal.uern.br\/fafic\/decom\/wp-json\/wp\/v2\/comments?post=962"}],"version-history":[{"count":6,"href":"https:\/\/portal.uern.br\/fafic\/decom\/wp-json\/wp\/v2\/pages\/962\/revisions"}],"predecessor-version":[{"id":1004,"href":"https:\/\/portal.uern.br\/fafic\/decom\/wp-json\/wp\/v2\/pages\/962\/revisions\/1004"}],"wp:attachment":[{"href":"https:\/\/portal.uern.br\/fafic\/decom\/wp-json\/wp\/v2\/media?parent=962"}],"curies":[{"name":"wp","href":"https:\/\/api.w.org\/{rel}","templated":true}]}}