{"id":531,"date":"2023-05-08T14:11:07","date_gmt":"2023-05-08T17:11:07","guid":{"rendered":"https:\/\/portal.uern.br\/fafic\/decom\/?page_id=531"},"modified":"2024-11-08T09:45:24","modified_gmt":"2024-11-08T12:45:24","slug":"downloads","status":"publish","type":"page","link":"https:\/\/portal.uern.br\/fafic\/decom\/downloads\/","title":{"rendered":"Downloads"},"content":{"rendered":"<p><strong>Manual de Trabalho de Conclus\u00e3o de Curso &#8211; R\u00e1dio, TV e Internet<\/strong><\/p>\n<p><a href=\"https:\/\/portal.uern.br\/fafic\/decom\/wp-content\/uploads\/sites\/10\/2024\/11\/Manual-de-TCC-RTVI.pdf\">Manual de TCC RTVI<\/a><\/p>\n<p><strong>Termo de Aceite de orienta\u00e7\u00e3o de Trabalho de Conclus\u00e3o de Curso &#8211; Jornalismo e R\u00e1dio, TV e Internet<\/strong><\/p>\n<p><a href=\"https:\/\/portal.uern.br\/fafic\/decom\/wp-content\/uploads\/sites\/10\/2024\/11\/Carta-de-Aceite-de-TCC-RTVI-e-Jornalismo.pdf\">Carta de Aceite de TCC &#8211; RTVI e Jornalismo<\/a><\/p>\n<p><strong>Termo de Aceite de orienta\u00e7\u00e3o de Trabalho de Conclus\u00e3o de Curso &#8211; Publicidade e Propaganda<\/strong><\/p>\n<p><a href=\"https:\/\/portal.uern.br\/fafic\/decom\/wp-content\/uploads\/sites\/10\/2024\/11\/Carta-de-Aceite-Publicidade-e-Propaganda.pdf\">Carta de Aceite &#8211; Publicidade e Propaganda<\/a><\/p>\n<p><strong>Requerimento de Exerc\u00edcio Domiciliar<\/strong><\/p>\n<p><a href=\"https:\/\/portal.uern.br\/fafic\/decom\/wp-content\/uploads\/sites\/10\/2024\/11\/Requerimento-de-Exercicio-Domiciliar.pdf\">Requerimento de Exerc\u00edcio Domiciliar<\/a><\/p>\n<p><strong>Requerimento de Desligamento por Vontade Pr\u00f3pria<\/strong><\/p>\n<p><a href=\"https:\/\/portal.uern.br\/fafic\/decom\/wp-content\/uploads\/sites\/10\/2024\/11\/Requerimento-de-Desligamento-por-Vontade-Propria.pdf\">Requerimento de Desligamento por Vontade Pr\u00f3pria<\/a><\/p>\n<p><strong>Requerimento de Aproveitamento de Estudos Realizados em Outra Institui\u00e7\u00e3o de Ensino Superior<\/strong><\/p>\n<p><a href=\"https:\/\/portal.uern.br\/fafic\/decom\/wp-content\/uploads\/sites\/10\/2024\/11\/Requerimento-de-Aproveitamento-de-Estudos-em-outra-IES.pdf\">Requerimento de Aproveitamento de Estudos em outra IES<\/a><\/p>\n<p><strong>Requerimento de Aproveitamento de Estudos Realizados na UERN<\/strong><\/p>\n<p><a href=\"https:\/\/portal.uern.br\/fafic\/decom\/wp-content\/uploads\/sites\/10\/2024\/11\/Requerimento-de-Aproveitamento-de-Estudos-Realizados-na-UERN.pdf\">Requerimento de Aproveitamento de Estudos Realizados na UERN<\/a><\/p>\n<p>&nbsp;<\/p>\n<p>&nbsp;<\/p>\n","protected":false},"excerpt":{"rendered":"<p>Manual de Trabalho de Conclus\u00e3o de Curso &#8211; R\u00e1dio, TV e Internet Manual de TCC RTVI Termo de Aceite de orienta\u00e7\u00e3o de Trabalho de Conclus\u00e3o de Curso &#8211; Jornalismo e R\u00e1dio, TV e Internet Carta de Aceite de TCC &#8211; RTVI e Jornalismo Termo de Aceite de orienta\u00e7\u00e3o de Trabalho de Conclus\u00e3o de Curso &#8211; [&hellip;]<\/p>\n","protected":false},"author":1,"featured_media":0,"parent":0,"menu_order":0,"comment_status":"closed","ping_status":"closed","template":"","meta":{"footnotes":""},"class_list":["post-531","page","type-page","status-publish","hentry"],"_links":{"self":[{"href":"https:\/\/portal.uern.br\/fafic\/decom\/wp-json\/wp\/v2\/pages\/531","targetHints":{"allow":["GET"]}}],"collection":[{"href":"https:\/\/portal.uern.br\/fafic\/decom\/wp-json\/wp\/v2\/pages"}],"about":[{"href":"https:\/\/portal.uern.br\/fafic\/decom\/wp-json\/wp\/v2\/types\/page"}],"author":[{"embeddable":true,"href":"https:\/\/portal.uern.br\/fafic\/decom\/wp-json\/wp\/v2\/users\/1"}],"replies":[{"embeddable":true,"href":"https:\/\/portal.uern.br\/fafic\/decom\/wp-json\/wp\/v2\/comments?post=531"}],"version-history":[{"count":4,"href":"https:\/\/portal.uern.br\/fafic\/decom\/wp-json\/wp\/v2\/pages\/531\/revisions"}],"predecessor-version":[{"id":990,"href":"https:\/\/portal.uern.br\/fafic\/decom\/wp-json\/wp\/v2\/pages\/531\/revisions\/990"}],"wp:attachment":[{"href":"https:\/\/portal.uern.br\/fafic\/decom\/wp-json\/wp\/v2\/media?parent=531"}],"curies":[{"name":"wp","href":"https:\/\/api.w.org\/{rel}","templated":true}]}}