{"id":529,"date":"2023-05-08T14:09:26","date_gmt":"2023-05-08T17:09:26","guid":{"rendered":"https:\/\/portal.uern.br\/fafic\/decom\/?page_id=529"},"modified":"2025-05-19T18:04:46","modified_gmt":"2025-05-19T21:04:46","slug":"horario-do-semestre","status":"publish","type":"page","link":"https:\/\/portal.uern.br\/fafic\/decom\/horario-do-semestre\/","title":{"rendered":"Hor\u00e1rio do Semestre"},"content":{"rendered":"<p><a href=\"https:\/\/portal.uern.br\/fafic\/decom\/wp-content\/uploads\/sites\/10\/2024\/11\/Horario-2024.2-Unificado.pdf\">Horario 2024.2 &#8211; Jornalismo; Publicidade e Propaganda; R\u00e1dio, TV e Internet.<\/a><\/p>\n<p><a href=\"https:\/\/portal.uern.br\/fafic\/decom\/wp-content\/uploads\/sites\/10\/2025\/02\/Horario-2025.1-Alterado.pdf\">Hor\u00e1rio 2025.1 &#8211; Jornalismo; Publicidade e Propaganda; R\u00e1dio, TV e Internet<\/a><\/p>\n<p><a href=\"https:\/\/portal.uern.br\/fafic\/decom\/wp-content\/uploads\/sites\/10\/2025\/05\/HOrario-SITE.pdf\">Hor\u00e1rio 2025.2 &#8211; Jornalismo; Publicidade e Propaganda; R\u00e1dio, TV e Internet<\/a><\/p>\n<p>&nbsp;<\/p>\n<p>&nbsp;<\/p>\n","protected":false},"excerpt":{"rendered":"<p>Horario 2024.2 &#8211; Jornalismo; Publicidade e Propaganda; R\u00e1dio, TV e Internet. Hor\u00e1rio 2025.1 &#8211; Jornalismo; Publicidade e Propaganda; R\u00e1dio, TV e Internet Hor\u00e1rio 2025.2 &#8211; Jornalismo; Publicidade e Propaganda; R\u00e1dio, TV e Internet &nbsp; &nbsp;<\/p>\n","protected":false},"author":1,"featured_media":0,"parent":0,"menu_order":0,"comment_status":"closed","ping_status":"closed","template":"","meta":{"footnotes":""},"class_list":["post-529","page","type-page","status-publish","hentry"],"_links":{"self":[{"href":"https:\/\/portal.uern.br\/fafic\/decom\/wp-json\/wp\/v2\/pages\/529","targetHints":{"allow":["GET"]}}],"collection":[{"href":"https:\/\/portal.uern.br\/fafic\/decom\/wp-json\/wp\/v2\/pages"}],"about":[{"href":"https:\/\/portal.uern.br\/fafic\/decom\/wp-json\/wp\/v2\/types\/page"}],"author":[{"embeddable":true,"href":"https:\/\/portal.uern.br\/fafic\/decom\/wp-json\/wp\/v2\/users\/1"}],"replies":[{"embeddable":true,"href":"https:\/\/portal.uern.br\/fafic\/decom\/wp-json\/wp\/v2\/comments?post=529"}],"version-history":[{"count":12,"href":"https:\/\/portal.uern.br\/fafic\/decom\/wp-json\/wp\/v2\/pages\/529\/revisions"}],"predecessor-version":[{"id":1043,"href":"https:\/\/portal.uern.br\/fafic\/decom\/wp-json\/wp\/v2\/pages\/529\/revisions\/1043"}],"wp:attachment":[{"href":"https:\/\/portal.uern.br\/fafic\/decom\/wp-json\/wp\/v2\/media?parent=529"}],"curies":[{"name":"wp","href":"https:\/\/api.w.org\/{rel}","templated":true}]}}