{"id":508,"date":"2023-05-08T09:39:18","date_gmt":"2023-05-08T12:39:18","guid":{"rendered":"https:\/\/portal.uern.br\/fafic\/decom\/?page_id=508"},"modified":"2024-11-11T10:55:38","modified_gmt":"2024-11-11T13:55:38","slug":"corpo-docente","status":"publish","type":"page","link":"https:\/\/portal.uern.br\/fafic\/decom\/corpo-docente\/","title":{"rendered":"Corpo Docente"},"content":{"rendered":"<p><span style=\"font-size: 14pt\"><strong>APRESENTAMOS O NOSSO QUADRO DOCENTE DO DECOM.<\/strong><\/span><\/p>\n<p>&nbsp;<\/p>\n<p><strong>JORNALISMO:<\/strong><\/p>\n<p>Prof. Dr. Cid Augusto da Esc\u00f3ssia Rosado<\/p>\n<p>Prof. Me. Esdra Marchezan Sales<\/p>\n<p>Prof. Dr. Fabiano Jos\u00e9 Morais da Silva<\/p>\n<p>Prof. Dr. Jos\u00e9 Ricardo da Silveira<\/p>\n<p>Prof. Dr. Tobias Arruda Queiroz<\/p>\n<p>&nbsp;<\/p>\n<p><strong>PUBLICIDADE E PROPAGANDA:<\/strong><\/p>\n<p><strong style=\"font-size: 18.6667px\"><img decoding=\"async\" class=\"wp-image-1000 alignleft\" src=\"https:\/\/portal.uern.br\/fafic\/decom\/wp-content\/uploads\/sites\/10\/2024\/11\/Foto-Fernanda-300x295.jpg\" alt=\"\" width=\"124\" height=\"122\" srcset=\"https:\/\/portal.uern.br\/fafic\/decom\/wp-content\/uploads\/sites\/10\/2024\/11\/Foto-Fernanda-300x295.jpg 300w, https:\/\/portal.uern.br\/fafic\/decom\/wp-content\/uploads\/sites\/10\/2024\/11\/Foto-Fernanda.jpg 757w\" sizes=\"(max-width: 124px) 100vw, 124px\" \/><\/strong><\/p>\n<p>&nbsp;<\/p>\n<p>Prof\u00aa. Ma. Fernanda B\u00f4to Paz Arag\u00e3o<\/p>\n<p>&nbsp;<\/p>\n<p>&nbsp;<\/p>\n<p>Prof. Dr. Heitor Pinheiro de Rezende<\/p>\n<p>Prof. Dr. Jefferson Garrido de Ara\u00fajo Neto<\/p>\n<p>Prof\u00aa. Dr\u00aa. Paula Apolin\u00e1rio Zagui<\/p>\n<p>Prof\u00aa. Ma. Raquel Assun\u00e7\u00e3o de Oliveira<\/p>\n<p>Prof\u00aa. Ma. Vanessa Stephanie de Azevedo Arruda<\/p>\n<p>&nbsp;<\/p>\n<p><strong>R\u00c1DIO, TV E INTERNET:<\/strong><\/p>\n<p>Prof\u00aa. Ma. Ana L\u00facia Gomes<\/p>\n<p>Prof. Me. Artur Marques da Silva Neto<\/p>\n<p>Prof\u00aa. Dr\u00aa. Daiany Ferreira Dantas<\/p>\n<p>Prof\u00aa Ma. K\u00eania Kalyne de Almeida<\/p>\n<p>Prof. Dr. Joseylson Fagner dos Santos<\/p>\n<p>Prof. Dr. Jucieude de Lucena Evangelista<\/p>\n<p>Prof\u00aa. Ma. J\u00fania Mara Dias Martins<\/p>\n<p>Prof\u00aa. Luiza Gurgel Queiroz de Almeida<\/p>\n<p>Prof. Dr. Marco Lunardi Escobar<\/p>\n<p>&nbsp;<\/p>\n<p>&nbsp;<\/p>\n","protected":false},"excerpt":{"rendered":"<p>APRESENTAMOS O NOSSO QUADRO DOCENTE DO DECOM. &nbsp; JORNALISMO: Prof. Dr. Cid Augusto da Esc\u00f3ssia Rosado Prof. Me. Esdra Marchezan Sales Prof. Dr. Fabiano Jos\u00e9 Morais da Silva Prof. Dr. Jos\u00e9 Ricardo da Silveira Prof. Dr. Tobias Arruda Queiroz &nbsp; PUBLICIDADE E PROPAGANDA: &nbsp; Prof\u00aa. Ma. Fernanda B\u00f4to Paz Arag\u00e3o &nbsp; &nbsp; Prof. Dr. Heitor [&hellip;]<\/p>\n","protected":false},"author":1,"featured_media":0,"parent":0,"menu_order":0,"comment_status":"closed","ping_status":"closed","template":"","meta":{"footnotes":""},"class_list":["post-508","page","type-page","status-publish","hentry"],"_links":{"self":[{"href":"https:\/\/portal.uern.br\/fafic\/decom\/wp-json\/wp\/v2\/pages\/508","targetHints":{"allow":["GET"]}}],"collection":[{"href":"https:\/\/portal.uern.br\/fafic\/decom\/wp-json\/wp\/v2\/pages"}],"about":[{"href":"https:\/\/portal.uern.br\/fafic\/decom\/wp-json\/wp\/v2\/types\/page"}],"author":[{"embeddable":true,"href":"https:\/\/portal.uern.br\/fafic\/decom\/wp-json\/wp\/v2\/users\/1"}],"replies":[{"embeddable":true,"href":"https:\/\/portal.uern.br\/fafic\/decom\/wp-json\/wp\/v2\/comments?post=508"}],"version-history":[{"count":5,"href":"https:\/\/portal.uern.br\/fafic\/decom\/wp-json\/wp\/v2\/pages\/508\/revisions"}],"predecessor-version":[{"id":1001,"href":"https:\/\/portal.uern.br\/fafic\/decom\/wp-json\/wp\/v2\/pages\/508\/revisions\/1001"}],"wp:attachment":[{"href":"https:\/\/portal.uern.br\/fafic\/decom\/wp-json\/wp\/v2\/media?parent=508"}],"curies":[{"name":"wp","href":"https:\/\/api.w.org\/{rel}","templated":true}]}}