{"id":5,"date":"2022-09-22T17:03:47","date_gmt":"2022-09-22T20:03:47","guid":{"rendered":"https:\/\/paisdemossoro.com.br\/wordpress\/fafic\/historia\/?page_id=5"},"modified":"2025-06-04T10:04:28","modified_gmt":"2025-06-04T13:04:28","slug":"apresentacao","status":"publish","type":"page","link":"https:\/\/portal.uern.br\/fafic\/decom\/","title":{"rendered":"Apresenta\u00e7\u00e3o"},"content":{"rendered":"<p>O Departamento de Comunica\u00e7\u00e3o Social (DECOM) \u00e9 respons\u00e1vel pelo funcionamento dos cursos de Comunica\u00e7\u00e3o Social,\u00a0Jornalismo,\u00a0R\u00e1dio, TV e Internet\u00a0e\u00a0Publicidade e Propaganda. Criado pela\u00a0Resolu\u00e7\u00e3o 054\/2002 \u2013 CONSEPE, de 02\/10\/2002, recepcionou sua primeira turma de alunos no segundo semestre de 2003, e foi reconhecido pelo\u00a0Decreto Estadual n\u00ba 21.113, de 24 de abril de 2009.<\/p>\n<p>Por n\u00e3o ter o n\u00famero m\u00ednimo de professores para formar um departamento pr\u00f3prio, inicialmente teve suas atividades vinculadas ao Departamento de Ci\u00eancias Sociais e Pol\u00edtica (DCSP),\u00a0da Faculdade de Filosofia e Ci\u00eancias Sociais (FAFIC). Quando j\u00e1 havia seis docentes contratados para atuar especificamente no curso, em meados de 2005, foi institu\u00eddo o Departamento de Comunica\u00e7\u00e3o Social que, desde ent\u00e3o, funciona como unidade administrativa independente, tamb\u00e9m vinculada \u00e0 FAFIC.<\/p>\n<p>No primeiro ano foram ofertadas 45 vagas (15 por habilita\u00e7\u00e3o) para alunos. Devido \u00e0 necessidade posterior de divis\u00e3o em igual n\u00famero de vagas entre alunos oriundos de escolas p\u00fablicas e privadas (50% para cada grupo), o curso passou a oferecer 48 vagas, 16 para cada habilita\u00e7\u00e3o, j\u00e1 a partir do vestibular para ingresso em 2004.<\/p>\n<p>Atualmente, o curso de Comunica\u00e7\u00e3o Social n\u00e3o possui mais ingresso de discentes, uma vez que o curso est\u00e1 em processo de extin\u00e7\u00e3o. Todavia, os bacharelados em Jornalismo (vespertino); R\u00e1dio, TV e Internet e Publicidade &amp; Propaganda (ambos matutino) oferecem 20 vagas cada um.<\/p>\n<p>Administrativamente, o DECOM funciona de segunda a sexta-feira, no hor\u00e1rio da <em><strong>7h \u00e0s 17h.<\/strong><\/em><\/p>\n<p><strong>Onde fica o DECOM?<\/strong><\/p>\n<p>Campus Universit\u00e1rio Central<\/p>\n<p>Rua Professor Ant\u00f4nio Campos, s\/n, BR 110, km 48, Bairro Costa e Silva &#8211; Mossor\u00f3\/RN<\/p>\n<p>CEP: 59625-620<\/p>\n<p>Contatos<\/p>\n<p>E-mail: decom@uern.br<\/p>\n<p>Estrutura administrativa<\/p>\n<p>Chefe Departamental: Prof. Dr. Heitor Pinheiro de Rezende &#8211; contato: pinheirorezende@uern.br<\/p>\n<p>Secret\u00e1rio\/Assistente Administrativo: Antonio Andretti Albuquerque da Costa &#8211; contato:\u00a0antoniocosta@uern.br<\/p>\n<p>Assistente Administrativa: Hellen Cristina Pereira &#8211; contato: hellencristina@uern.br<\/p>\n<p>Orienta\u00e7\u00e3o Acad\u00eamica de Jornalismo &#8211; Prof. Dr. Jos\u00e9 Ricardo da Silveira &#8211; contato: ricardosilveira@uern.br<\/p>\n<p>Orienta\u00e7\u00e3o acad\u00eamica de Radio, TV e Internet &#8211; Prof. Ms. Jucieude de Lucena Evangelista &#8211; contato: jucieudelucena@uern.br<\/p>\n<p>Orienta\u00e7\u00e3o Acad\u00eamica de Publicidade e Propaganda: Prof. Dr. Heitor Pinheiro de Rezende &#8211; contato:\u00a0pinheirorezende@uern.br<\/p>\n<p><strong>AUDIT\u00d3RIO<\/strong><\/p>\n<p>O DECOM disp\u00f5e de um mini-audit\u00f3rio climatizado com 50 lugares, dotado de recursos multim\u00eddia, para dar suporte, preferencialmente, \u00e0s atividades do curso, tais como exibi\u00e7\u00e3o de filmes, palestras, etc.<\/p>\n<p><strong>LABORAT\u00d3RIOS<\/strong><br \/>\nO DECOM disp\u00f5e de tr\u00eas laborat\u00f3rios com servidores e equipamentos para atender as demandas do curso, s\u00e3o eles: \u00a0laborat\u00f3rio de audiovisual, r\u00e1dio universit\u00e1ria\/laborat\u00f3rio de r\u00e1dio e laborat\u00f3rio de inform\u00e1tica.<\/p>\n<p><strong>LABORAT\u00d3RIO DE AUDIOVISUAL<\/strong><br \/>\nVisa a atender, prioritariamente, demandas do curso envolvam produ\u00e7\u00e3o audiovisual, tais como filmagem e edi\u00e7\u00e3o de v\u00eddeodocument\u00e1rios, programas de tv, etc.<\/p>\n<p>Coordena\u00e7\u00e3o: Prof. Marco Lunardi Escobar &#8211; contato: marcoescobar@uern.br<\/p>\n<p>Servidores:<\/p>\n<p>Tec. Especializada\/Audiovisual (Cinegrafista e Editora de v\u00eddeo) &#8211; Edileusa Martins de Oliveira &#8211; contato: edileusamartins@uern.br<\/p>\n<p>Tec. Especializada\/Audiovisual (Cinegrafista e Editora de v\u00eddeo) &#8211; Marbenes Maria Maia &#8211; contato: marbenesmaria@uern.br<\/p>\n<p><strong>LABORAT\u00d3RIO DE R\u00c1DIO<\/strong><br \/>\n\u00c9 um espa\u00e7o tamb\u00e9m para atividades pr\u00e1ticas do curso de Comunica\u00e7\u00e3o Social. O laborat\u00f3rio funciona de forma pr\u00e1tica para os alunos exercerem atividades como locu\u00e7\u00e3o, grava\u00e7\u00e3o de \u00e1udio, entre outras.<\/p>\n<p>Servidor:<\/p>\n<p>T\u00e9cnico de R\u00e1dio &#8211; Mois\u00e9s \u00c9lcio da Silva &#8211; contato: moiseselcio@uern.br<\/p>\n<p><strong>LABORAT\u00d3RIO DE INFORM\u00c1TICA<\/strong><br \/>\nO laborat\u00f3rio de inform\u00e1tica do DECOM possui 16 computadores para utiliza\u00e7\u00e3o em atividades did\u00e1ticas do DECOM. O acesso dos alunos se d\u00e1 mediante reserva e supervis\u00e3o feita por um professor respons\u00e1vel.<\/p>\n<p><strong>AG\u00caNCIA LABORAT\u00d3RIO DE PUBLICIDADE<\/strong><\/p>\n<p>A Ag\u00eancia objetiva atender as demandas pr\u00e1ticas do curso de Publicidade e Propaganda, todavia tamb\u00e9m \u00e9 usado pelos demais bacharelados do Departamento devido a sua versatilidade. Neste espa\u00e7o s\u00e3o criadas pe\u00e7as publicit\u00e1ria, realizadas reuni\u00f5es e aulas te\u00f3ricas e pr\u00e1ticas.<\/p>\n<p>&nbsp;<\/p>\n","protected":false},"excerpt":{"rendered":"<p>O Departamento de Comunica\u00e7\u00e3o Social (DECOM) \u00e9 respons\u00e1vel pelo funcionamento dos cursos de Comunica\u00e7\u00e3o Social,\u00a0Jornalismo,\u00a0R\u00e1dio, TV e Internet\u00a0e\u00a0Publicidade e Propaganda. Criado pela\u00a0Resolu\u00e7\u00e3o 054\/2002 \u2013 CONSEPE, de 02\/10\/2002, recepcionou sua primeira turma de alunos no segundo semestre de 2003, e foi reconhecido pelo\u00a0Decreto Estadual n\u00ba 21.113, de 24 de abril de 2009. Por n\u00e3o ter o [&hellip;]<\/p>\n","protected":false},"author":1,"featured_media":0,"parent":0,"menu_order":0,"comment_status":"closed","ping_status":"closed","template":"","meta":{"footnotes":""},"class_list":["post-5","page","type-page","status-publish","hentry"],"_links":{"self":[{"href":"https:\/\/portal.uern.br\/fafic\/decom\/wp-json\/wp\/v2\/pages\/5","targetHints":{"allow":["GET"]}}],"collection":[{"href":"https:\/\/portal.uern.br\/fafic\/decom\/wp-json\/wp\/v2\/pages"}],"about":[{"href":"https:\/\/portal.uern.br\/fafic\/decom\/wp-json\/wp\/v2\/types\/page"}],"author":[{"embeddable":true,"href":"https:\/\/portal.uern.br\/fafic\/decom\/wp-json\/wp\/v2\/users\/1"}],"replies":[{"embeddable":true,"href":"https:\/\/portal.uern.br\/fafic\/decom\/wp-json\/wp\/v2\/comments?post=5"}],"version-history":[{"count":10,"href":"https:\/\/portal.uern.br\/fafic\/decom\/wp-json\/wp\/v2\/pages\/5\/revisions"}],"predecessor-version":[{"id":1044,"href":"https:\/\/portal.uern.br\/fafic\/decom\/wp-json\/wp\/v2\/pages\/5\/revisions\/1044"}],"wp:attachment":[{"href":"https:\/\/portal.uern.br\/fafic\/decom\/wp-json\/wp\/v2\/media?parent=5"}],"curies":[{"name":"wp","href":"https:\/\/api.w.org\/{rel}","templated":true}]}}