{"id":1012,"date":"2025-01-21T11:03:50","date_gmt":"2025-01-21T14:03:50","guid":{"rendered":"https:\/\/portal.uern.br\/fafic\/decom\/?page_id=1012"},"modified":"2025-04-02T11:17:15","modified_gmt":"2025-04-02T14:17:15","slug":"laboratorio-de-audiovisual","status":"publish","type":"page","link":"https:\/\/portal.uern.br\/fafic\/decom\/laboratorio-de-audiovisual\/","title":{"rendered":"Laborat\u00f3rio de Audiovisual"},"content":{"rendered":"<p>O Laborat\u00f3rio Audiovisual Marielle Franco \u00e9 um espa\u00e7o destinado para os estudantes do Departamento de Comunica\u00e7\u00e3o e demais usu\u00e1rios autorizados da UERN desenvolverem seus conhecimentos, habilidades e atitudes de forma pr\u00e1tica em um ambiente de aprendizado, <span style=\"font-weight: 400\">a fim de fomentar experimenta\u00e7\u00f5es e produ\u00e7\u00f5es relacionadas \u00e0 comunica\u00e7\u00e3o por meio de recursos de imagem e som.<\/span><\/p>\n<h3><\/h3>\n<h3>Espa\u00e7os<\/h3>\n<p>S\u00e3o disponibilizados quatro espa\u00e7os para desenvolvimentos das mais diversas atividades pr\u00e1ticas de audiovisual:<\/p>\n<ol>\n<li><strong>Sala de Podcast<\/strong><\/li>\n<li><strong>Sala de Edi\u00e7\u00e3o<\/strong><\/li>\n<li><strong>Est\u00fadio de TV<\/strong><\/li>\n<li><strong>Sala de Apoio e Reda\u00e7\u00e3o<\/strong><\/li>\n<\/ol>\n<p>Al\u00e9m do uso durante as atividades pr\u00e1ticas, os espa\u00e7os pr\u00e1ticos est\u00e3o dispon\u00edveis para reserva e uso para fins <strong>exclusivamente acad\u00eamicos<\/strong>.<\/p>\n<h3>Entre em Contato<\/h3>\n<p>As reservas podem ser feitas no local, durante o hor\u00e1rio de funcionamento, ou solicitadas pelo e-mail <a href=\"mailto:audiovisual.decom@uern.br\">audiovisual.decom@uern.br<\/a> (n\u00e3o esque\u00e7a de detalhar todas as informa\u00e7\u00f5es necess\u00e1rias para a an\u00e1lise da solicita\u00e7\u00e3o) e aguarde a confirma\u00e7\u00e3o do e-mail com informa\u00e7\u00f5es da conclus\u00e3o do agendamento.<\/p>\n<h3><\/h3>\n<h3>BlogLab<\/h3>\n<p>Informes e indica\u00e7\u00f5es da equipe do Lab para os estudantes do Decom reunidos num blog! <a href=\"https:\/\/bloglab.substack.com\/\">Acesse aqui<\/a>!<\/p>\n<h3><\/h3>\n<h3>Agenda Remota<\/h3>\n<p>Para visualizar abaixo a agenda do Laborat\u00f3rio, fa\u00e7a login no seu e-mail institucional da UERN.<\/p>\n<p><iframe style=\"border: solid 1px #777\" src=\"https:\/\/calendar.google.com\/calendar\/embed?height=600&amp;wkst=1&amp;ctz=America%2FFortaleza&amp;showPrint=0&amp;mode=WEEK&amp;showCalendars=0&amp;showTabs=0&amp;src=YXVkaW92aXN1YWwuZGVjb21AdWVybi5icg&amp;src=Y18wOWI5NTgxOGQ2NzhjMzc5YmYwMmIyZjU0ZjdhNjdlZTIwYmU3NDhhYTY1OTdkNTc4YzA0OWIyZTY4ZGViYmFiQGdyb3VwLmNhbGVuZGFyLmdvb2dsZS5jb20&amp;src=Y182NmMyZTgzMzU5MmQ3ZmMwMWEyZDM2MDYyNWE4Y2YyMGUxYmFiMTgxMTM0NWU1Nzk1MTI5N2I2MjgwYmI0YWM4QGdyb3VwLmNhbGVuZGFyLmdvb2dsZS5jb20&amp;src=Y18zNWYzOTA3OTM3ODk0MTNhZjc4MDFhMmZhOTZhNjBiZjY5NzQ2NmM0YWU3YWY4MmMwM2VmYjFkYjJhNTZjNDRmQGdyb3VwLmNhbGVuZGFyLmdvb2dsZS5jb20&amp;src=Y19lOWM5YjgzNjIxMWU4NjAwOTU0MjFmNjZhMmNkOWMwYmRhNDlkMWFlMjhhYWNjNWJkNGQ3YjEwZTkxNzAwOWViQGdyb3VwLmNhbGVuZGFyLmdvb2dsZS5jb20&amp;src=cHQtYnIuYnJhemlsaWFuI2hvbGlkYXlAZ3JvdXAudi5jYWxlbmRhci5nb29nbGUuY29t&amp;color=%23039BE5&amp;color=%23D50000&amp;color=%238E24AA&amp;color=%233F51B5&amp;color=%23F6BF26&amp;color=%230B8043\" width=\"800\" height=\"600\" frameborder=\"0\" scrolling=\"no\"><\/iframe><\/p>\n<p>&nbsp;<\/p>\n","protected":false},"excerpt":{"rendered":"<p>O Laborat\u00f3rio Audiovisual Marielle Franco \u00e9 um espa\u00e7o destinado para os estudantes do Departamento de Comunica\u00e7\u00e3o e demais usu\u00e1rios autorizados da UERN desenvolverem seus conhecimentos, habilidades e atitudes de forma pr\u00e1tica em um ambiente de aprendizado, a fim de fomentar experimenta\u00e7\u00f5es e produ\u00e7\u00f5es relacionadas \u00e0 comunica\u00e7\u00e3o por meio de recursos de imagem e som. Espa\u00e7os [&hellip;]<\/p>\n","protected":false},"author":5,"featured_media":0,"parent":0,"menu_order":0,"comment_status":"closed","ping_status":"closed","template":"","meta":{"footnotes":""},"class_list":["post-1012","page","type-page","status-publish","hentry"],"_links":{"self":[{"href":"https:\/\/portal.uern.br\/fafic\/decom\/wp-json\/wp\/v2\/pages\/1012","targetHints":{"allow":["GET"]}}],"collection":[{"href":"https:\/\/portal.uern.br\/fafic\/decom\/wp-json\/wp\/v2\/pages"}],"about":[{"href":"https:\/\/portal.uern.br\/fafic\/decom\/wp-json\/wp\/v2\/types\/page"}],"author":[{"embeddable":true,"href":"https:\/\/portal.uern.br\/fafic\/decom\/wp-json\/wp\/v2\/users\/5"}],"replies":[{"embeddable":true,"href":"https:\/\/portal.uern.br\/fafic\/decom\/wp-json\/wp\/v2\/comments?post=1012"}],"version-history":[{"count":12,"href":"https:\/\/portal.uern.br\/fafic\/decom\/wp-json\/wp\/v2\/pages\/1012\/revisions"}],"predecessor-version":[{"id":1039,"href":"https:\/\/portal.uern.br\/fafic\/decom\/wp-json\/wp\/v2\/pages\/1012\/revisions\/1039"}],"wp:attachment":[{"href":"https:\/\/portal.uern.br\/fafic\/decom\/wp-json\/wp\/v2\/media?parent=1012"}],"curies":[{"name":"wp","href":"https:\/\/api.w.org\/{rel}","templated":true}]}}