{"id":780,"date":"2023-03-16T22:47:50","date_gmt":"2023-03-17T01:47:50","guid":{"rendered":"https:\/\/portal.uern.br\/faen\/?page_id=780"},"modified":"2023-10-26T21:38:12","modified_gmt":"2023-10-27T00:38:12","slug":"regimento","status":"publish","type":"page","link":"https:\/\/portal.uern.br\/faen\/residencia-multiprofissional-em-atencao-basica-saude-da-familia-e-comunidade\/regimento\/","title":{"rendered":"Documentos"},"content":{"rendered":"<ul>\n<li><a href=\"https:\/\/www.uern.br\/controledepaginas\/documentos-legislacao-pesquisa\/arquivos\/0066resolua%C2%A7a%C2%A3o_92_2014_consepe_cria_a_resi_multipro_att._ba%C2%A1sicasaude_da_fama%C2%ADlia_e_comunid._e.pdf\">RESOLU\u00c7\u00c3O N\u00ba 92\/2014 &#8211; CONSEPE,\u00a0<\/a>Cria a Resid\u00eancia Multiprofissional em Aten\u00e7\u00e3o B\u00e1sica\/Sa\u00fade da Fam\u00edlia e Comunidade e aprova o seu Regimento Interno; institui a Comiss\u00e3o de Resid\u00eancia Multiprofissional &#8211; COREMU e aprova o seu Regimento Interno.<\/li>\n<li><a href=\"https:\/\/drive.google.com\/file\/d\/11KGBXTPMtYSdn2BPOSVKz0bZoo-YIKVB\/view?usp=drive_link\">Projeto Pedag\u00f3gico do Curso.<\/a><\/li>\n<li><a href=\"https:\/\/drive.google.com\/file\/d\/1S_UScUETkDeUHcf0V_C0_Oa7XgdXomsE\/view?usp=drive_link\">Jornal Oficial da FUERN com as Portarias <span class=\"fontstyle0\">N\u00ba 1763\/2022-GP\/FUERN<\/span> e <span class=\"fontstyle0\">N\u00ba 1766\/2022-GP\/FUERN<\/span> que designam, respectivamente, o coordenador da Resid\u00eancia e o da COREMU.<\/a><\/li>\n<\/ul>\n<p>&nbsp;<\/p>\n<p>&nbsp;<\/p>\n","protected":false},"excerpt":{"rendered":"<p>RESOLU\u00c7\u00c3O N\u00ba 92\/2014 &#8211; CONSEPE,\u00a0Cria a Resid\u00eancia Multiprofissional em Aten\u00e7\u00e3o B\u00e1sica\/Sa\u00fade da Fam\u00edlia e Comunidade e aprova o seu Regimento Interno; institui a Comiss\u00e3o de Resid\u00eancia Multiprofissional &#8211; COREMU e aprova o seu Regimento Interno. Projeto Pedag\u00f3gico do Curso. Jornal Oficial da FUERN com as Portarias N\u00ba 1763\/2022-GP\/FUERN e N\u00ba 1766\/2022-GP\/FUERN que designam, respectivamente, o [&hellip;]<\/p>\n","protected":false},"author":5,"featured_media":0,"parent":770,"menu_order":0,"comment_status":"closed","ping_status":"closed","template":"","meta":{"footnotes":""},"class_list":["post-780","page","type-page","status-publish","hentry"],"_links":{"self":[{"href":"https:\/\/portal.uern.br\/faen\/wp-json\/wp\/v2\/pages\/780","targetHints":{"allow":["GET"]}}],"collection":[{"href":"https:\/\/portal.uern.br\/faen\/wp-json\/wp\/v2\/pages"}],"about":[{"href":"https:\/\/portal.uern.br\/faen\/wp-json\/wp\/v2\/types\/page"}],"author":[{"embeddable":true,"href":"https:\/\/portal.uern.br\/faen\/wp-json\/wp\/v2\/users\/5"}],"replies":[{"embeddable":true,"href":"https:\/\/portal.uern.br\/faen\/wp-json\/wp\/v2\/comments?post=780"}],"version-history":[{"count":5,"href":"https:\/\/portal.uern.br\/faen\/wp-json\/wp\/v2\/pages\/780\/revisions"}],"predecessor-version":[{"id":1374,"href":"https:\/\/portal.uern.br\/faen\/wp-json\/wp\/v2\/pages\/780\/revisions\/1374"}],"up":[{"embeddable":true,"href":"https:\/\/portal.uern.br\/faen\/wp-json\/wp\/v2\/pages\/770"}],"wp:attachment":[{"href":"https:\/\/portal.uern.br\/faen\/wp-json\/wp\/v2\/media?parent=780"}],"curies":[{"name":"wp","href":"https:\/\/api.w.org\/{rel}","templated":true}]}}