{"id":743,"date":"2023-03-06T23:09:59","date_gmt":"2023-03-07T02:09:59","guid":{"rendered":"https:\/\/portal.uern.br\/faen\/?page_id=743"},"modified":"2025-02-26T08:34:24","modified_gmt":"2025-02-26T11:34:24","slug":"redes-sociais-da-faen","status":"publish","type":"page","link":"https:\/\/portal.uern.br\/faen\/redes-sociais-da-faen\/","title":{"rendered":"Redes sociais da FAEN"},"content":{"rendered":"<p><a href=\"https:\/\/instagram.com\/faenoficial?igshid=YmMyMTA2M2Y=\">FAEN Oficial<\/a><\/p>\n<p><a href=\"https:\/\/instagram.com\/ambulatoriofaen?igshid=YmMyMTA2M2Y=\">Ambulat\u00f3rio da FAEN<\/a><\/p>\n<p><a href=\"https:\/\/instagram.com\/residenciamultiuern?igshid=YmMyMTA2M2Y=\">Resid\u00eancia Multiprofissional em Aten\u00e7\u00e3o B\u00e1sica\/Sa\u00fade da Fam\u00edlia e Comunidade<\/a><\/p>\n<p><a href=\"https:\/\/instagram.com\/petemuern?igshid=YmMyMTA2M2Y=\">Programa de Educa\u00e7\u00e3o Turorial em Enfermagem de Mossor\u00f3<\/a><\/p>\n<p><a href=\"https:\/\/instagram.com\/ca8dejulho?igshid=YmMyMTA2M2Y=\">Centro Acad\u00eamico 8 de Julho<\/a><\/p>\n<p><a href=\"https:\/\/instagram.com\/aaacabulosa?igshid=NTc4MTIwNjQ2YQ==\">Associa\u00e7\u00e3o Atl\u00e9tica Acad\u00eamica Cabulosa<\/a><\/p>\n<p><a href=\"https:\/\/instagram.com\/nupics_uern?igshid=YmMyMTA2M2Y=\">N\u00facleo de Pr\u00e1ticas Integrativas e Complementares em Sa\u00fade &#8211; NUPICS<\/a><\/p>\n<p><a href=\"https:\/\/instagram.com\/eis_uern?igshid=YmMyMTA2M2Y=\">Escola de Extens\u00e3o &#8220;Escola Integrada de Sa\u00fade&#8221;<\/a><\/p>\n<p class=\"_aacl _aaco _aacu _aacx _aad6 _aade\"><a href=\"https:\/\/instagram.com\/savu_uern?igshid=NmE0MzVhZDY=\"><span style=\"font-size: 12pt\">Projeto de Extens\u00e3o \u201cSa\u00fade dos Coletivos Vulnerabilizados\u201d<\/span><\/a><\/p>\n<p><a href=\"https:\/\/instagram.com\/ciencia.presente.uern?igshid=NTc4MTIwNjQ2YQ==\">Projeto de Extens\u00e3o &#8220;Ci\u00eancia Presente&#8221;<\/a><\/p>\n<p><a href=\"https:\/\/instagram.com\/prevencaofaen?igshid=YmMyMTA2M2Y=\"><span class=\"_aacl _aaco _aacw _aacx _aad7 _aade\">Projeto de Extens\u00e3o &#8220;Preven\u00e7\u00e3o do C\u00e2ncer de Mama e do Colo do \u00datero&#8221;<\/span><\/a><\/p>\n<p><a href=\"https:\/\/www.instagram.com\/enasceuoamor_uern?igsh=azZqcDFvcHVibmY4\">Projeto de Extens\u00e3o &#8220;E Nasceu o Amor&#8221;<\/a><\/p>\n<p><a href=\"https:\/\/www.instagram.com\/direitosexualereprodutivo_uern?igsh=ZHR2ZnF1dzFkOTN1\">Projeto de Extens\u00e3o &#8220;Direitos Sexuais e Reprodutivos: escolhas conscientes&#8221;<\/a><\/p>\n<p><a href=\"https:\/\/instagram.com\/cafeducativo?igshid=OTJlNzQ0NWM=\">Projeto de Extens\u00e3o &#8220;Caf\u00e9 Educativo: papo entre mulheres&#8221;<\/a><\/p>\n<p><a href=\"https:\/\/instagram.com\/ambulatoriolgbtuern?igshid=YmMyMTA2M2Y=\">Projeto de Extens\u00e3o &#8220;Ambulat\u00f3rio LGBTI+&#8221;<\/a><\/p>\n<p><a href=\"https:\/\/www.instagram.com\/uernsocial?igsh=MTk5eHVrbW5wbW9xYg==\">Projeto de Extens\u00e3o &#8220;UERN social: atendimento \u00e0s pessoas em situa\u00e7ao de rua&#8221;<\/a><\/p>\n<p><a href=\"https:\/\/instagram.com\/horizontedasciencias?igshid=YmMyMTA2M2Y=\">Projeto de Extens\u00e3o &#8220;Horizonte das Ci\u00eancias&#8221;<\/a><\/p>\n<p><a href=\"https:\/\/instagram.com\/uernvacinamossoro?igshid=YmMyMTA2M2Y=\">Projeto de Extens\u00e3o &#8220;UERN Vacina Mossor\u00f3&#8221;<\/a><\/p>\n<p><a href=\"https:\/\/instagram.com\/sbvuern2022?igshid=YmMyMTA2M2Y=\">Projeto de Extens\u00e3o &#8220;Suporte B\u00e1sico de Vida&#8221;<\/a><\/p>\n<p><a href=\"https:\/\/instagram.com\/projetovpse?igshid=YmMyMTA2M2Y=\">Projeto de Extens\u00e3o &#8220;Vigil\u00e2ncia e promo\u00e7\u00e3o em sa\u00fade no contexto escolar&#8221;<\/a><\/p>\n<p><a href=\"https:\/\/www.instagram.com\/canal.podefalar?igsh=NW13Y3h5c3Yza2hu\">Projeto de Extens\u00e3o &#8220;Pode Falar&#8221;<\/a><\/p>\n<p><a href=\"https:\/\/www.instagram.com\/paposdecalcada_uern?igsh=c2VnaHZ0bjZseHM3\">Projeto de Extens\u00e3o &#8220;Papo de Cal\u00e7ada&#8221;<\/a><\/p>\n<p><a href=\"https:\/\/www.instagram.com\/desbravadoresdoensinouern?igsh=cHFuYmRxbTEzOXA5\">Projeto de Ensino &#8220;Desbravadores do Ensino&#8221;<\/a><\/p>\n<p><a href=\"https:\/\/www.instagram.com\/projetovpse?igsh=MXJvc294eHA5bnRzeQ==\">Projeto de Extens\u00e3o &#8220;Vigil\u00e2ncia e Promo\u00e7\u00e3o em Sa\u00fade no Contexto Escolar &#8211; VPSE&#8221;<\/a><\/p>\n<p><a href=\"https:\/\/www.instagram.com\/amigosdaapaeuern?igsh=MXV1Z2Fva3BxdHB5aA==\">Projeto de Extens\u00e3o &#8220;Amigos da APAE&#8221;<\/a><\/p>\n<p><a href=\"https:\/\/www.instagram.com\/followup.faen?igsh=bmxzZnR1ZjZzZ3Bn\">Projeto de Extens\u00e3o &#8220;Seguimento Ambulatorial ao rec\u00e9m-nascido de alto risco (FollowUP)&#8221;<\/a><\/p>\n<p><a href=\"https:\/\/www.instagram.com\/sbv_uern?igsh=ZzEwamppOHI0MzV3\">Projeto de Extens\u00e3o &#8220;Suporte B\u00e1sico de Vida&#8221;<\/a><\/p>\n<p class=\"_aacl _aaco _aacu _aacx _aad6 _aade\"><a href=\"https:\/\/instagram.com\/lasserfaen?igshid=YmMyMTA2M2Y=\">Liga Acad\u00eamica de Sa\u00fade Sexual e Reprodutiva<\/a><\/p>\n<p><a href=\"https:\/\/instagram.com\/grupoadultoeidoso?igshid=YmMyMTA2M2Y=\">Grupo de Pesuisa Aten\u00e7\u00e3o \u00e0 Sa\u00fade do Adulto e Idoso<\/a><\/p>\n<p class=\"_aacl _aaco _aacu _aacx _aad6 _aade\"><a href=\"https:\/\/instagram.com\/geetse.faen.uern?igshid=YmMyMTA2M2Y=\">Grupo de Estudos Educa\u00e7\u00e3o, Trabalho, Sa\u00fade e Enfermagem<\/a><\/p>\n","protected":false},"excerpt":{"rendered":"<p>FAEN Oficial Ambulat\u00f3rio da FAEN Resid\u00eancia Multiprofissional em Aten\u00e7\u00e3o B\u00e1sica\/Sa\u00fade da Fam\u00edlia e Comunidade Programa de Educa\u00e7\u00e3o Turorial em Enfermagem de Mossor\u00f3 Centro Acad\u00eamico 8 de Julho Associa\u00e7\u00e3o Atl\u00e9tica Acad\u00eamica Cabulosa N\u00facleo de Pr\u00e1ticas Integrativas e Complementares em Sa\u00fade &#8211; NUPICS Escola de Extens\u00e3o &#8220;Escola Integrada de Sa\u00fade&#8221; Projeto de Extens\u00e3o \u201cSa\u00fade dos Coletivos Vulnerabilizados\u201d [&hellip;]<\/p>\n","protected":false},"author":5,"featured_media":0,"parent":0,"menu_order":0,"comment_status":"closed","ping_status":"closed","template":"","meta":{"footnotes":""},"class_list":["post-743","page","type-page","status-publish","hentry"],"_links":{"self":[{"href":"https:\/\/portal.uern.br\/faen\/wp-json\/wp\/v2\/pages\/743","targetHints":{"allow":["GET"]}}],"collection":[{"href":"https:\/\/portal.uern.br\/faen\/wp-json\/wp\/v2\/pages"}],"about":[{"href":"https:\/\/portal.uern.br\/faen\/wp-json\/wp\/v2\/types\/page"}],"author":[{"embeddable":true,"href":"https:\/\/portal.uern.br\/faen\/wp-json\/wp\/v2\/users\/5"}],"replies":[{"embeddable":true,"href":"https:\/\/portal.uern.br\/faen\/wp-json\/wp\/v2\/comments?post=743"}],"version-history":[{"count":13,"href":"https:\/\/portal.uern.br\/faen\/wp-json\/wp\/v2\/pages\/743\/revisions"}],"predecessor-version":[{"id":1626,"href":"https:\/\/portal.uern.br\/faen\/wp-json\/wp\/v2\/pages\/743\/revisions\/1626"}],"wp:attachment":[{"href":"https:\/\/portal.uern.br\/faen\/wp-json\/wp\/v2\/media?parent=743"}],"curies":[{"name":"wp","href":"https:\/\/api.w.org\/{rel}","templated":true}]}}