{"id":704,"date":"2023-03-04T15:41:21","date_gmt":"2023-03-04T18:41:21","guid":{"rendered":"https:\/\/portal.uern.br\/faen\/?page_id=704"},"modified":"2023-03-28T14:40:51","modified_gmt":"2023-03-28T17:40:51","slug":"2023-2","status":"publish","type":"page","link":"https:\/\/portal.uern.br\/faen\/editais\/extensao\/2023-2\/","title":{"rendered":"2023"},"content":{"rendered":"<p><a href=\"https:\/\/drive.google.com\/file\/d\/1sAy77lWpMtBhmC5zqTRVOfkhkpjeFnyB\/view?usp=share_link\">Edital PIBEX 2023 &#8211; SAVU<\/a><\/p>\n<p style=\"padding-left: 40px\"><a href=\"https:\/\/drive.google.com\/file\/d\/1f0Yo7acmZnjrc7UaCuqa8yCmAx6ZDMiQ\/view?usp=share_link\">Homologa\u00e7\u00e3o das Inscri\u00e7\u00f5es<\/a><\/p>\n<p style=\"padding-left: 40px\"><a href=\"https:\/\/drive.google.com\/file\/d\/1vCdDPlPyyYt9j_x2Ku3qdIbGEYlaE6Ay\/view?usp=share_link\">Homologa\u00e7\u00e3o retificada das inscri\u00e7\u00f5es<\/a><\/p>\n<p style=\"padding-left: 40px\"><a href=\"https:\/\/drive.google.com\/file\/d\/1Fpof5zzMXZ9Tzg1CLSUxcdihdEdsrbE4\/view?usp=share_link\">Resultado Final<\/a><\/p>\n<p>&nbsp;<\/p>\n<p><a href=\"https:\/\/drive.google.com\/file\/d\/1bdvuqFFtbbQBQUSOmqCRYaTSwGsUTIm-\/view?usp=share_link\">Edital PIBEX 2023 &#8211; Papo de Cal\u00e7ada<\/a><\/p>\n<p style=\"padding-left: 40px\"><a href=\"https:\/\/drive.google.com\/file\/d\/1qgDasnOmoQjWJh6aOv1MrosETvjCAYfL\/view?usp=share_link\">Homologa\u00e7\u00e3o das Inscri\u00e7\u00f5es<\/a><\/p>\n<p style=\"padding-left: 40px\"><a href=\"https:\/\/drive.google.com\/file\/d\/1eLxHiqwbPDimNBwpg1MoMcfr5dMgnuZK\/view?usp=share_link\">Homologa\u00e7\u00e3o retifidada das incri\u00e7\u00f5es<\/a><\/p>\n<p style=\"padding-left: 40px\"><a href=\"https:\/\/drive.google.com\/file\/d\/1K1S_TgqfFwbJEgWuTGE-emE5HVzJZYAA\/view?usp=share_link\">Resultado Final<\/a><\/p>\n<p>&nbsp;<\/p>\n<p><a href=\"https:\/\/drive.google.com\/file\/d\/1NUKxIpd6vGMe4r21_Tkx-7LgDoxjmUUV\/view?usp=share_link\">Edital PIBEX 2023 &#8211; Ci\u00eancia Presente<\/a><\/p>\n<p style=\"padding-left: 40px\"><a href=\"https:\/\/drive.google.com\/file\/d\/1jilYBUjZuUPzqDc_DC2PiHMEvsazdroG\/view?usp=share_link\">Homologa\u00e7\u00e3o das Inscri\u00e7\u00f5es<\/a><\/p>\n<p style=\"padding-left: 40px\"><a href=\"https:\/\/drive.google.com\/file\/d\/1lNPTdWXWIRsxdDbCZ_CeqaD30CcJbYu_\/view?usp=share_link\">Resultado Final<\/a><\/p>\n<p>&nbsp;<\/p>\n<p><a href=\"https:\/\/drive.google.com\/file\/d\/1QVZNxfkBS6zCq9zelfQgjcafnW27hf_8\/view?usp=share_link\">Edital PIBEX 2023 &#8211; Follow Up<\/a><\/p>\n<p style=\"padding-left: 40px\"><a href=\"https:\/\/drive.google.com\/file\/d\/1tUXtGzNyIkyJku0NDq_gC9zxHN7nGDP9\/view?usp=share_link\">Homologa\u00e7\u00e3o das Inscri\u00e7\u00f5es<\/a><\/p>\n<p style=\"padding-left: 40px\"><a href=\"https:\/\/docs.google.com\/document\/d\/1uuKUDremA-LlSPUtI0YAnIcmxgm5CE-E\/edit?usp=share_link&amp;ouid=116047113386370969949&amp;rtpof=true&amp;sd=true\">Resultado Final<\/a><\/p>\n<p>&nbsp;<\/p>\n<p><a href=\"https:\/\/drive.google.com\/file\/d\/1pO3rPbhJ21bkstiXSz1zALSZTQaBCjIE\/view?usp=share_link\">Edital PIBEX 2023 &#8211; Ambulat\u00f3rio LGBTI+<\/a><\/p>\n<p style=\"padding-left: 40px\"><a href=\"https:\/\/drive.google.com\/file\/d\/1EpZiMI1yd0tQ7wP_nT-VKtbO23e5ZNXd\/view?usp=share_link\">Homologa\u00e7\u00e3o das Inscri\u00e7\u00f5es<\/a><\/p>\n<p style=\"padding-left: 40px\"><a href=\"https:\/\/drive.google.com\/file\/d\/1b26eAya5x9bdzZymDsZczZmIvPlZ0QEP\/view?usp=share_link\">Resultado Final<\/a><\/p>\n<p>&nbsp;<\/p>\n<p><a href=\"https:\/\/drive.google.com\/file\/d\/1RQXA9WGcs-ysyMiRQ7g_JnqH2xwmda8j\/view?usp=share_link\">Edital PIBEX 2023 &#8211; Preven\u00e7\u00e3o de c\u00e2ncer de mama e colo de \u00fatero<\/a><\/p>\n<p style=\"padding-left: 40px\"><a href=\"https:\/\/drive.google.com\/file\/d\/1wYov3EgKnspgTrf7a_D3gfem6nP2VMwx\/view?usp=share_link\">Homologa\u00e7\u00e3o das Inscri\u00e7\u00f5es<\/a><\/p>\n<p style=\"padding-left: 40px\"><a href=\"https:\/\/drive.google.com\/file\/d\/1wk4oKBaHzTphBsSeubnP1NKJNLAMY1vo\/view?usp=share_link\">Homologa\u00e7\u00e3o das Inscri\u00e7\u00f5es p\u00f3s-recursos<\/a><\/p>\n<p style=\"padding-left: 40px\"><a href=\"https:\/\/drive.google.com\/file\/d\/14SThca2cn-MDbuApSIfMXEKpnvJh8iWX\/view?usp=share_link\">Resultado Preliminar<\/a><\/p>\n<p style=\"padding-left: 40px\"><a href=\"https:\/\/drive.google.com\/file\/d\/130G5Y99RtiOgE1BY7bTID-vfgF19wviH\/view?usp=share_link\">Resultado Final<\/a><\/p>\n<p>&nbsp;<\/p>\n<p><a href=\"https:\/\/drive.google.com\/file\/d\/1gG4vJ7CwvxGMqx-kAw19V1iTggIdvgDO\/view?usp=share_link\">Edital PIBEX 2023 &#8211; Caf\u00e9 Educativo<\/a><\/p>\n<p style=\"padding-left: 40px\"><a href=\"https:\/\/drive.google.com\/file\/d\/1jyNcDAtZW8m3yGcXoN5UvlbmlJnZBe2Y\/view?usp=share_link\">Homologa\u00e3o das Inscri\u00e7\u00f5es<\/a><\/p>\n<p style=\"padding-left: 40px\"><a href=\"https:\/\/drive.google.com\/file\/d\/1Y7mSwhO5rByI4Y6KGD6BRvZVn27XixvS\/view?usp=share_link\">Resultado Final<\/a><\/p>\n<p>&nbsp;<\/p>\n<p><a href=\"https:\/\/drive.google.com\/file\/d\/1Zz2bnFeo_0hENK7xLFutJZhzPeeEeFac\/view?usp=share_link\">Edital PIBEX 2023 &#8211; Ambulat\u00f3rio Integrativo<\/a><\/p>\n<p style=\"padding-left: 40px\"><a href=\"https:\/\/drive.google.com\/file\/d\/1mwjEt8DG1Z2YHUKWXx8gcoF9kBRI74fz\/view?usp=share_link\">Homologa\u00e7\u00e3o das Inscri\u00e7\u00f5es<\/a><\/p>\n<p style=\"padding-left: 40px\"><a href=\"https:\/\/drive.google.com\/file\/d\/1KlkVo2T5RWqVg2LpEYHf7vO91yz-ZNEv\/view?usp=share_link\">Resultado Final<\/a><\/p>\n<p>&nbsp;<\/p>\n<p><a href=\"https:\/\/drive.google.com\/file\/d\/15bUJ8pihKfdLcH3DuUrt9nPSie8iX4pR\/view?usp=share_link\">Edital PIBEX 2023 &#8211; Suporte B\u00e1sico de Vida<\/a><\/p>\n<p style=\"padding-left: 40px\"><a href=\"https:\/\/drive.google.com\/file\/d\/1G9tvNw1P5Ofk3AArvubRa9CoGPTfGUV3\/view?usp=share_link\">Homologa\u00e7\u00e3o das Inscri\u00e7\u00f5es<\/a><\/p>\n<p style=\"padding-left: 40px\"><a href=\"https:\/\/drive.google.com\/file\/d\/1Dz6yrFAatb0VbwEVUNk5IUystQ79-5HE\/view?usp=share_link\">Resultado Final<\/a><\/p>\n<p>&nbsp;<\/p>\n<p><a href=\"https:\/\/drive.google.com\/file\/d\/1BJNFOnil31y_FlxJZZD9sq4dyLgBplws\/view?usp=share_link\">Edital PIBEX 2023 &#8211; VPSE<\/a><\/p>\n<p style=\"padding-left: 40px\"><a href=\"https:\/\/drive.google.com\/file\/d\/1Zya2rOSoMGu2gnc7fDol9wVN588gusdo\/view?usp=share_link\">Homologa\u00e7\u00e3o das Inscri\u00e7\u00f5es<\/a><\/p>\n<p style=\"padding-left: 40px\"><a href=\"https:\/\/drive.google.com\/file\/d\/1OY6esZyQVtr7EAAdLyA5qzkubvDBGgC8\/view?usp=share_link\">Resultado Final<\/a><\/p>\n","protected":false},"excerpt":{"rendered":"<p>Edital PIBEX 2023 &#8211; SAVU Homologa\u00e7\u00e3o das Inscri\u00e7\u00f5es Homologa\u00e7\u00e3o retificada das inscri\u00e7\u00f5es Resultado Final &nbsp; Edital PIBEX 2023 &#8211; Papo de Cal\u00e7ada Homologa\u00e7\u00e3o das Inscri\u00e7\u00f5es Homologa\u00e7\u00e3o retifidada das incri\u00e7\u00f5es Resultado Final &nbsp; Edital PIBEX 2023 &#8211; Ci\u00eancia Presente Homologa\u00e7\u00e3o das Inscri\u00e7\u00f5es Resultado Final &nbsp; Edital PIBEX 2023 &#8211; Follow Up Homologa\u00e7\u00e3o das Inscri\u00e7\u00f5es Resultado Final [&hellip;]<\/p>\n","protected":false},"author":5,"featured_media":0,"parent":677,"menu_order":0,"comment_status":"closed","ping_status":"closed","template":"","meta":{"footnotes":""},"class_list":["post-704","page","type-page","status-publish","hentry"],"_links":{"self":[{"href":"https:\/\/portal.uern.br\/faen\/wp-json\/wp\/v2\/pages\/704","targetHints":{"allow":["GET"]}}],"collection":[{"href":"https:\/\/portal.uern.br\/faen\/wp-json\/wp\/v2\/pages"}],"about":[{"href":"https:\/\/portal.uern.br\/faen\/wp-json\/wp\/v2\/types\/page"}],"author":[{"embeddable":true,"href":"https:\/\/portal.uern.br\/faen\/wp-json\/wp\/v2\/users\/5"}],"replies":[{"embeddable":true,"href":"https:\/\/portal.uern.br\/faen\/wp-json\/wp\/v2\/comments?post=704"}],"version-history":[{"count":20,"href":"https:\/\/portal.uern.br\/faen\/wp-json\/wp\/v2\/pages\/704\/revisions"}],"predecessor-version":[{"id":871,"href":"https:\/\/portal.uern.br\/faen\/wp-json\/wp\/v2\/pages\/704\/revisions\/871"}],"up":[{"embeddable":true,"href":"https:\/\/portal.uern.br\/faen\/wp-json\/wp\/v2\/pages\/677"}],"wp:attachment":[{"href":"https:\/\/portal.uern.br\/faen\/wp-json\/wp\/v2\/media?parent=704"}],"curies":[{"name":"wp","href":"https:\/\/api.w.org\/{rel}","templated":true}]}}