{"id":670,"date":"2023-03-04T14:53:56","date_gmt":"2023-03-04T17:53:56","guid":{"rendered":"https:\/\/portal.uern.br\/faen\/?page_id=670"},"modified":"2023-03-04T14:53:56","modified_gmt":"2023-03-04T17:53:56","slug":"editais","status":"publish","type":"page","link":"https:\/\/portal.uern.br\/faen\/editais\/","title":{"rendered":"Editais"},"content":{"rendered":"<p>Neste espa\u00e7o est\u00e3o disponibilizados os editais de projetos de ensino, pesquisa, extens\u00e3o, est\u00e1gios etc. de interesse da comunidade acad\u00eamica da Faen.<\/p>\n","protected":false},"excerpt":{"rendered":"<p>Neste espa\u00e7o est\u00e3o disponibilizados os editais de projetos de ensino, pesquisa, extens\u00e3o, est\u00e1gios etc. de interesse da comunidade acad\u00eamica da Faen.<\/p>\n","protected":false},"author":5,"featured_media":0,"parent":0,"menu_order":0,"comment_status":"closed","ping_status":"closed","template":"","meta":{"footnotes":""},"class_list":["post-670","page","type-page","status-publish","hentry"],"_links":{"self":[{"href":"https:\/\/portal.uern.br\/faen\/wp-json\/wp\/v2\/pages\/670","targetHints":{"allow":["GET"]}}],"collection":[{"href":"https:\/\/portal.uern.br\/faen\/wp-json\/wp\/v2\/pages"}],"about":[{"href":"https:\/\/portal.uern.br\/faen\/wp-json\/wp\/v2\/types\/page"}],"author":[{"embeddable":true,"href":"https:\/\/portal.uern.br\/faen\/wp-json\/wp\/v2\/users\/5"}],"replies":[{"embeddable":true,"href":"https:\/\/portal.uern.br\/faen\/wp-json\/wp\/v2\/comments?post=670"}],"version-history":[{"count":1,"href":"https:\/\/portal.uern.br\/faen\/wp-json\/wp\/v2\/pages\/670\/revisions"}],"predecessor-version":[{"id":671,"href":"https:\/\/portal.uern.br\/faen\/wp-json\/wp\/v2\/pages\/670\/revisions\/671"}],"wp:attachment":[{"href":"https:\/\/portal.uern.br\/faen\/wp-json\/wp\/v2\/media?parent=670"}],"curies":[{"name":"wp","href":"https:\/\/api.w.org\/{rel}","templated":true}]}}