{"id":249,"date":"2022-09-19T08:54:02","date_gmt":"2022-09-19T11:54:02","guid":{"rendered":"https:\/\/paisdemossoro.com.br\/wordpress\/faen\/?page_id=249"},"modified":"2025-06-29T18:57:44","modified_gmt":"2025-06-29T21:57:44","slug":"contato","status":"publish","type":"page","link":"https:\/\/portal.uern.br\/faen\/contato\/","title":{"rendered":"Contato"},"content":{"rendered":"<p><strong>Faculdade de Enfermagem<\/strong><\/p>\n<p><span class=\"w8qArf FoJoyf\"><strong><a class=\"fl\" href=\"https:\/\/www.google.com\/search?sca_esv=f7a3d7663a73d1dc&amp;rlz=1C1ONGR_enBR1146BR1146&amp;q=uern+-+faculdade+de+enfermagem+mossor%C3%B3+endere%C3%A7o&amp;ludocid=18165926771690506556&amp;sa=X&amp;ved=2ahUKEwijpqyi6ZaOAxUop5UCHeQiCzIQ6BN6BAgkEAI\" data-ved=\"2ahUKEwijpqyi6ZaOAxUop5UCHeQiCzIQ6BN6BAgkEAI\">Endere\u00e7o<\/a><\/strong>:\u00a0<\/span><span class=\"LrzXr\">Rua Desembargador Dion\u00edsio Figueira, 383 \u2013 Centro, Mossor\u00f3 \u2013 RN, 59610-090.<\/span><\/p>\n<p>(84) 3315-2152 (secretaria)<\/p>\n<p>(84) 3315-2151 (portaria)<\/p>\n<p><a href=\"mailto:faen@uern.br\">faen@uern.br<\/a><\/p>\n<p><strong>Hor\u00e1rio de atendimento presencial e remoto: <\/strong>segunda a sexta, das 07h \u00e0s 13h<\/p>\n<hr \/>\n<p><strong>Departamento de Enfermagem<\/strong><\/p>\n<p>(84) 3315-2152 (secretaria)<\/p>\n<p><a href=\"mailto:den@uern.br\">den@uern.br<\/a><\/p>\n<p><strong>Hor\u00e1rio de atendimento presencial e remoto: <\/strong>segunda a sexta, das 07h \u00e0s 18h<\/p>\n<hr \/>\n<p><strong>Ambulat\u00f3rio da FAEN<\/strong><\/p>\n<p>(84) 3315-2154 (somente whatsapp)<\/p>\n<p><a href=\"mailto:ambulatorio.faen@uern.br\">ambulatorio.faen@uern.br<\/a><\/p>\n<p><strong>Hor\u00e1rio de atendimento presencial:<\/strong>\u00a008h \u00e0s 12h e de 15h \u00e0s 21h<\/p>\n<p><strong>Hor\u00e1rio de atendimento remoto:<\/strong>\u00a008h \u00e0s 21h<\/p>\n<hr \/>\n<p><strong>Resid\u00eancia Multiprofissional em Aten\u00e7\u00e3o B\u00e1sica\/Sa\u00fade da Fam\u00edlia e Comunidade<\/strong><\/p>\n<p>(84) 3315-2155<\/p>\n<p><a href=\"mailto:coremu@uern.br\">coremu@uern.br<\/a><\/p>\n<p><strong>Hor\u00e1rio de atendimento presencial e remoto: <\/strong>segunda a sexta, das 07h \u00e0s 13h<\/p>\n<p>&nbsp;<\/p>\n","protected":false},"excerpt":{"rendered":"<p>Faculdade de Enfermagem Endere\u00e7o:\u00a0Rua Desembargador Dion\u00edsio Figueira, 383 \u2013 Centro, Mossor\u00f3 \u2013 RN, 59610-090. (84) 3315-2152 (secretaria) (84) 3315-2151 (portaria) faen@uern.br Hor\u00e1rio de atendimento presencial e remoto: segunda a sexta, das 07h \u00e0s 13h Departamento de Enfermagem (84) 3315-2152 (secretaria) den@uern.br Hor\u00e1rio de atendimento presencial e remoto: segunda a sexta, das 07h \u00e0s 18h Ambulat\u00f3rio [&hellip;]<\/p>\n","protected":false},"author":1,"featured_media":0,"parent":0,"menu_order":0,"comment_status":"closed","ping_status":"closed","template":"","meta":{"footnotes":""},"class_list":["post-249","page","type-page","status-publish","hentry"],"_links":{"self":[{"href":"https:\/\/portal.uern.br\/faen\/wp-json\/wp\/v2\/pages\/249","targetHints":{"allow":["GET"]}}],"collection":[{"href":"https:\/\/portal.uern.br\/faen\/wp-json\/wp\/v2\/pages"}],"about":[{"href":"https:\/\/portal.uern.br\/faen\/wp-json\/wp\/v2\/types\/page"}],"author":[{"embeddable":true,"href":"https:\/\/portal.uern.br\/faen\/wp-json\/wp\/v2\/users\/1"}],"replies":[{"embeddable":true,"href":"https:\/\/portal.uern.br\/faen\/wp-json\/wp\/v2\/comments?post=249"}],"version-history":[{"count":6,"href":"https:\/\/portal.uern.br\/faen\/wp-json\/wp\/v2\/pages\/249\/revisions"}],"predecessor-version":[{"id":1647,"href":"https:\/\/portal.uern.br\/faen\/wp-json\/wp\/v2\/pages\/249\/revisions\/1647"}],"wp:attachment":[{"href":"https:\/\/portal.uern.br\/faen\/wp-json\/wp\/v2\/media?parent=249"}],"curies":[{"name":"wp","href":"https:\/\/api.w.org\/{rel}","templated":true}]}}