{"id":245,"date":"2022-09-19T08:52:38","date_gmt":"2022-09-19T11:52:38","guid":{"rendered":"https:\/\/paisdemossoro.com.br\/wordpress\/faen\/?page_id=245"},"modified":"2025-02-26T09:13:45","modified_gmt":"2025-02-26T12:13:45","slug":"formulario-acompanhamento-de-egressos","status":"publish","type":"page","link":"https:\/\/portal.uern.br\/faen\/formulario-acompanhamento-de-egressos\/","title":{"rendered":"Formul\u00e1rio acompanhamento de Egressos"},"content":{"rendered":"<p>Prezado (a) Egresso (a),<\/p>\n<p>Temos uma enorme satisfa\u00e7\u00e3o de acompanhar a sua vida profissional depois da conclus\u00e3o do seu Curso de Gradua\u00e7\u00e3o em Enfermagem na Faculdade de Enfermagem (FAEN) da Universidade do Estado do Rio Grande do Norte (UERN, Campus Central. Para que possamos manter nossos bancos de dados atualizados, continuar nos comunicando e direcionar nossos projetos de forma\u00e7\u00e3o continuada \u00e0s necessidades dos nossos alunos egressos, torna-se importante o preenchimento deste formul\u00e1rio abaixo. Sua participa\u00e7\u00e3o \u00e9 muito importante para o sucesso de nossa Institui\u00e7\u00e3o.<\/p>\n<p><a href=\"https:\/\/forms.gle\/CKXd8RQjkhVW7izq9\">Clique\u00a0aqui<\/a> para responder ao formul\u00e1rio de acompanhamento de egressos.<\/p>\n","protected":false},"excerpt":{"rendered":"<p>Prezado (a) Egresso (a), Temos uma enorme satisfa\u00e7\u00e3o de acompanhar a sua vida profissional depois da conclus\u00e3o do seu Curso de Gradua\u00e7\u00e3o em Enfermagem na Faculdade de Enfermagem (FAEN) da Universidade do Estado do Rio Grande do Norte (UERN, Campus Central. Para que possamos manter nossos bancos de dados atualizados, continuar nos comunicando e direcionar [&hellip;]<\/p>\n","protected":false},"author":1,"featured_media":0,"parent":0,"menu_order":0,"comment_status":"closed","ping_status":"closed","template":"","meta":{"footnotes":""},"class_list":["post-245","page","type-page","status-publish","hentry"],"_links":{"self":[{"href":"https:\/\/portal.uern.br\/faen\/wp-json\/wp\/v2\/pages\/245","targetHints":{"allow":["GET"]}}],"collection":[{"href":"https:\/\/portal.uern.br\/faen\/wp-json\/wp\/v2\/pages"}],"about":[{"href":"https:\/\/portal.uern.br\/faen\/wp-json\/wp\/v2\/types\/page"}],"author":[{"embeddable":true,"href":"https:\/\/portal.uern.br\/faen\/wp-json\/wp\/v2\/users\/1"}],"replies":[{"embeddable":true,"href":"https:\/\/portal.uern.br\/faen\/wp-json\/wp\/v2\/comments?post=245"}],"version-history":[{"count":2,"href":"https:\/\/portal.uern.br\/faen\/wp-json\/wp\/v2\/pages\/245\/revisions"}],"predecessor-version":[{"id":1631,"href":"https:\/\/portal.uern.br\/faen\/wp-json\/wp\/v2\/pages\/245\/revisions\/1631"}],"wp:attachment":[{"href":"https:\/\/portal.uern.br\/faen\/wp-json\/wp\/v2\/media?parent=245"}],"curies":[{"name":"wp","href":"https:\/\/api.w.org\/{rel}","templated":true}]}}