{"id":232,"date":"2022-09-19T08:41:46","date_gmt":"2022-09-19T11:41:46","guid":{"rendered":"https:\/\/paisdemossoro.com.br\/wordpress\/faen\/?page_id=232"},"modified":"2025-02-26T09:07:09","modified_gmt":"2025-02-26T12:07:09","slug":"documentos","status":"publish","type":"page","link":"https:\/\/portal.uern.br\/faen\/documentos\/","title":{"rendered":"Documentos"},"content":{"rendered":"<p><strong>Documentos Institucionais da Faculdade de Enfermagem da UERN<\/strong><\/p>\n<p>Este espa\u00e7o re\u00fane documentos essenciais da Faculdade de Enfermagem da UERN, incluindo projetos pedag\u00f3gicos, estruturas curriculares, manuais de normas e rotinas, regimentos de laborat\u00f3rios e portarias. Aqui, voc\u00ea encontrar\u00e1 informa\u00e7\u00f5es que orientam o funcionamento acad\u00eamico e administrativo da FAEN, garantindo transpar\u00eancia, organiza\u00e7\u00e3o e qualidade nas atividades de ensino, pesquisa e extens\u00e3o. Acesse os documentos e conhe\u00e7a as diretrizes que norteiam nossa institui\u00e7\u00e3o.<\/p>\n<p>Lista de Documentos:<\/p>\n<ul>\n<li><a href=\"https:\/\/drive.google.com\/file\/d\/1kpdATCFkyikdkBSukbs9eFPk1_aS3LYT\/view?usp=drive_link\">Projeto Pedag\u00f3gico do Curso de Bacharelado\/Licenciatura em Enfermagem (em extin\u00e7\u00e3o)\u00a0<\/a><\/li>\n<li><a href=\"https:\/\/drive.google.com\/file\/d\/1wqPzyLvCCH4dFOLV6anAtNYM012-Afrd\/view?usp=drive_link\">Estrutura curricular do Curso de Bacharelado\/Licenciatura em Enfermagem (em extin\u00e7\u00e3o)\u00a0<\/a><\/li>\n<li><a href=\"https:\/\/drive.google.com\/file\/d\/1YABXOVrOc65lQOypwUIee6kdvmff7ASa\/view?usp=sharing\">Projeto Pedag\u00f3gico do Curso de Bacharelado em Enfermagem (em implanta\u00e7\u00e3o)<\/a><\/li>\n<li><a href=\"https:\/\/drive.google.com\/file\/d\/13o-NPxc-NbEWtDMLtOTC4KZtcMbqZiR8\/view?usp=drive_link\">Estrutura curricular do Curso de Bacharelado em Enfermagem (em implanta\u00e7\u00e3o).<\/a><\/li>\n<li><a href=\"https:\/\/drive.google.com\/file\/d\/1_5VSfIwJcGpg-e6pUNJ0ZorSCl8L8Vxy\/view?usp=drive_link\">Regimento dos Laborat\u00f3rios de Ensino da FAEN.<\/a><\/li>\n<li><a href=\"https:\/\/drive.google.com\/file\/d\/1EAJpHfo-Si0_F0xw15k4S2JVsN_14N-m\/view?usp=drive_link\">Manual de Normas e Rotinas para uso e cess\u00e3o n\u00e3o onerosa de materiais, equipamentos e espa\u00e7o f\u00edsico da FAEN<\/a><\/li>\n<li><a href=\"https:\/\/drive.google.com\/file\/d\/1HWtDKjhKWHJfG1CtK6gaTff0DxkPQE3g\/view?usp=drive_link\">PORTARIA-SEI N\u00ba 478, DE 05 DE SETEMBRO DE 2024, que designa coordenador do TCC do Curso de Enfermagem (Bach.)\u00a0<\/a><\/li>\n<li><a href=\"https:\/\/drive.google.com\/file\/d\/1HL1g6VA_Tfn1QO9qvUJYyBMczS_D2B5D\/view?usp=drive_link\">PORTARIA-SEI N\u00ba 479, DE 05 DE SETEMBRO DE 2024, que designa coordenadora do TCC do Curso de Enfermagem (Lic.\/Bach.) <\/a><\/li>\n<li><a href=\"https:\/\/drive.google.com\/file\/d\/1A_r1_VtZjYaggmJAMOAQRdZLAA9tKNUI\/view?usp=drive_link\">PORTARIA-SEI N\u00ba 445, DE 01 DE SETEMBRO DE 2023, que designa orientadora acad\u00eamica do Curso de Enfermagem (Lic.\/Bach.)\u00a0<\/a><\/li>\n<li><a href=\"https:\/\/drive.google.com\/file\/d\/1UJWg7bwEP0TRPqMmzChXSMnc_yvvJnb6\/view?usp=drive_link\"> <span class=\"fontstyle0\">PORTARIA-SEI N\u00ba 426, DE 21 DE AGOSTO DE 2023, que designa orientadora acad\u00eamica do Curso de Enfermagem (Bach.)<\/span><\/a><\/li>\n<li><a href=\"https:\/\/drive.google.com\/file\/d\/1eZt2Gr5ZHbV1GV6g6jKl2s-u-jvSmJ_x\/view?usp=drive_link\">Portaria-SEI N\u00ba 477, de 05 de setembro de 2024, que reconduz e designa Coordenador dos Laborat\u00f3rios da Faculdade de Enfermagem.<\/a><\/li>\n<li><a href=\"https:\/\/drive.google.com\/file\/d\/1Vsd5VdVooNDxWZ2iLSXu1qldTaHhYabB\/view?usp=drive_link\"> <span class=\"fontstyle0\">PORTARIA-SEI N\u00ba 53, DE 10 DE FEVEREIRO DE 2025, que constitui o NDE do Curso de Enfermagem (Bach.\/Lic.)<\/span><\/a><\/li>\n<li><a href=\"https:\/\/drive.google.com\/file\/d\/1Ef92lSjjCyzC_teoZR6nDUYLyZzF2RfR\/view?usp=drive_link\"> <span class=\"fontstyle0\">PORTARIA-SEI N\u00ba 54, DE 10 DE FEVEREIRO DE 2025, que constitui o NDE do Curso de Enfermagem (Bach.)<\/span><\/a><\/li>\n<li><a href=\"https:\/\/drive.google.com\/file\/d\/1etgYnzwpeNPz3DI8gQSWoJQWwW7-qK3r\/view?usp=drive_link\">PORTARIA-SEI N\u00ba 374, DE 23 DE JULHO DE 2024, que reconstitui a Comiss\u00e3o Setorial de Avalia\u00e7\u00e3o\u00a0<\/a><\/li>\n<li><a href=\"https:\/\/drive.google.com\/file\/d\/1gYJ6QQxbXwuwqL5IBcTtS6aJ6fM1ZOte\/view?usp=drive_link\">PORTARIA-SEI N\u00ba 571, DE 22 DE NOVEMBRO DE 2023, que reconstitui a Comiss\u00e3o de Desempenho Acad\u00eamico<\/a><\/li>\n<li><a href=\"https:\/\/drive.google.com\/file\/d\/1v-z5kb8ZhzFPcqbK74-0QQdNuaeDG5cU\/view?usp=share_link\">PORTARIA No 1654\/2022-GP\/FUERN DE 29 DE JUNHO DE 2022 que designa diretor da FAEN.<\/a><\/li>\n<li><a href=\"https:\/\/drive.google.com\/file\/d\/1CQnzeNAI8kNVpmLi__XzZeuBf5nAxJ_Q\/view?usp=drive_link\">PORTARIA N\u00ba 1428\/2023-GP\/FUERN DE 30 DE MAIO DE 2023 que designa vice-diretora da FAEN.<\/a><\/li>\n<li><a href=\"https:\/\/drive.google.com\/file\/d\/1Hd_oQeffrPXqkAHEIyd7gpK-viQFn93o\/view?usp=drive_link\">PORTARIA N\u00ba 2351\/2024-GP\/FUERN DE 26 DE JUNHO DE 2024, que designa a chefe do DEN<\/a><\/li>\n<\/ul>\n","protected":false},"excerpt":{"rendered":"<p>Documentos Institucionais da Faculdade de Enfermagem da UERN Este espa\u00e7o re\u00fane documentos essenciais da Faculdade de Enfermagem da UERN, incluindo projetos pedag\u00f3gicos, estruturas curriculares, manuais de normas e rotinas, regimentos de laborat\u00f3rios e portarias. Aqui, voc\u00ea encontrar\u00e1 informa\u00e7\u00f5es que orientam o funcionamento acad\u00eamico e administrativo da FAEN, garantindo transpar\u00eancia, organiza\u00e7\u00e3o e qualidade nas atividades de [&hellip;]<\/p>\n","protected":false},"author":1,"featured_media":0,"parent":0,"menu_order":0,"comment_status":"closed","ping_status":"closed","template":"","meta":{"footnotes":""},"class_list":["post-232","page","type-page","status-publish","hentry"],"_links":{"self":[{"href":"https:\/\/portal.uern.br\/faen\/wp-json\/wp\/v2\/pages\/232","targetHints":{"allow":["GET"]}}],"collection":[{"href":"https:\/\/portal.uern.br\/faen\/wp-json\/wp\/v2\/pages"}],"about":[{"href":"https:\/\/portal.uern.br\/faen\/wp-json\/wp\/v2\/types\/page"}],"author":[{"embeddable":true,"href":"https:\/\/portal.uern.br\/faen\/wp-json\/wp\/v2\/users\/1"}],"replies":[{"embeddable":true,"href":"https:\/\/portal.uern.br\/faen\/wp-json\/wp\/v2\/comments?post=232"}],"version-history":[{"count":31,"href":"https:\/\/portal.uern.br\/faen\/wp-json\/wp\/v2\/pages\/232\/revisions"}],"predecessor-version":[{"id":1630,"href":"https:\/\/portal.uern.br\/faen\/wp-json\/wp\/v2\/pages\/232\/revisions\/1630"}],"wp:attachment":[{"href":"https:\/\/portal.uern.br\/faen\/wp-json\/wp\/v2\/media?parent=232"}],"curies":[{"name":"wp","href":"https:\/\/api.w.org\/{rel}","templated":true}]}}