{"id":227,"date":"2022-09-19T08:36:15","date_gmt":"2022-09-19T11:36:15","guid":{"rendered":"https:\/\/paisdemossoro.com.br\/wordpress\/faen\/?page_id=227"},"modified":"2025-06-29T19:02:39","modified_gmt":"2025-06-29T22:02:39","slug":"gestao","status":"publish","type":"page","link":"https:\/\/portal.uern.br\/faen\/gestao\/","title":{"rendered":"Gest\u00e3o"},"content":{"rendered":"<p><b>FACULDADE DE ENFERMAGEM<\/b><\/p>\n<p><span class=\"w8qArf FoJoyf\"><strong><a class=\"fl\" href=\"https:\/\/www.google.com\/search?sca_esv=f7a3d7663a73d1dc&amp;rlz=1C1ONGR_enBR1146BR1146&amp;q=uern+-+faculdade+de+enfermagem+mossor%C3%B3+endere%C3%A7o&amp;ludocid=18165926771690506556&amp;sa=X&amp;ved=2ahUKEwijpqyi6ZaOAxUop5UCHeQiCzIQ6BN6BAgkEAI\" data-ved=\"2ahUKEwijpqyi6ZaOAxUop5UCHeQiCzIQ6BN6BAgkEAI\">Endere\u00e7o<\/a><\/strong>:\u00a0<\/span><span class=\"LrzXr\">Rua Desembargador Dion\u00edsio Figueira, 383 &#8211; Centro, Mossor\u00f3 &#8211; RN, 59610-090.<\/span><\/p>\n<p><b>Diretor<\/b><\/p>\n<p><span style=\"font-weight: 400\">Prof. Dr. Francisco Rafael Ribeiro Soares (<\/span><a href=\"mailto:rafaelsoares@uern.br\"><span style=\"font-weight: 400\">rafaelsoares@uern.br)<\/span><\/a><\/p>\n<p><b>Secret\u00e1ria<\/b><\/p>\n<p><span style=\"font-weight: 400\">TNS. Esp. Joseane Garcia da Silva Bibiano (<\/span><a href=\"mailto:joseanegarcia@uern.br\"><span style=\"font-weight: 400\">joseanegarcia@uern.br)<\/span><\/a><\/p>\n<hr \/>\n<p><b>DEPARTAMENTO DE ENFERMAGEM<\/b><\/p>\n<p><b>Chefe<\/b><\/p>\n<p><span style=\"font-weight: 400\">Prof\u00aa. Dra. Kalidia Felipe de Lima Costa (<\/span><a href=\"mailto:kalidiafelipe@uern.br\"><span style=\"font-weight: 400\">kalidiafelipe@uern.br)<\/span><\/a><\/p>\n<p><b>Subchefe<\/b><\/p>\n<p>Prof\u00aa. Dra. Cintia Mikaelle Cunha de Santiago Nogueira (<a href=\"mailto:cintiamikaelle@uern.br\">cintiamikaelle@uern.br<\/a>)<\/p>\n<p><b>Secret\u00e1rias<\/b><\/p>\n<p><span style=\"font-weight: 400\">TNS. Ma. \u00c9rika Barboza de Souza (<\/span><a href=\"mailto:erikabarboza@uern.br\"><span style=\"font-weight: 400\">erikabarboza@uern.br)<\/span><\/a><\/p>\n<p><span style=\"font-weight: 400\">TNS. Esp. Nalice Cabral da Silva (<\/span><a href=\"mailto:nalicecabral@uern.br\"><span style=\"font-weight: 400\">nalicecabral@uern.br)<\/span><\/a><\/p>\n<hr \/>\n<p><b>RESID\u00caNCIA MULTIPROFISSIONAL EM ATEN\u00c7\u00c3O B\u00c1SICA\/SA\u00daDE DA FAM\u00cdLIA E COMUNIDADE<\/b><\/p>\n<p><b>Coordenador<\/b><\/p>\n<p><span style=\"font-weight: 400\">Prof. Dr. <\/span><span style=\"font-weight: 400\" data-rich-links=\"{&quot;per_n&quot;:&quot;Lucidio Clebeson de Oliveira&quot;,&quot;per_e&quot;:&quot;lucidioclebeson@uern.br&quot;,&quot;type&quot;:&quot;person&quot;}\">Lucidio Clebeson de Oliveira (<\/span><a href=\"mailto:lucidioclebeson@uern.br\"><span style=\"font-weight: 400\">lucidioclebeson@uern.br)<\/span><\/a><\/p>\n<p><b>Secret\u00e1ria<\/b><\/p>\n<p><span style=\"font-weight: 400\" data-rich-links=\"{&quot;per_n&quot;:&quot;Juliane Kaliane da Rocha Jer\u00f4nimo&quot;,&quot;per_e&quot;:&quot;julianerocha@uern.br&quot;,&quot;type&quot;:&quot;person&quot;}\">TNM. Esp. Juliane Kaliane da Rocha Jer\u00f4nimo (<\/span><a href=\"mailto:julianerocha@uern.br\"><span style=\"font-weight: 400\">julianerocha@uern.br)<\/span><\/a><\/p>\n<hr \/>\n<p><b>AMBULAT\u00d3RIO DA FAEN<\/b><\/p>\n<p><b>Coordenadora<\/b><\/p>\n<p><span style=\"font-weight: 400\">TNS. Dra. Hosana Mirelle Goes e Silva Costa (<\/span><a href=\"mailto:hosanamirelle@uern.br\"><span style=\"font-weight: 400\">hosanamirelle@uern.br)<\/span><\/a><\/p>\n<p><b>Secret\u00e1rio<\/b><\/p>\n<p><span style=\"font-weight: 400\" data-rich-links=\"{&quot;per_n&quot;:&quot;L\u00e1zaro Emerson Soares&quot;,&quot;per_e&quot;:&quot;lazarosoares@uern.br&quot;,&quot;type&quot;:&quot;person&quot;}\">TNM. Esp. L\u00e1zaro Emerson Soares (<\/span><a href=\"mailto:lazarosoares@uern.br\"><span style=\"font-weight: 400\">lazarosoares@uern.br)<\/span><\/a><\/p>\n<hr \/>\n<p><b>CENTRO ACAD\u00caMICO 8 DE JULHO (FAEN)<\/b><\/p>\n<p><b>Coordenador Geral<\/b><\/p>\n<div class=\"W0Trz\">\n<div class=\"iuDOqc\" aria-describedby=\"tt-display-name-field\" data-tooltip-y-position=\"2\" data-tooltip-show-delay-ms=\"1000\" data-tooltip-anchor-boundary-type=\"2\">Ana Raquel Patricio de Melo (<a href=\"mailto:raquelpatricio@alu.uern.br\">raquelpatricio@alu.uern.br)<\/a><\/div>\n<\/div>\n<p><b>Contato<\/b><\/p>\n<p><b>E-mail: <\/b><a href=\"mailto:ca8j@uern.br\"><span style=\"font-weight: 400\">ca8j@uern.br<\/span><\/a><\/p>\n","protected":false},"excerpt":{"rendered":"<p>FACULDADE DE ENFERMAGEM Endere\u00e7o:\u00a0Rua Desembargador Dion\u00edsio Figueira, 383 &#8211; Centro, Mossor\u00f3 &#8211; RN, 59610-090. Diretor Prof. Dr. Francisco Rafael Ribeiro Soares (rafaelsoares@uern.br) Secret\u00e1ria TNS. Esp. Joseane Garcia da Silva Bibiano (joseanegarcia@uern.br) DEPARTAMENTO DE ENFERMAGEM Chefe Prof\u00aa. Dra. Kalidia Felipe de Lima Costa (kalidiafelipe@uern.br) Subchefe Prof\u00aa. Dra. Cintia Mikaelle Cunha de Santiago Nogueira (cintiamikaelle@uern.br) Secret\u00e1rias TNS. [&hellip;]<\/p>\n","protected":false},"author":1,"featured_media":0,"parent":0,"menu_order":0,"comment_status":"closed","ping_status":"closed","template":"","meta":{"footnotes":""},"class_list":["post-227","page","type-page","status-publish","hentry"],"_links":{"self":[{"href":"https:\/\/portal.uern.br\/faen\/wp-json\/wp\/v2\/pages\/227","targetHints":{"allow":["GET"]}}],"collection":[{"href":"https:\/\/portal.uern.br\/faen\/wp-json\/wp\/v2\/pages"}],"about":[{"href":"https:\/\/portal.uern.br\/faen\/wp-json\/wp\/v2\/types\/page"}],"author":[{"embeddable":true,"href":"https:\/\/portal.uern.br\/faen\/wp-json\/wp\/v2\/users\/1"}],"replies":[{"embeddable":true,"href":"https:\/\/portal.uern.br\/faen\/wp-json\/wp\/v2\/comments?post=227"}],"version-history":[{"count":19,"href":"https:\/\/portal.uern.br\/faen\/wp-json\/wp\/v2\/pages\/227\/revisions"}],"predecessor-version":[{"id":1649,"href":"https:\/\/portal.uern.br\/faen\/wp-json\/wp\/v2\/pages\/227\/revisions\/1649"}],"wp:attachment":[{"href":"https:\/\/portal.uern.br\/faen\/wp-json\/wp\/v2\/media?parent=227"}],"curies":[{"name":"wp","href":"https:\/\/api.w.org\/{rel}","templated":true}]}}