{"id":1635,"date":"2025-06-29T11:04:37","date_gmt":"2025-06-29T14:04:37","guid":{"rendered":"https:\/\/portal.uern.br\/faen\/?page_id=1635"},"modified":"2025-06-29T19:07:22","modified_gmt":"2025-06-29T22:07:22","slug":"ambulatorio-da-faen","status":"publish","type":"page","link":"https:\/\/portal.uern.br\/faen\/ambulatorio-da-faen\/","title":{"rendered":"Ambulat\u00f3rio da FAEN"},"content":{"rendered":"<p><img decoding=\"async\" class=\"alignnone wp-image-1636\" src=\"https:\/\/portal.uern.br\/faen\/wp-content\/uploads\/2025\/06\/WhatsApp-Image-2025-06-29-at-10.58.47-300x41.jpeg\" alt=\"\" width=\"556\" height=\"76\" srcset=\"https:\/\/portal.uern.br\/faen\/wp-content\/uploads\/2025\/06\/WhatsApp-Image-2025-06-29-at-10.58.47-300x41.jpeg 300w, https:\/\/portal.uern.br\/faen\/wp-content\/uploads\/2025\/06\/WhatsApp-Image-2025-06-29-at-10.58.47-1024x140.jpeg 1024w, https:\/\/portal.uern.br\/faen\/wp-content\/uploads\/2025\/06\/WhatsApp-Image-2025-06-29-at-10.58.47-768x105.jpeg 768w, https:\/\/portal.uern.br\/faen\/wp-content\/uploads\/2025\/06\/WhatsApp-Image-2025-06-29-at-10.58.47-1536x209.jpeg 1536w, https:\/\/portal.uern.br\/faen\/wp-content\/uploads\/2025\/06\/WhatsApp-Image-2025-06-29-at-10.58.47.jpeg 1600w\" sizes=\"(max-width: 556px) 100vw, 556px\" \/><\/p>\n<p><b>Coordenadora<\/b><\/p>\n<p>TNS. Dra. Hosana Mirelle Goes e Silva Costa (<a href=\"mailto:hosanamirelle@uern.br\">hosanamirelle@uern.br)<\/a><\/p>\n<p><b>Secret\u00e1rio<\/b><\/p>\n<p><span data-rich-links=\"{&quot;per_n&quot;:&quot;L\u00e1zaro Emerson Soares&quot;,&quot;per_e&quot;:&quot;lazarosoares@uern.br&quot;,&quot;type&quot;:&quot;person&quot;}\">TNM. Esp. L\u00e1zaro Emerson Soares (<\/span><a href=\"mailto:lazarosoares@uern.br\">lazarosoares@uern.br)<\/a><\/p>\n<p>&nbsp;<\/p>\n<p><b>Contatos<\/b><\/p>\n<p><b>E-mail:\u00a0<\/b><a href=\"mailto:ambulatorio.faen@uern.br\">ambulatorio.faen@uern.br<\/a><\/p>\n<p><b>Fone:<\/b>\u00a0(84) 3315-2154 (somente whatsapp)<\/p>\n<p><strong>Hor\u00e1rio de atendimento presencial:<\/strong>\u00a008h \u00e0s 12h e de 15h \u00e0s 21h<\/p>\n<p><strong>Hor\u00e1rio de atendimento remoto:<\/strong>\u00a008h \u00e0s 21h<\/p>\n<p>&nbsp;<\/p>\n<p><strong>Servi\u00e7os Ofertados:<\/strong><\/p>\n<ul>\n<li><strong>Enfermagem:<\/strong> Testes r\u00e1pidos, planejamento familiar, inser\u00e7\u00e3o e avalia\u00e7\u00e3o de DIU (com insona\u00e7\u00e3o), orienta\u00e7\u00f5es sobre PrEP\/PEP e educa\u00e7\u00e3o em sa\u00fade.<\/li>\n<li><strong>Nutri\u00e7\u00e3o:<\/strong> Atendimento individual com foco em emagrecimento, hipertrofia muscular e terapia alimentar personalizada.<\/li>\n<li><strong>Odontologia:<\/strong> Atendimento geral e cuidado com rec\u00e9m-nascidos (teste da linguinha e frenectomia).<\/li>\n<li><strong>Psicologia:<\/strong> Acompanhamento psicol\u00f3gico para transtornos mentais leves.<\/li>\n<li><strong>Fisioterapia:<\/strong> Reabilita\u00e7\u00e3o e preven\u00e7\u00e3o, com atendimento at\u00e9 20 sess\u00f5es por paciente, incluindo popula\u00e7\u00e3o LGBT.<\/li>\n<li><strong>Servi\u00e7o Social:<\/strong> Suporte social e assistencial a trabalhadoras e estudantes.<\/li>\n<li><strong>Apoio \u00e0 Amamenta\u00e7\u00e3o:<\/strong> Orienta\u00e7\u00f5es pr\u00e1ticas para m\u00e3es e promo\u00e7\u00e3o do bem-estar materno-infantil.<\/li>\n<li><strong>Pr\u00e1ticas Integrativas e Complementares em Sa\u00fade:<\/strong> Terapias voltadas ao bem-estar f\u00edsico e emocional, respeitando individualidades.<\/li>\n<li><strong>Atendimento \u00e0 Popula\u00e7\u00e3o LGBTI+:<\/strong> Acolhimento especializado multiprofissional e cuidado integral; precri\u00e7\u00e3o e acompanhamento do processo transexualizador.<\/li>\n<li><strong>Sala de Vacinas:<\/strong> Imuniza\u00e7\u00e3o conforme o Programa Nacional de Imuniza\u00e7\u00e3o (PNI), para todas as idades e grupos de risco.<\/li>\n<li><strong>Central de Material e Esteriliza\u00e7\u00e3o (CME):<\/strong> Limpeza e esteriliza\u00e7\u00e3o dos materiais utilizados no ambulat\u00f3rio.<\/li>\n<li><strong>Ambulat\u00f3rio de Feridas:<\/strong> Atendimento especializado em avalia\u00e7\u00e3o, tratamento e acompanhamento de feridas cr\u00f4nicas e agudas, com enfoque em reabilita\u00e7\u00e3o e preven\u00e7\u00e3o de complica\u00e7\u00f5es.<\/li>\n<\/ul>\n","protected":false},"excerpt":{"rendered":"<p>Coordenadora TNS. Dra. Hosana Mirelle Goes e Silva Costa (hosanamirelle@uern.br) Secret\u00e1rio TNM. Esp. L\u00e1zaro Emerson Soares (lazarosoares@uern.br) &nbsp; Contatos E-mail:\u00a0ambulatorio.faen@uern.br Fone:\u00a0(84) 3315-2154 (somente whatsapp) Hor\u00e1rio de atendimento presencial:\u00a008h \u00e0s 12h e de 15h \u00e0s 21h Hor\u00e1rio de atendimento remoto:\u00a008h \u00e0s 21h &nbsp; Servi\u00e7os Ofertados: Enfermagem: Testes r\u00e1pidos, planejamento familiar, inser\u00e7\u00e3o e avalia\u00e7\u00e3o de DIU (com [&hellip;]<\/p>\n","protected":false},"author":5,"featured_media":0,"parent":0,"menu_order":0,"comment_status":"closed","ping_status":"closed","template":"","meta":{"footnotes":""},"class_list":["post-1635","page","type-page","status-publish","hentry"],"_links":{"self":[{"href":"https:\/\/portal.uern.br\/faen\/wp-json\/wp\/v2\/pages\/1635","targetHints":{"allow":["GET"]}}],"collection":[{"href":"https:\/\/portal.uern.br\/faen\/wp-json\/wp\/v2\/pages"}],"about":[{"href":"https:\/\/portal.uern.br\/faen\/wp-json\/wp\/v2\/types\/page"}],"author":[{"embeddable":true,"href":"https:\/\/portal.uern.br\/faen\/wp-json\/wp\/v2\/users\/5"}],"replies":[{"embeddable":true,"href":"https:\/\/portal.uern.br\/faen\/wp-json\/wp\/v2\/comments?post=1635"}],"version-history":[{"count":4,"href":"https:\/\/portal.uern.br\/faen\/wp-json\/wp\/v2\/pages\/1635\/revisions"}],"predecessor-version":[{"id":1653,"href":"https:\/\/portal.uern.br\/faen\/wp-json\/wp\/v2\/pages\/1635\/revisions\/1653"}],"wp:attachment":[{"href":"https:\/\/portal.uern.br\/faen\/wp-json\/wp\/v2\/media?parent=1635"}],"curies":[{"name":"wp","href":"https:\/\/api.w.org\/{rel}","templated":true}]}}