{"id":1595,"date":"2025-02-25T11:47:11","date_gmt":"2025-02-25T14:47:11","guid":{"rendered":"https:\/\/portal.uern.br\/faen\/?page_id=1595"},"modified":"2025-02-26T09:01:55","modified_gmt":"2025-02-26T12:01:55","slug":"producoes-academicas","status":"publish","type":"page","link":"https:\/\/portal.uern.br\/faen\/producoes-academicas\/","title":{"rendered":"Produ\u00e7\u00f5es Acad\u00eamicas"},"content":{"rendered":"<p>Bem-vindos\/as ao espa\u00e7o dedicado \u00e0 divulga\u00e7\u00e3o da produ\u00e7\u00e3o bibliogr\u00e1fica da Faculdade de Enfermagem da UERN. Aqui, reunimos livros, cartilhas, manuais e anais de eventos organizados pela nossa comunidade acad\u00eamica, refletindo o compromisso com o ensino, a pesquisa e a extens\u00e3o. Nosso objetivo \u00e9 compartilhar conhecimento e contribuir para o avan\u00e7o da Enfermagem e das Ci\u00eancias da Sa\u00fade. Explore nossas publica\u00e7\u00f5es e descubra as contribui\u00e7\u00f5es de nossos docentes, pesquisadores, t\u00e9cnicos e estudantes para a constru\u00e7\u00e3o e dissemina\u00e7\u00e3o do saber.<\/p>\n<ul>\n<li><a href=\"https:\/\/drive.google.com\/file\/d\/1cPCN1dscsnkXT4vcIw2sRPGwX3k__Llj\/view?usp=drive_link\">Anais da 55\u00b0 Semana Mossoroense de Enfermagem\u00a0<\/a><\/li>\n<li><a href=\"https:\/\/portal.uern.br\/eduern\/wp-content\/uploads\/sites\/14\/2025\/02\/Cartilha-Tudo-que-voce-precisa-saber-sobre-o-curso-de-Enfermagem.pdf\">Cartilha- Tudo que Voc\u00ea Precisa saber sobre o Curso de Enfermagem<\/a><\/li>\n<li><a href=\"https:\/\/portal.uern.br\/eduern\/wp-content\/uploads\/sites\/14\/2025\/02\/Cartilha-Conhecendo-Direitos-e-Deveres-do-Estudante-FAEN-UERN.pdf\">Cartilha-Conhecendo Direitos e Deveres do\/a Estudante FAEN\/UERN<\/a><\/li>\n<li><a href=\"https:\/\/portal.uern.br\/eduern\/wp-content\/uploads\/sites\/14\/2024\/12\/E-book-Manual-de-Boas-Vindas-do-Hospital-Regional-da-Mulher-Parteira-Maria-Correia-1.pdf\">Manual de Boas Vindas do Hospital Regional da Mulher Parteira Maria Correia<\/a><\/li>\n<li><a href=\"https:\/\/portal.uern.br\/eduern\/wp-content\/uploads\/sites\/14\/2024\/12\/E-book-Manual-de-Boas-Vindas-do-Hospital-Regional-da-Mulher-Parteira-Maria-Correia-alunos-residentes-e-preceptores.pdf\">Manual de Boas Vindas do Hospital Regional da Mulher Parteira Maria Correia: alunos, residentes e preceptores<\/a><\/li>\n<li><a href=\"https:\/\/portal.uern.br\/eduern\/wp-content\/uploads\/sites\/14\/2024\/12\/Cartilha-para-Pessoas-Gestantes.pdf\">Cartilha para Pessoas Gestantes<\/a><\/li>\n<li><a href=\"https:\/\/portal.uern.br\/eduern\/wp-content\/uploads\/sites\/14\/2024\/08\/E-book-Praticas-Integrativas-e-Complementares-vivencias-reflexoes-e-ciencia.pdf\">Pr\u00e1ticas integrativas e complementares: viv\u00eancias, reflex\u00f5es e ci\u00eancia<\/a><\/li>\n<li><a href=\"https:\/\/portal.uern.br\/eduern\/wp-content\/uploads\/sites\/14\/2023\/07\/E-book-Vozes-Maternas-percepcoes-e-experiencias-das-maes-de-criancas-com-Sindrome-Congenita-do-Zika-Virus.pdf\">Vozes Maternas: percep\u00e7\u00f5es e experi\u00eancias das m\u00e3es de crian\u00e7as com S\u00edndrome Cong\u00eanita do Zika V\u00edrus<\/a><\/li>\n<li><a href=\"https:\/\/portal.uern.br\/eduern\/wp-content\/uploads\/sites\/14\/2024\/01\/24-E-book-MANUAL-DE-PROTOCOLOS-OPERACIONAIS-PADRAO-DAS-UNIDADES-DE-PRONTO-ATENDIMENTO-MOSSORO-RN.pdf\">Manual de Protocolos Operacionais Padr\u00e3o das Unidades de Pronto Atendimento de\u00a0Mossor\u00f3\/RN<\/a><\/li>\n<li><a href=\"https:\/\/drive.google.com\/file\/d\/1mccgV6UfcwY6NHm_vfCAJ71owm4aXWcH\/view\">Cultura e Comunidade: o poder transformador do grupo PET<\/a><\/li>\n<li><a href=\"https:\/\/drive.google.com\/file\/d\/1lUPBHewTLWbB3ct6aZldSFOJ_XDPvYJB\/view\">Pr\u00e1ticas Integrativas e Complementares: diversidade de saberes em di\u00e1logos com a ci\u00eancia<\/a><\/li>\n<li><a href=\"https:\/\/drive.google.com\/file\/d\/1ASeRns3RUSd9AeSKjNTYGOIwC9eUSyG0\/view\">Cartilha\u00a0Covid-19: compartilhando saberes\u00a0<\/a><\/li>\n<li><a href=\"https:\/\/drive.google.com\/file\/d\/1AHe9FSJzSEhEiRHPCReR2DZke_wdmIRM\/view\">Viv\u00eancias,\u00a0Saberes e Pr\u00e1ticas no Programa de Educa\u00e7\u00e3o Tutorial em Enfermagem<\/a><\/li>\n<li><a href=\"https:\/\/drive.google.com\/file\/d\/1oWksG2dtHiZYX-apZt0Mtny34BrkVgxL\/view\">Cartilha-SerMente:inserindo\u00a0pr\u00e1ticas\u00a0integrativas\u00a0no\u00a0seu\u00a0dia\u00a0a dia\u00a0<\/a><\/li>\n<li><a href=\"https:\/\/drive.google.com\/file\/d\/1ykPA4Wd11dQaBa5-A0lKTH3yMzODVsdq\/view\">Cartilha \u2013 SerMente II: inserindo pr\u00e1ticas integrativas no seu dia a dia<\/a><\/li>\n<li><a href=\"https:\/\/drive.google.com\/file\/d\/1cfFS57Eq934lFg5GRCiLtB7lcQRaFaIS\/view\">Anais do I FONDIPIS &#8211; F\u00f3rum Nacional de Di\u00e1logos e Pr\u00e1ticas Interprofissionais em Sa\u00fade\u00a0<\/a><\/li>\n<li><a href=\"https:\/\/02c32119-796e-4cae-a4b9-347d307832f8.filesusr.com\/ugd\/56dbda_e5918bc99a0a461f89baa3a482a13729.pdf\">Anais do II FONDIPIS &#8211; F\u00f3rum Nacional de Di\u00e1logos e Pr\u00e1ticas Interprofissionais em Sa\u00fade\u00a0<\/a><\/li>\n<li><a href=\"https:\/\/portal.uern.br\/eduern\/wp-content\/uploads\/sites\/14\/2024\/08\/ANAIS-DO-FONDIPIS.pdf\">Anais do III F\u00f3rum Nacional de Di\u00e1logos e Pr\u00e1ticas Interprofissionais em Sa\u00fade \u2013 FONDIPIS<\/a><\/li>\n<li><a href=\"https:\/\/portal.uern.br\/eduern\/wp-content\/uploads\/sites\/14\/2023\/03\/Anais-do-IV-Forum-Nacional-de-Dialogos-e-Praticas-Interprofissionais-em-Saude-FONDIPIS.pdf\">Anais\u00a0do\u00a0IV\u00a0F\u00f3rum\u00a0Nacional\u00a0de\u00a0Di\u00e1logos\u00a0e\u00a0Pr\u00e1ticas\u00a0Interprofissionais em Sa\u00fade\u00a0\u2013\u00a0FONDIPIS<\/a><\/li>\n<li><a href=\"https:\/\/revista.redeunida.org.br\/index.php\/rede-unida\/article\/view\/4201\/1243\">Anais do VI F\u00f3rum Internacional de Di\u00e1logos e Pr\u00e1ticas Interprofissionais em Sa\u00fade \u2013 FONDIPIS<\/a><\/li>\n<li><a href=\"https:\/\/revista.redeunida.org.br\/index.php\/rede-unida\/article\/view\/4517\/1364\">Anais do VII F\u00f3rum Internacional de Di\u00e1logos e Pr\u00e1ticas Interprofissionais em Sa\u00fade \u2013 FONDIPIS<\/a><\/li>\n<li><a href=\"https:\/\/drive.google.com\/file\/d\/1Ix3EPB_h7R1pl835gksYGskp74WaWVBT\/view\">Diversidade\u00a0Sexual na Educa\u00e7\u00e3o B\u00e1sica<\/a><\/li>\n<li><a href=\"https:\/\/drive.google.com\/file\/d\/1VKdzxe2lJN4CeDrmxO33-Wj8NKWdJ0Eh\/view\">A\u00e7\u00f5es e\u00a0Reflex\u00f5es do Cuidado ao Adulto e ao Idoso nos Diversos Cen\u00e1rios de Sa\u00fade<\/a><\/li>\n<li><a href=\"https:\/\/www.uern.br\/controledepaginas\/edicoes-uern-ebooks\/arquivos\/53361._anais_do_i_simposio_regional_de_pics.pdf\">Anais do I Simp\u00f3sio Regional de Pr\u00e1ticas Integrativas e Complementares em Sa\u00fade e II Encontro Integrativo de Enfermagem<\/a><\/li>\n<\/ul>\n","protected":false},"excerpt":{"rendered":"<p>Bem-vindos\/as ao espa\u00e7o dedicado \u00e0 divulga\u00e7\u00e3o da produ\u00e7\u00e3o bibliogr\u00e1fica da Faculdade de Enfermagem da UERN. Aqui, reunimos livros, cartilhas, manuais e anais de eventos organizados pela nossa comunidade acad\u00eamica, refletindo o compromisso com o ensino, a pesquisa e a extens\u00e3o. Nosso objetivo \u00e9 compartilhar conhecimento e contribuir para o avan\u00e7o da Enfermagem e das Ci\u00eancias [&hellip;]<\/p>\n","protected":false},"author":5,"featured_media":0,"parent":0,"menu_order":0,"comment_status":"closed","ping_status":"closed","template":"","meta":{"footnotes":""},"class_list":["post-1595","page","type-page","status-publish","hentry"],"_links":{"self":[{"href":"https:\/\/portal.uern.br\/faen\/wp-json\/wp\/v2\/pages\/1595","targetHints":{"allow":["GET"]}}],"collection":[{"href":"https:\/\/portal.uern.br\/faen\/wp-json\/wp\/v2\/pages"}],"about":[{"href":"https:\/\/portal.uern.br\/faen\/wp-json\/wp\/v2\/types\/page"}],"author":[{"embeddable":true,"href":"https:\/\/portal.uern.br\/faen\/wp-json\/wp\/v2\/users\/5"}],"replies":[{"embeddable":true,"href":"https:\/\/portal.uern.br\/faen\/wp-json\/wp\/v2\/comments?post=1595"}],"version-history":[{"count":22,"href":"https:\/\/portal.uern.br\/faen\/wp-json\/wp\/v2\/pages\/1595\/revisions"}],"predecessor-version":[{"id":1629,"href":"https:\/\/portal.uern.br\/faen\/wp-json\/wp\/v2\/pages\/1595\/revisions\/1629"}],"wp:attachment":[{"href":"https:\/\/portal.uern.br\/faen\/wp-json\/wp\/v2\/media?parent=1595"}],"curies":[{"name":"wp","href":"https:\/\/api.w.org\/{rel}","templated":true}]}}