{"id":1590,"date":"2025-02-25T11:34:59","date_gmt":"2025-02-25T14:34:59","guid":{"rendered":"https:\/\/portal.uern.br\/faen\/?page_id=1590"},"modified":"2025-05-09T11:32:09","modified_gmt":"2025-05-09T14:32:09","slug":"2025-2","status":"publish","type":"page","link":"https:\/\/portal.uern.br\/faen\/editais\/extensao\/2025-2\/","title":{"rendered":"2025"},"content":{"rendered":"<ul>\n<li><a href=\"https:\/\/drive.google.com\/file\/d\/1p0msJNf--jVF8BAcg5mHt0H23gmEIGRs\/view?usp=drive_link\">Edital dos Projetos de Extens\u00e3o do DEN 2025.<\/a><\/li>\n<li><a href=\"https:\/\/drive.google.com\/file\/d\/1KXmEw0xK7KrVr1EP_3FDlaa9dFIGxkDU\/view?usp=drive_link\">Errata ao Edital dos Projetos de Extens\u00e3o do DEN 2025.<\/a><\/li>\n<li><a href=\"https:\/\/drive.google.com\/file\/d\/1rHtFX0i1ZCwxKDQMnEsEtS8KLw9UyION\/view?usp=drive_link\">Edital N\u00ba 01\/2025 &#8211; Sele\u00e7\u00e3o de Obras de Arte para a publica\u00e7\u00e3o no livro &#8220;INSUBMISSAS FORMAS DE SER: ARTE E RESIST\u00caNCIA LGBTI+&#8221;<\/a><\/li>\n<\/ul>\n","protected":false},"excerpt":{"rendered":"<p>Edital dos Projetos de Extens\u00e3o do DEN 2025. Errata ao Edital dos Projetos de Extens\u00e3o do DEN 2025. Edital N\u00ba 01\/2025 &#8211; Sele\u00e7\u00e3o de Obras de Arte para a publica\u00e7\u00e3o no livro &#8220;INSUBMISSAS FORMAS DE SER: ARTE E RESIST\u00caNCIA LGBTI+&#8221;<\/p>\n","protected":false},"author":5,"featured_media":0,"parent":677,"menu_order":0,"comment_status":"closed","ping_status":"closed","template":"","meta":{"footnotes":""},"class_list":["post-1590","page","type-page","status-publish","hentry"],"_links":{"self":[{"href":"https:\/\/portal.uern.br\/faen\/wp-json\/wp\/v2\/pages\/1590","targetHints":{"allow":["GET"]}}],"collection":[{"href":"https:\/\/portal.uern.br\/faen\/wp-json\/wp\/v2\/pages"}],"about":[{"href":"https:\/\/portal.uern.br\/faen\/wp-json\/wp\/v2\/types\/page"}],"author":[{"embeddable":true,"href":"https:\/\/portal.uern.br\/faen\/wp-json\/wp\/v2\/users\/5"}],"replies":[{"embeddable":true,"href":"https:\/\/portal.uern.br\/faen\/wp-json\/wp\/v2\/comments?post=1590"}],"version-history":[{"count":4,"href":"https:\/\/portal.uern.br\/faen\/wp-json\/wp\/v2\/pages\/1590\/revisions"}],"predecessor-version":[{"id":1633,"href":"https:\/\/portal.uern.br\/faen\/wp-json\/wp\/v2\/pages\/1590\/revisions\/1633"}],"up":[{"embeddable":true,"href":"https:\/\/portal.uern.br\/faen\/wp-json\/wp\/v2\/pages\/677"}],"wp:attachment":[{"href":"https:\/\/portal.uern.br\/faen\/wp-json\/wp\/v2\/media?parent=1590"}],"curies":[{"name":"wp","href":"https:\/\/api.w.org\/{rel}","templated":true}]}}