{"id":1434,"date":"2024-05-08T09:19:20","date_gmt":"2024-05-08T12:19:20","guid":{"rendered":"https:\/\/portal.uern.br\/faen\/?page_id=1434"},"modified":"2024-05-08T09:24:06","modified_gmt":"2024-05-08T12:24:06","slug":"perguntas-frequentes","status":"publish","type":"page","link":"https:\/\/portal.uern.br\/faen\/perguntas-frequentes\/","title":{"rendered":"Perguntas Frequentes"},"content":{"rendered":"<ul>\n<li><span style=\"font-size: 14pt\"><strong>Qual o objetivo do curso de Bacharelado em Enfermagem?<\/strong><\/span><\/li>\n<\/ul>\n<p><span style=\"font-size: 14pt\">Formar o enfermeiro bacharel generalista, humanista, cr\u00edtico e reflexivo com autonomia, discernimento e pr\u00f3-atividade assegurando a integralidade do cuidado na aten\u00e7\u00e3o \u00e0 sa\u00fade dos indiv\u00edduos, das fam\u00edlias, dos grupos e das comunidades. Esse processo se dar\u00e1 de forma permanente, embasado nos quatro pilares da educa\u00e7\u00e3o que articulam o aprender a conhecer, aprender a fazer, aprender a ser e o aprender a conviver; pautado nos princ\u00edpios da interdisciplinaridade\/transdisciplinaridade, da flexibilidade, da pluralidade, da indissociabilidade ensino-pesquisa-extens\u00e3o e da integra\u00e7\u00e3o ensino-servi\u00e7o.<\/span><\/p>\n<ul>\n<li><span style=\"font-size: 14pt\"><strong>Como posso ingressar no curso de gradua\u00e7\u00e3o de bacharelado em Enfermagem?<\/strong><\/span><\/li>\n<\/ul>\n<p><span style=\"font-size: 14pt\">O acesso ao curso de gradua\u00e7\u00e3o de bacharelado em Enfermagem, da Faculdade de Enfermagem (FAEN) da Universidade do Estado do Rio Grande o Norte (UERN) para preenchimento de vagas iniciais, far-se-\u00e1 por interm\u00e9dio do Sistema de Sele\u00e7\u00e3o Unificada (SiSU), exclusivamente com base nos resultados obtidos pelos candidatos no Exame Nacional do Ensino M\u00e9dio (ENEM). Tamb\u00e9m poder\u00e3o ingressar por meio do Processo Seletivo de Vagas N\u00e3o Iniciais (PSVNI), previsto no Regulamento dos Cursos de Gradua\u00e7\u00e3o da UERN o qual destina-se ao preenchimento de vagas existentes distribu\u00eddas nas modalidades de Transfer\u00eancia Interna, Transfer\u00eancia Externa e Retorno, como tamb\u00e9m atrav\u00e9s do Processo Seletivo de vagas Ociosas (PSVO). Salientamos que os editais s\u00e3o publicados semestralmente.<\/span><\/p>\n<ul>\n<li><span style=\"font-size: 14pt\"><strong>O que \u00e9 a Orienta\u00e7\u00e3o Acad\u00eamica?<\/strong><\/span><\/li>\n<\/ul>\n<p><span style=\"font-size: 14pt\">A Orienta\u00e7\u00e3o Acad\u00eamica de Curso (OAC) tem como objetivo orientar e acompanhar o aluno em sua forma\u00e7\u00e3o acad\u00eamico-profissional (Regulamento dos Cursos de Gradua\u00e7\u00e3o da UERN -RCG, Art. 60).\u00a0Atribui\u00e7\u00f5es da OAC: <a href=\"https:\/\/www.uern.br\/controledepaginas\/Proeg-L.Interna\/arquivos\/3129resolua%C2%A7a%C2%A3o_026_2017.consepe_novo_rcg.pdf\">RCG Art. 63.<\/a><\/span><\/p>\n<ul>\n<li><span style=\"font-size: 14pt\"><strong>Posso mudar de curso na UERN?<\/strong><\/span><\/li>\n<\/ul>\n<p><span style=\"font-size: 14pt\">Sim, Semestralmente \u00e9 lan\u00e7ado um edital de vagas n\u00e3o iniciais (PSVNI), no qual uma porcentagem das vagas s\u00e3o destinadas para transfer\u00eancia interna.<\/span><\/p>\n<ul>\n<li><span style=\"font-size: 14pt\"><strong>Posso transferir meu curso de outra IES para UERN?<\/strong><\/span><\/li>\n<\/ul>\n<p><span style=\"font-size: 14pt\">Sim, Semestralmente \u00e9 lan\u00e7ado um edital de vagas n\u00e3o iniciais (PSVNI), no qual uma porcentagem das vagas s\u00e3o destinadas para transfer\u00eancia externa.<\/span><\/p>\n<ul>\n<li><span style=\"font-size: 14pt\"><strong>Quais situa\u00e7\u00f5es posso solicitar o regime de exerc\u00edcios domiciliares?<\/strong><\/span><\/li>\n<\/ul>\n<p><span style=\"font-size: 14pt\">O regime de exerc\u00edcios domiciliares como compensa\u00e7\u00e3o da aus\u00eancia \u00e0s aulas aplica-se:<\/span><br \/>\n<span style=\"font-size: 14pt\">\u25cf aluna gestante, durante 90 dias, a partir do 8\u00ba m\u00eas de gesta\u00e7\u00e3o, desde que comprovado por atestado m\u00e9dico;<\/span><br \/>\n<span style=\"font-size: 14pt\">\u25cf aluna adotante, durante 90 (noventas) dias, a partir da data da guarda, desde que comprovada por decis\u00e3o judicial;<\/span><br \/>\n<span style=\"font-size: 14pt\">\u25cf pai, por ocasi\u00e3o da licen\u00e7a paternidade, durante 5 (cinco) dias;<\/span><br \/>\n<span style=\"font-size: 14pt\">\u25cf pai adotante, durante 5 (cinco) dias, a partir da data da guarda, desde que comprovada por decis\u00e3o judicial;<\/span><br \/>\n<span style=\"font-size: 14pt\">\u25cf aluno portador de afec\u00e7\u00f5es, comprovadas por atestado m\u00e9dico, que o impe\u00e7am temporariamente de frequentar as atividades acad\u00eamicas previstas, desde que se verifique a conserva\u00e7\u00e3o das condi\u00e7\u00f5es intelectuais e emocionais\u00a0 necess\u00e1rias para o prosseguimento da atividade escolar em novos moldes;<\/span><br \/>\n<span style=\"font-size: 14pt\">\u25cf participantes de evento cient\u00edfico ou art\u00edstico-cultural, de \u00e2mbito local, regional, nacional e internacional, que tenha rela\u00e7\u00e3o com os objetivos do curso ao qual o aluno esteja vinculado, com a anu\u00eancia do Departamento;<\/span><br \/>\n<span style=\"font-size: 14pt\">\u25cf participantes de competi\u00e7\u00f5es art\u00edsticas ou desportivas, de \u00e2mbito regional, nacional e internacional, desde que registrados como competidores oficiais, em documento expedido por entidade oficial. Regulamento dos Cursos de Gradua\u00e7\u00e3o da UERN -RCG, Art. 124)<\/span><\/p>\n","protected":false},"excerpt":{"rendered":"<p>Qual o objetivo do curso de Bacharelado em Enfermagem? Formar o enfermeiro bacharel generalista, humanista, cr\u00edtico e reflexivo com autonomia, discernimento e pr\u00f3-atividade assegurando a integralidade do cuidado na aten\u00e7\u00e3o \u00e0 sa\u00fade dos indiv\u00edduos, das fam\u00edlias, dos grupos e das comunidades. Esse processo se dar\u00e1 de forma permanente, embasado nos quatro pilares da educa\u00e7\u00e3o que [&hellip;]<\/p>\n","protected":false},"author":5,"featured_media":0,"parent":0,"menu_order":0,"comment_status":"closed","ping_status":"closed","template":"","meta":{"footnotes":""},"class_list":["post-1434","page","type-page","status-publish","hentry"],"_links":{"self":[{"href":"https:\/\/portal.uern.br\/faen\/wp-json\/wp\/v2\/pages\/1434","targetHints":{"allow":["GET"]}}],"collection":[{"href":"https:\/\/portal.uern.br\/faen\/wp-json\/wp\/v2\/pages"}],"about":[{"href":"https:\/\/portal.uern.br\/faen\/wp-json\/wp\/v2\/types\/page"}],"author":[{"embeddable":true,"href":"https:\/\/portal.uern.br\/faen\/wp-json\/wp\/v2\/users\/5"}],"replies":[{"embeddable":true,"href":"https:\/\/portal.uern.br\/faen\/wp-json\/wp\/v2\/comments?post=1434"}],"version-history":[{"count":2,"href":"https:\/\/portal.uern.br\/faen\/wp-json\/wp\/v2\/pages\/1434\/revisions"}],"predecessor-version":[{"id":1437,"href":"https:\/\/portal.uern.br\/faen\/wp-json\/wp\/v2\/pages\/1434\/revisions\/1437"}],"wp:attachment":[{"href":"https:\/\/portal.uern.br\/faen\/wp-json\/wp\/v2\/media?parent=1434"}],"curies":[{"name":"wp","href":"https:\/\/api.w.org\/{rel}","templated":true}]}}