{"id":1409,"date":"2024-02-23T08:07:48","date_gmt":"2024-02-23T11:07:48","guid":{"rendered":"https:\/\/portal.uern.br\/faen\/?page_id=1409"},"modified":"2025-06-29T11:15:50","modified_gmt":"2025-06-29T14:15:50","slug":"den-departamento-de-enfermagem","status":"publish","type":"page","link":"https:\/\/portal.uern.br\/faen\/den-departamento-de-enfermagem\/","title":{"rendered":"DEN &#8211; Departamento de Enfermagem"},"content":{"rendered":"<p><img decoding=\"async\" class=\"alignnone  wp-image-1642\" src=\"https:\/\/portal.uern.br\/faen\/wp-content\/uploads\/2025\/06\/LOGOMARCA_Departamento_FAEN_UERN_CMYK_97.81.0.14-copia-1-300x51.png\" alt=\"\" width=\"530\" height=\"90\" srcset=\"https:\/\/portal.uern.br\/faen\/wp-content\/uploads\/2025\/06\/LOGOMARCA_Departamento_FAEN_UERN_CMYK_97.81.0.14-copia-1-300x51.png 300w, https:\/\/portal.uern.br\/faen\/wp-content\/uploads\/2025\/06\/LOGOMARCA_Departamento_FAEN_UERN_CMYK_97.81.0.14-copia-1-768x131.png 768w, https:\/\/portal.uern.br\/faen\/wp-content\/uploads\/2025\/06\/LOGOMARCA_Departamento_FAEN_UERN_CMYK_97.81.0.14-copia-1.png 918w\" sizes=\"(max-width: 530px) 100vw, 530px\" \/><\/p>\n<p>O Departamento de Enfermagem (DEN) \u00e9 vinculado \u00e0 Faculdade de Enfermagem, competindo-lhes a execu\u00e7\u00e3o, a supervis\u00e3o e o acompanhamento das atividades de ensino, pesquisa e extens\u00e3o e administra\u00e7\u00e3o acad\u00eamica, de acordo com as atribui\u00e7\u00f5es normativas pertinentes. Para mais informa\u00e7\u00f5es sobre corpo docente, N\u00facleo Docente Estruturante, hor\u00e1rios de aulas, Programas Gerais de componentes Curriculares, projetos de pesquisa, de extens\u00e3o, programas formativos, grupos de pesquisa, etc, acesse o\u00a0<a href=\"https:\/\/portal.uern.br\/faen\/den\/\">site do DEN.<\/a><\/p>\n","protected":false},"excerpt":{"rendered":"<p>O Departamento de Enfermagem (DEN) \u00e9 vinculado \u00e0 Faculdade de Enfermagem, competindo-lhes a execu\u00e7\u00e3o, a supervis\u00e3o e o acompanhamento das atividades de ensino, pesquisa e extens\u00e3o e administra\u00e7\u00e3o acad\u00eamica, de acordo com as atribui\u00e7\u00f5es normativas pertinentes. Para mais informa\u00e7\u00f5es sobre corpo docente, N\u00facleo Docente Estruturante, hor\u00e1rios de aulas, Programas Gerais de componentes Curriculares, projetos de [&hellip;]<\/p>\n","protected":false},"author":7,"featured_media":0,"parent":0,"menu_order":0,"comment_status":"closed","ping_status":"closed","template":"","meta":{"footnotes":""},"class_list":["post-1409","page","type-page","status-publish","hentry"],"_links":{"self":[{"href":"https:\/\/portal.uern.br\/faen\/wp-json\/wp\/v2\/pages\/1409","targetHints":{"allow":["GET"]}}],"collection":[{"href":"https:\/\/portal.uern.br\/faen\/wp-json\/wp\/v2\/pages"}],"about":[{"href":"https:\/\/portal.uern.br\/faen\/wp-json\/wp\/v2\/types\/page"}],"author":[{"embeddable":true,"href":"https:\/\/portal.uern.br\/faen\/wp-json\/wp\/v2\/users\/7"}],"replies":[{"embeddable":true,"href":"https:\/\/portal.uern.br\/faen\/wp-json\/wp\/v2\/comments?post=1409"}],"version-history":[{"count":6,"href":"https:\/\/portal.uern.br\/faen\/wp-json\/wp\/v2\/pages\/1409\/revisions"}],"predecessor-version":[{"id":1643,"href":"https:\/\/portal.uern.br\/faen\/wp-json\/wp\/v2\/pages\/1409\/revisions\/1643"}],"wp:attachment":[{"href":"https:\/\/portal.uern.br\/faen\/wp-json\/wp\/v2\/media?parent=1409"}],"curies":[{"name":"wp","href":"https:\/\/api.w.org\/{rel}","templated":true}]}}