{"id":1376,"date":"2023-10-26T21:42:40","date_gmt":"2023-10-27T00:42:40","guid":{"rendered":"https:\/\/portal.uern.br\/faen\/?page_id=1376"},"modified":"2023-10-26T21:44:24","modified_gmt":"2023-10-27T00:44:24","slug":"processo-seletivo","status":"publish","type":"page","link":"https:\/\/portal.uern.br\/faen\/residencia-multiprofissional-em-atencao-basica-saude-da-familia-e-comunidade\/processo-seletivo\/","title":{"rendered":"Processo Seletivo"},"content":{"rendered":"<p>O processo seletivo para as vagas da Resid\u00eancia Multiprofissional em Aten\u00e7\u00e3o B\u00e1sica\/Sa\u00fade da Fam\u00edlia e Comunidade \u00e9 conduzido pela Funcitern no <a href=\"https:\/\/www.funcitern.org\/selecaocoremu\" target=\"_blank\" rel=\"noopener\">Link do Processo Seletivo.<\/a><\/p>\n<p>&nbsp;<\/p>\n","protected":false},"excerpt":{"rendered":"<p>O processo seletivo para as vagas da Resid\u00eancia Multiprofissional em Aten\u00e7\u00e3o B\u00e1sica\/Sa\u00fade da Fam\u00edlia e Comunidade \u00e9 conduzido pela Funcitern no Link do Processo Seletivo. &nbsp;<\/p>\n","protected":false},"author":5,"featured_media":0,"parent":770,"menu_order":0,"comment_status":"closed","ping_status":"closed","template":"","meta":{"footnotes":""},"class_list":["post-1376","page","type-page","status-publish","hentry"],"_links":{"self":[{"href":"https:\/\/portal.uern.br\/faen\/wp-json\/wp\/v2\/pages\/1376","targetHints":{"allow":["GET"]}}],"collection":[{"href":"https:\/\/portal.uern.br\/faen\/wp-json\/wp\/v2\/pages"}],"about":[{"href":"https:\/\/portal.uern.br\/faen\/wp-json\/wp\/v2\/types\/page"}],"author":[{"embeddable":true,"href":"https:\/\/portal.uern.br\/faen\/wp-json\/wp\/v2\/users\/5"}],"replies":[{"embeddable":true,"href":"https:\/\/portal.uern.br\/faen\/wp-json\/wp\/v2\/comments?post=1376"}],"version-history":[{"count":1,"href":"https:\/\/portal.uern.br\/faen\/wp-json\/wp\/v2\/pages\/1376\/revisions"}],"predecessor-version":[{"id":1377,"href":"https:\/\/portal.uern.br\/faen\/wp-json\/wp\/v2\/pages\/1376\/revisions\/1377"}],"up":[{"embeddable":true,"href":"https:\/\/portal.uern.br\/faen\/wp-json\/wp\/v2\/pages\/770"}],"wp:attachment":[{"href":"https:\/\/portal.uern.br\/faen\/wp-json\/wp\/v2\/media?parent=1376"}],"curies":[{"name":"wp","href":"https:\/\/api.w.org\/{rel}","templated":true}]}}