{"id":1361,"date":"2023-10-26T19:53:40","date_gmt":"2023-10-26T22:53:40","guid":{"rendered":"https:\/\/portal.uern.br\/faen\/?page_id=1361"},"modified":"2023-10-26T21:40:19","modified_gmt":"2023-10-27T00:40:19","slug":"redes-sociais-ligadas-a-residencia-multiprofissional-em-saude-da-familia","status":"publish","type":"page","link":"https:\/\/portal.uern.br\/faen\/residencia-multiprofissional-em-atencao-basica-saude-da-familia-e-comunidade\/redes-sociais-ligadas-a-residencia-multiprofissional-em-saude-da-familia\/","title":{"rendered":"Redes sociais"},"content":{"rendered":"<ul>\n<li><a href=\"https:\/\/www.instagram.com\/residenciamultiuern\/\">Instagram da Resid\u00eancia<\/a><\/li>\n<li><a href=\"https:\/\/www.instagram.com\/ambulatoriolgbtuern\/\">Instagram do Ambulat\u00f3rio LGBTI+<\/a><\/li>\n<li><a href=\"https:\/\/www.instagram.com\/ambulatoriofaen\/\">Instagram do Ambulat\u00f3rio da FAEN<\/a><\/li>\n<li><a href=\"https:\/\/www.instagram.com\/consultorio_familiar\/\">Instagram do Consult\u00f3rio Familiar<\/a><\/li>\n<li><a href=\"https:\/\/www.instagram.com\/fondipis\/\">Instagram do FONDIPIS<\/a><\/li>\n<li><a href=\"https:\/\/www.instagram.com\/residentes.barrocas\/\">Instagram da Equipe de Residentes das UBS do bairro das Barrocas<\/a><\/li>\n<li><a href=\"https:\/\/www.instagram.com\/residencia_ubslagoadomato\/\">Instragram da Equipe de Residentes da UBS da UBS do bairro Lagoa do Mato<\/a><\/li>\n<li><a href=\"https:\/\/www.instagram.com\/equipemultidur\/\">Instagram da Equipe de Residentes das UBS dos bairros Walfredo Gurgel e Teimosos<\/a><\/li>\n<\/ul>\n","protected":false},"excerpt":{"rendered":"<p>Instagram da Resid\u00eancia Instagram do Ambulat\u00f3rio LGBTI+ Instagram do Ambulat\u00f3rio da FAEN Instagram do Consult\u00f3rio Familiar Instagram do FONDIPIS Instagram da Equipe de Residentes das UBS do bairro das Barrocas Instragram da Equipe de Residentes da UBS da UBS do bairro Lagoa do Mato Instagram da Equipe de Residentes das UBS dos bairros Walfredo Gurgel [&hellip;]<\/p>\n","protected":false},"author":5,"featured_media":0,"parent":770,"menu_order":0,"comment_status":"closed","ping_status":"closed","template":"","meta":{"footnotes":""},"class_list":["post-1361","page","type-page","status-publish","hentry"],"_links":{"self":[{"href":"https:\/\/portal.uern.br\/faen\/wp-json\/wp\/v2\/pages\/1361","targetHints":{"allow":["GET"]}}],"collection":[{"href":"https:\/\/portal.uern.br\/faen\/wp-json\/wp\/v2\/pages"}],"about":[{"href":"https:\/\/portal.uern.br\/faen\/wp-json\/wp\/v2\/types\/page"}],"author":[{"embeddable":true,"href":"https:\/\/portal.uern.br\/faen\/wp-json\/wp\/v2\/users\/5"}],"replies":[{"embeddable":true,"href":"https:\/\/portal.uern.br\/faen\/wp-json\/wp\/v2\/comments?post=1361"}],"version-history":[{"count":5,"href":"https:\/\/portal.uern.br\/faen\/wp-json\/wp\/v2\/pages\/1361\/revisions"}],"predecessor-version":[{"id":1375,"href":"https:\/\/portal.uern.br\/faen\/wp-json\/wp\/v2\/pages\/1361\/revisions\/1375"}],"up":[{"embeddable":true,"href":"https:\/\/portal.uern.br\/faen\/wp-json\/wp\/v2\/pages\/770"}],"wp:attachment":[{"href":"https:\/\/portal.uern.br\/faen\/wp-json\/wp\/v2\/media?parent=1361"}],"curies":[{"name":"wp","href":"https:\/\/api.w.org\/{rel}","templated":true}]}}