{"id":197,"date":"2023-02-11T19:28:24","date_gmt":"2023-02-11T22:28:24","guid":{"rendered":"http:\/\/beta.apps.uern.br\/wordpress\/faen\/den\/?page_id=197"},"modified":"2023-02-11T19:28:24","modified_gmt":"2023-02-11T22:28:24","slug":"biblioteca","status":"publish","type":"page","link":"https:\/\/portal.uern.br\/faen\/den\/biblioteca\/","title":{"rendered":"Biblioteca"},"content":{"rendered":"<p>A Faculdade de Enfermagem possui acesso ao Sistema Integrado de Bibliotecas Reitor Pe. S\u00e1tiro Cavalcanti Dantas que \u00e9 um \u00f3rg\u00e3o suplementar da UERN e tem como objetivos organizar, preservar e disseminar a informa\u00e7\u00e3o para a produ\u00e7\u00e3o do conhecimento da universidade, oferecendo suporte das atividades educacionais, cient\u00edficas, tecnol\u00f3gicas e culturais de nossa institui\u00e7\u00e3o, contribui para o crescimento e o desenvolvimento do ensino, pesquisa e extens\u00e3o, possibilitando o acesso e a difus\u00e3o da produ\u00e7\u00e3o cient\u00edfica nacional. Em todas as suas unidades, o Sistema de Bibliotecas conta com acervo f\u00edsico (livros, peri\u00f3dicos etc.), bem como com ambiente para estudo e acesso \u00e0 internet, com servi\u00e7os de consulta e renova\u00e7\u00e3o de empr\u00e9stimos. A comunidade da FAEN utiliza principalmente os espa\u00e7os e acervo da Biblioteca Central Reitor Pe. S\u00e1tiro Cavalcanti Dantas \u2013 Sede do Campus Central; Biblioteca Setorial da Faculdade de Enfermagem (FAEN); e a Biblioteca Setorial da Faculdade de Ci\u00eancias da Sa\u00fade (FACS).<\/p>\n","protected":false},"excerpt":{"rendered":"<p>A Faculdade de Enfermagem possui acesso ao Sistema Integrado de Bibliotecas Reitor Pe. S\u00e1tiro Cavalcanti Dantas que \u00e9 um \u00f3rg\u00e3o suplementar da UERN e tem como objetivos organizar, preservar e disseminar a informa\u00e7\u00e3o para a produ\u00e7\u00e3o do conhecimento da universidade, oferecendo suporte das atividades educacionais, cient\u00edficas, tecnol\u00f3gicas e culturais de nossa institui\u00e7\u00e3o, contribui para o [&hellip;]<\/p>\n","protected":false},"author":1,"featured_media":0,"parent":0,"menu_order":0,"comment_status":"closed","ping_status":"closed","template":"","meta":{"footnotes":""},"class_list":["post-197","page","type-page","status-publish","hentry"],"_links":{"self":[{"href":"https:\/\/portal.uern.br\/faen\/den\/wp-json\/wp\/v2\/pages\/197","targetHints":{"allow":["GET"]}}],"collection":[{"href":"https:\/\/portal.uern.br\/faen\/den\/wp-json\/wp\/v2\/pages"}],"about":[{"href":"https:\/\/portal.uern.br\/faen\/den\/wp-json\/wp\/v2\/types\/page"}],"author":[{"embeddable":true,"href":"https:\/\/portal.uern.br\/faen\/den\/wp-json\/wp\/v2\/users\/1"}],"replies":[{"embeddable":true,"href":"https:\/\/portal.uern.br\/faen\/den\/wp-json\/wp\/v2\/comments?post=197"}],"version-history":[{"count":1,"href":"https:\/\/portal.uern.br\/faen\/den\/wp-json\/wp\/v2\/pages\/197\/revisions"}],"predecessor-version":[{"id":198,"href":"https:\/\/portal.uern.br\/faen\/den\/wp-json\/wp\/v2\/pages\/197\/revisions\/198"}],"wp:attachment":[{"href":"https:\/\/portal.uern.br\/faen\/den\/wp-json\/wp\/v2\/media?parent=197"}],"curies":[{"name":"wp","href":"https:\/\/api.w.org\/{rel}","templated":true}]}}