{"id":191,"date":"2023-02-11T19:27:20","date_gmt":"2023-02-11T22:27:20","guid":{"rendered":"http:\/\/beta.apps.uern.br\/wordpress\/faen\/den\/?page_id=191"},"modified":"2023-02-11T19:27:20","modified_gmt":"2023-02-11T22:27:20","slug":"grupos-de-pesquisas-institucionalizados","status":"publish","type":"page","link":"https:\/\/portal.uern.br\/faen\/den\/grupos-de-pesquisas-institucionalizados\/","title":{"rendered":"Grupos de Pesquisas Institucionalizados."},"content":{"rendered":"<p><strong>Grupo de Pesquisa: Forma\u00e7\u00e3o, Cuidado e Trabalho em Sa\u00fade\/Enfermagem.<\/strong><\/p>\n<p>L\u00edder &#8211; Prof. Dr. F\u00e1tima Raquel Rosado Morais<\/p>\n<p>Vice-l\u00edder &#8211; Prof. Me. Johny Carlos de Queiroz<\/p>\n<p><strong>Docentes Pesquisadores.<\/strong><\/p>\n<p>Prof. Ma. Cintia Mikaelle Cunha de Santiago<\/p>\n<p>Prof. Ma. Katamara Medeiros Tavares Melo<\/p>\n<p>Prof. Dra. Kelianny Pinheiro Bezerra<\/p>\n<p>Prof. Dra. L\u00edbne Lidianne da Rocha e N\u00f3brega<\/p>\n<p>Prof. Dra. Lucineire Lopes de Oliveira<\/p>\n<p>Prof. Me. Magda Fabiana do Amaral Pereira<\/p>\n<p>Prof. Dra. Suzana Carneiro de Azevedo Fernandes<\/p>\n<p><strong>\u00a0<\/strong><\/p>\n<p><strong>Grupo de Pesquisa:\u00a0Grupo de Estudos Educa\u00e7\u00e3o, Trabalho, Sa\u00fade e Enfermagem \u2013 GEETSE<\/strong><\/p>\n<p>L\u00edder \u2013 Prof\u00aa. Dra. Mo\u00eamia Gomes de Oliveira Miranda<\/p>\n<p>Vice-l\u00edder \u2013 Prof\u00ba. Dr. Jo\u00e3o Bosco Filho<\/p>\n<p><strong>Docentes pesquisadores.<\/strong><\/p>\n<p>Prof\u00aa. Me. Ana Karinne de Moura Saraiva<\/p>\n<p>Prof\u00aa. Ma. Andrezza Graziella Verissimo Pontes<\/p>\n<p>Prof\u00ba. Me. Jennifer do Vale e Silva<\/p>\n<p>Prof\u00aa. Maria Carm\u00e9lia Sales do Amaral<\/p>\n<p>Prof\u00aa. Dra. Suzane Gomes de Medeiros<\/p>\n<p>Prof\u00ba. Me. Wanderley Fernandes da Silva<\/p>\n<p><strong>Grupo de Pesquisa:\u00a0Aten\u00e7\u00e3o \u00e0 Sa\u00fade do Adulto e do Idoso<\/strong><\/p>\n<p>L\u00edder \u2013 Prof\u00ba. Dr. Alcivan Nunes Vieira<\/p>\n<p>Vice-l\u00edder &#8211; Prof\u00aa. Dra. Francisca Patr\u00edcia Barreto de Carvalho<\/p>\n<p><strong>Docentes pesquisadores:<\/strong><\/p>\n<p>Prof\u00aa. Dra. Dayane Pessoa de Ara\u00fajo<\/p>\n<p>Prof\u00ba. Me. Deivson Wendell da Costa Lima<\/p>\n<p>Prof\u00ba. Me. Francisco Rafael Ribeiro Soares<\/p>\n<p>Prof\u00aa. Dra. Isabel Cristina Amaral de Sousa Rosso Nelson<\/p>\n<p>Prof\u00ba. Me. Johny Carlos de Queiroz<\/p>\n<p>Prof\u00aa. Dra. Kal\u00eddia Felipe de Lima Costa<\/p>\n<p>Prof\u00ba. Dr. Lucidio Clebeson de Oliveira<\/p>\n<p><strong>Grupo de Pesquisa:\u00a0N\u00facleo de Pesquisa em pr\u00e1ticas Integrativas e Complementares em Sa\u00fade &#8211; NUPICS\u00a0<\/strong><\/p>\n<p>L\u00edder &#8211;\u00a0Prof\u00aa. Dra. Isabel Cristina Amaral de Sousa Rosso Nelson<\/p>\n<p>Vice-l\u00edder &#8211;\u00a0Prof\u00ba. Dr. Lucidio Clebeson de Oliveira<\/p>\n<p><strong>Docentes pesquisadores:<\/strong><\/p>\n<p>Prof\u00ba. Me. Francisco Rafael Ribeiro Soares<\/p>\n","protected":false},"excerpt":{"rendered":"<p>Grupo de Pesquisa: Forma\u00e7\u00e3o, Cuidado e Trabalho em Sa\u00fade\/Enfermagem. L\u00edder &#8211; Prof. Dr. F\u00e1tima Raquel Rosado Morais Vice-l\u00edder &#8211; Prof. Me. Johny Carlos de Queiroz Docentes Pesquisadores. Prof. Ma. Cintia Mikaelle Cunha de Santiago Prof. Ma. Katamara Medeiros Tavares Melo Prof. Dra. Kelianny Pinheiro Bezerra Prof. Dra. L\u00edbne Lidianne da Rocha e N\u00f3brega Prof. Dra. [&hellip;]<\/p>\n","protected":false},"author":1,"featured_media":0,"parent":0,"menu_order":0,"comment_status":"closed","ping_status":"closed","template":"","meta":{"footnotes":""},"class_list":["post-191","page","type-page","status-publish","hentry"],"_links":{"self":[{"href":"https:\/\/portal.uern.br\/faen\/den\/wp-json\/wp\/v2\/pages\/191","targetHints":{"allow":["GET"]}}],"collection":[{"href":"https:\/\/portal.uern.br\/faen\/den\/wp-json\/wp\/v2\/pages"}],"about":[{"href":"https:\/\/portal.uern.br\/faen\/den\/wp-json\/wp\/v2\/types\/page"}],"author":[{"embeddable":true,"href":"https:\/\/portal.uern.br\/faen\/den\/wp-json\/wp\/v2\/users\/1"}],"replies":[{"embeddable":true,"href":"https:\/\/portal.uern.br\/faen\/den\/wp-json\/wp\/v2\/comments?post=191"}],"version-history":[{"count":1,"href":"https:\/\/portal.uern.br\/faen\/den\/wp-json\/wp\/v2\/pages\/191\/revisions"}],"predecessor-version":[{"id":192,"href":"https:\/\/portal.uern.br\/faen\/den\/wp-json\/wp\/v2\/pages\/191\/revisions\/192"}],"wp:attachment":[{"href":"https:\/\/portal.uern.br\/faen\/den\/wp-json\/wp\/v2\/media?parent=191"}],"curies":[{"name":"wp","href":"https:\/\/api.w.org\/{rel}","templated":true}]}}