{"id":185,"date":"2023-02-11T19:26:22","date_gmt":"2023-02-11T22:26:22","guid":{"rendered":"http:\/\/beta.apps.uern.br\/wordpress\/faen\/den\/?page_id=185"},"modified":"2023-02-11T19:26:22","modified_gmt":"2023-02-11T22:26:22","slug":"projetos-de-pesquisa","status":"publish","type":"page","link":"https:\/\/portal.uern.br\/faen\/den\/projetos-de-pesquisa\/","title":{"rendered":"Projetos de Pesquisa"},"content":{"rendered":"<p>O desenvolvimento da pesquisa pode ser viabilizado por meio de estudos junto ao indiv\u00edduo, comunidade, fam\u00edlias, institui\u00e7\u00f5es e grupos sociais. A investiga\u00e7\u00e3o\/pesquisa da enfermagem se articula com as demandas do SUS em termos de agenda de prioridades de pesquisa, organiza\u00e7\u00e3o e consolida\u00e7\u00e3o das Redes de Aten\u00e7\u00e3o \u00e0 Sa\u00fade, elabora\u00e7\u00e3o de produtos e tecnologias em sa\u00fade, qualifica\u00e7\u00e3o profissional, educa\u00e7\u00e3o em sa\u00fade, promo\u00e7\u00e3o da sa\u00fade, preven\u00e7\u00e3o de agravos e tratamento de doen\u00e7as.<br \/>\nUma demanda de pesquisa inerente ao processo formativo e ao exerc\u00edcio profissional \u00e9 a mobiliza\u00e7\u00e3o de estudos voltados para o desenvolvimento t\u00e9cnico, metodol\u00f3gico, cient\u00edfico, \u00e9tico e pol\u00edtico da enfermagem. Compreende-se que o desenvolvimento da profiss\u00e3o implica no aperfei\u00e7oamento do escopo de conhecimentos que a embasa.<br \/>\nA pesquisa na enfermagem tem como subs\u00eddios \u00e0s ci\u00eancias biol\u00f3gicas e da sa\u00fade; ci\u00eancias humanas, pol\u00edticas e sociais; ci\u00eancias exatas e naturais; as ci\u00eancias da enfermagem; saberes populares e outros campos de conhecimento, articulados em uma perspectiva transdisciplinar (BRASIL, 2001).<br \/>\nEsta perspectiva de articula\u00e7\u00e3o se fundamenta na concep\u00e7\u00e3o da ci\u00eancia como campo de produ\u00e7\u00e3o de conhecimentos capazes de responder de modo transit\u00f3rio e parcial as suas quest\u00f5es. Esta produ\u00e7\u00e3o carrega intencionalidades, ideologias e valores independentemente da abordagem de pesquisa empregada ou dos instrumentos aplicados para a produ\u00e7\u00e3o de dados (MACHADO, 2006).<br \/>\nConsiderando as Resolu\u00e7\u00f5es CNS n\u00ba 466 de 12 de dezembro de 2012 e n\u00ba 510 de 7 de abril de 2016 (que institui as diretrizes e normas regulamentadoras de pesquisas envolvendo seres humanos) (BRASIL, 2012; BRASIL, 2016) e a Resolu\u00e7\u00e3o CNS n\u00ba 580 de 22 de mar\u00e7o de 2018 (BRASIL 2018) do Conselho Nacional de Sa\u00fade (que estabelece as especificidades \u00e9ticas das pesquisas de interesse estrat\u00e9gico para o SUS) a pesquisa, na forma\u00e7\u00e3o em enfermagem, na FAEN UERN, tamb\u00e9m \u00e9 orientada pelas diretrizes que regem as pesquisas com seres humanos.<br \/>\nNo cen\u00e1rio da gradua\u00e7\u00e3o em enfermagem na FAEN, a investiga\u00e7\u00e3o tamb\u00e9m \u00e9 considerada um princ\u00edpio formativo cujo prop\u00f3sito \u00e9 o de instigar o aluno a assumir uma postura cr\u00edtica diante dos conhecimentos que lhe s\u00e3o apresentados, interna e\/ou externamente, no contexto acad\u00eamico. O processo de estrutura\u00e7\u00e3o da pesquisa, seu delineamento metodol\u00f3gico e a sua fundamenta\u00e7\u00e3o te\u00f3rica e conceitual insere-se no processo de forma\u00e7\u00e3o do enfermeiro quando capacita o discente para desenvolver projetos de pesquisa.<\/p>\n<p>No processo de integraliza\u00e7\u00e3o dos componentes curriculares est\u00e1 prevista a elabora\u00e7\u00e3o e desenvolvimento do projeto de pesquisa, pr\u00e9-requisitos para a conclus\u00e3o do curso de gradua\u00e7\u00e3o em enfermagem na FAEN. Este processo se estabelece em componentes curriculares, eventos cient\u00edficos e culturais e atividades estrat\u00e9gicas (semin\u00e1rios, rodas de conversa entre outras) envolvendo: servi\u00e7os de sa\u00fade e educa\u00e7\u00e3o, participa\u00e7\u00e3o em grupos de pesquisa e no Programa Especial de Treinamento (PET).<\/p>\n<p>Uma estrat\u00e9gia exitosa que tem se consolidado nas pesquisas desenvolvidas na FAEN ao longo dos anos \u00e9 a articula\u00e7\u00e3o entre docentes e discentes com profissionais dos servi\u00e7os de sa\u00fade, onde estes t\u00eam participado dos processos de investiga\u00e7\u00e3o e na composi\u00e7\u00e3o das bancas avaliadoras de monografia. Logo, identifica-se nesta articula\u00e7\u00e3o, um movimento fecundo para a formula\u00e7\u00e3o de processos de investiga\u00e7\u00e3o capazes de oferecer respostas aos problemas vivenciados por esses profissionais no contexto da Aten\u00e7\u00e3o \u00e0 Sa\u00fade.<\/p>\n<p>A pol\u00edtica de pesquisa da FAEN insere-se nas a\u00e7\u00f5es de inicia\u00e7\u00e3o cient\u00edfica empreendidas pela UERN. O Programa Institucional de Inicia\u00e7\u00e3o Cient\u00edfica da universidade publica editais para a submiss\u00e3o de projetos anualmente. A seguir tem-se o quadro que demonstra os projetos dos docentes da FAEN que foram aprovados nos referidos editais.<\/p>\n","protected":false},"excerpt":{"rendered":"<p>O desenvolvimento da pesquisa pode ser viabilizado por meio de estudos junto ao indiv\u00edduo, comunidade, fam\u00edlias, institui\u00e7\u00f5es e grupos sociais. A investiga\u00e7\u00e3o\/pesquisa da enfermagem se articula com as demandas do SUS em termos de agenda de prioridades de pesquisa, organiza\u00e7\u00e3o e consolida\u00e7\u00e3o das Redes de Aten\u00e7\u00e3o \u00e0 Sa\u00fade, elabora\u00e7\u00e3o de produtos e tecnologias em sa\u00fade, [&hellip;]<\/p>\n","protected":false},"author":1,"featured_media":0,"parent":0,"menu_order":0,"comment_status":"closed","ping_status":"closed","template":"","meta":{"footnotes":""},"class_list":["post-185","page","type-page","status-publish","hentry"],"_links":{"self":[{"href":"https:\/\/portal.uern.br\/faen\/den\/wp-json\/wp\/v2\/pages\/185","targetHints":{"allow":["GET"]}}],"collection":[{"href":"https:\/\/portal.uern.br\/faen\/den\/wp-json\/wp\/v2\/pages"}],"about":[{"href":"https:\/\/portal.uern.br\/faen\/den\/wp-json\/wp\/v2\/types\/page"}],"author":[{"embeddable":true,"href":"https:\/\/portal.uern.br\/faen\/den\/wp-json\/wp\/v2\/users\/1"}],"replies":[{"embeddable":true,"href":"https:\/\/portal.uern.br\/faen\/den\/wp-json\/wp\/v2\/comments?post=185"}],"version-history":[{"count":1,"href":"https:\/\/portal.uern.br\/faen\/den\/wp-json\/wp\/v2\/pages\/185\/revisions"}],"predecessor-version":[{"id":186,"href":"https:\/\/portal.uern.br\/faen\/den\/wp-json\/wp\/v2\/pages\/185\/revisions\/186"}],"wp:attachment":[{"href":"https:\/\/portal.uern.br\/faen\/den\/wp-json\/wp\/v2\/media?parent=185"}],"curies":[{"name":"wp","href":"https:\/\/api.w.org\/{rel}","templated":true}]}}