{"id":183,"date":"2023-02-11T19:26:03","date_gmt":"2023-02-11T22:26:03","guid":{"rendered":"http:\/\/beta.apps.uern.br\/wordpress\/faen\/den\/?page_id=183"},"modified":"2025-05-20T11:08:05","modified_gmt":"2025-05-20T14:08:05","slug":"programas-gerais-das-disciplinas-pgccs","status":"publish","type":"page","link":"https:\/\/portal.uern.br\/faen\/den\/programas-gerais-das-disciplinas-pgccs\/","title":{"rendered":"Programas Gerais das Disciplinas &#8211; PGCC&#8217;s"},"content":{"rendered":"<h5><strong>CURSO DE ENFERMAGEM (LICENCIATURA\/BACHARELADO) &#8211; MATRIZ EM EXTIN\u00c7\u00c3O<\/strong><\/h5>\n<p><strong>1\u00ba PER\u00cdODO<\/strong><\/p>\n<p><a href=\"http:\/\/www.uern.br\/controledepaginas\/den-apresentacao\/arquivos\/3799pgcc_a_universidade_e_a_produa%C2%A7a%C2%A3o_da_for;a_de_trabalho_em_enfermagem.pdf\">A Universidade e a Produ\u00e7\u00e3o da For\u00e7a de Trabaho em Enfermagem<\/a><\/p>\n<p><a href=\"http:\/\/www.uern.br\/controledepaginas\/den-apresentacao\/arquivos\/3799pgcc_biologia.pdf\">Biologia<\/a><\/p>\n<p><a href=\"http:\/\/www.uern.br\/controledepaginas\/den-apresentacao\/arquivos\/3799pgcc_concepa%C2%A7a%C2%B5es_sobre_o_ato_de_estudar.pdf\">Concep\u00e7\u00f5es sobre o Ato de Estudar<\/a><\/p>\n<p><a href=\"http:\/\/www.uern.br\/controledepaginas\/den-apresentacao\/arquivos\/3799pgcc_fundamentos_da_filosofia.pdf\">Fundamentos da Filosofia<\/a><\/p>\n<p><a href=\"http:\/\/www.uern.br\/controledepaginas\/den-apresentacao\/arquivos\/3799pgcc_fundamentos_da_psicologia.pdf\">Fundamentos da Psicologia<\/a><\/p>\n<p><a href=\"http:\/\/www.uern.br\/controledepaginas\/den-apresentacao\/arquivos\/3799pgcc_fundamentos_da_sociologia.pdf\">Fundamentos da Sociologia<\/a><\/p>\n<p><a href=\"http:\/\/www.uern.br\/controledepaginas\/den-apresentacao\/arquivos\/3799pgcc_la%C2%ADngua_brasileira_de_sinais.pdf\">L\u00edngua Brasileira de Sinais<\/a><\/p>\n<p><strong>2\u00ba PER\u00cdODO<\/strong><\/p>\n<p><a href=\"http:\/\/www.uern.br\/controledepaginas\/den-apresentacao\/arquivos\/3799pgcc_antropologia_e_saade.pdf\">Antropologia e Sa\u00fade<\/a><\/p>\n<p><a href=\"http:\/\/www.uern.br\/controledepaginas\/den-apresentacao\/arquivos\/3799pgcc_hista%C2%B3ria_e_processo_de_trabalho_em_enfermagem.pdf\">Hist\u00f3ria e Processo do Trabalho em Enfermagem<\/a><\/p>\n<p><a href=\"http:\/\/www.uern.br\/controledepaginas\/den-apresentacao\/arquivos\/3799pgcc_morfologia.pdf\">Morfologia<\/a><\/p>\n<p><a href=\"http:\/\/www.uern.br\/controledepaginas\/den-apresentacao\/arquivos\/3799pgcc_processos_fisiola%C2%B3gicos.pdf\">Processos Fisiol\u00f3gicos<\/a><\/p>\n<p><a href=\"http:\/\/www.uern.br\/controledepaginas\/den-apresentacao\/arquivos\/3799pgcc_sociologia_da_educaa%C2%A7a%C2%A3o.pdf\">Sociologia da Educa\u00e7\u00e3o<\/a><\/p>\n<p><strong>3\u00ba PER\u00cdODO<\/strong><\/p>\n<p><a href=\"http:\/\/www.uern.br\/controledepaginas\/den-apresentacao\/arquivos\/3799pgcc_epidemiol_e_enferm.pdf\">Epidemiologia e Enfermagem<\/a><\/p>\n<p><a href=\"http:\/\/www.uern.br\/controledepaginas\/den-apresentacao\/arquivos\/3799pgcc_filosogia_da_eduaa%C2%A7a%C2%A3o.pdf\">Filosofia da Educa\u00e7\u00e3o<\/a><\/p>\n<p><a href=\"http:\/\/www.uern.br\/controledepaginas\/den-apresentacao\/arquivos\/3799pgcc_ganero_e_enfermagem.pdf\">G\u00eanero e Enfermagem<\/a><\/p>\n<p><a href=\"http:\/\/www.uern.br\/controledepaginas\/den-apresentacao\/arquivos\/3799pgcc_processo_de_investigaa%C2%A7a%C2%A3o_em_enfermagem.pdf\">Processo de Investiga\u00e7\u00e3o em Enfermagem<\/a><\/p>\n<p><a href=\"http:\/\/www.uern.br\/controledepaginas\/den-apresentacao\/arquivos\/3799pgcc_processos_patola%C2%B3gicos.pdf\">Processos Patol\u00f3gicos<\/a><\/p>\n<p><strong>4\u00ba PER\u00cdODO<\/strong><\/p>\n<p><a href=\"http:\/\/www.uern.br\/controledepaginas\/den-apresentacao\/arquivos\/3799pgcc_enfermagem_em_saade_coletiva.pdf\">Enfermagem em Sa\u00fade Coletiva<\/a><\/p>\n<p><a href=\"http:\/\/www.uern.br\/controledepaginas\/den-apresentacao\/arquivos\/3799pgcc_processos_terapauticos.pdf\">Processos Terap\u00eauticos<\/a><\/p>\n<p><a href=\"http:\/\/www.uern.br\/controledepaginas\/den-apresentacao\/arquivos\/3799pgcc_psicologia_da_aprendizagem.pdf\">Psicologia da Aprendizagem<\/a><\/p>\n<p><a href=\"http:\/\/www.uern.br\/controledepaginas\/den-apresentacao\/arquivos\/3799pgcc_semiol_e_semiot_de_enferm_no_proces_s_d_do_adulto.pdf\">Semiologia e Semiot\u00e9cnica no Processo Sa\u00fade\/Doen\u00e7a do Adulto<\/a><\/p>\n<p><strong>5\u00ba PER\u00cdODO<\/strong><\/p>\n<p><a href=\"http:\/\/www.uern.br\/controledepaginas\/den-apresentacao\/arquivos\/3799pgcc_educaa%C2%A7a%C2%A3o_em_saade.pdf\">Educa\u00e7\u00e3o em Sa\u00fade<\/a><\/p>\n<p><a href=\"http:\/\/www.uern.br\/controledepaginas\/den-apresentacao\/arquivos\/3799pgcc_enferm_no_proc_s_d_da_criana%C2%A7a_e_do_adolesc.pdf\">Enfermagem no Processo Sa\u00fade\/Doen\u00e7a da Crian\u00e7a e do Adolescente<\/a><\/p>\n<p><a href=\"http:\/\/www.uern.br\/controledepaginas\/den-apresentacao\/arquivos\/3799pgcc_exerca%C2%ADcio_de_enfermagem.pdf\">Exerc\u00edcio de Enfermagem<\/a><\/p>\n<p><a href=\"http:\/\/www.uern.br\/controledepaginas\/den-apresentacao\/arquivos\/3799pgcc_o_processo_gerenciar_da_enfermagem.pdf\">O Processo Gerenciar da Enfermagem<\/a><\/p>\n<p><a href=\"http:\/\/www.uern.br\/controledepaginas\/den-apresentacao\/arquivos\/3799pgcc_organizaa%C2%A7a%C2%A3o_da_educaa%C2%A7a%C2%A3o_brasileira.pdf\">Organiza\u00e7\u00e3o da Educa\u00e7\u00e3o Brasileira<\/a><\/p>\n<p><a href=\"http:\/\/www.uern.br\/controledepaginas\/den-apresentacao\/arquivos\/3799pgcc_saade_ambiental.pdf\">Sa\u00fade Ambiental<\/a><\/p>\n<p><a href=\"http:\/\/www.uern.br\/controledepaginas\/den-apresentacao\/arquivos\/3799pgcc_semiologia_e_semiot_de_enferm_no_proce_s_d_da_criana%C2%A7a.pdf\">Semiologia e Semiot\u00e9cnica no Processo Sa\u00fade\/Doen\u00e7a da Crian\u00e7a<\/a><\/p>\n<p><strong>6\u00ba PER\u00cdODO<\/strong><\/p>\n<p><a href=\"http:\/\/www.uern.br\/controledepaginas\/den-apresentacao\/arquivos\/3799pgcc_dida%C2%A1tica.pdf\">Did\u00e1tica<\/a><\/p>\n<p><a href=\"http:\/\/www.uern.br\/controledepaginas\/den-apresentacao\/arquivos\/3799pgcc_enfermagem_na_s_d_do_processo_produtivo.pdf\">Enfermagem na Sa\u00fade\/Doen\u00e7a do Processo Produtivo<\/a><\/p>\n<p><a href=\"http:\/\/www.uern.br\/controledepaginas\/den-apresentacao\/arquivos\/3799pgcc_enfermagm_no_processo_de_reprodua%C2%A7a%C2%A3o_humana.pdf\">Enfermagem no Processo de Reprodu\u00e7\u00e3o Humana<\/a><\/p>\n<p><a href=\"http:\/\/www.uern.br\/controledepaginas\/den-apresentacao\/arquivos\/3799pgcc_esta%C2%A1gio_em_pra%C2%A1tica_de_ensino_i.pdf\">Est\u00e1gio em Pr\u00e1tica de Ensino I<\/a><\/p>\n<p><a href=\"http:\/\/www.uern.br\/controledepaginas\/den-apresentacao\/arquivos\/3799pgcc_pesquisa_e_enfermagem.pdf\">Pesquisa e Enfermagem<\/a><\/p>\n<p><a href=\"http:\/\/www.uern.br\/controledepaginas\/den-apresentacao\/arquivos\/3799pgcc_temas_avana%C2%A7ados_em_saade_coletiva.pdf\">Temas Avan\u00e7ados em Sa\u00fade Coletiva<\/a><\/p>\n<p><strong>7\u00ba PER\u00cdODO<\/strong><\/p>\n<p><a href=\"http:\/\/www.uern.br\/controledepaginas\/den-apresentacao\/arquivos\/3799pgcc_enferm_no_proc_s_d_da_3a_idade.pdf\">Enfermagem no Processo Sa\u00fade\/Doen\u00e7a da 3\u00aa Idade<\/a><\/p>\n<p><a href=\"http:\/\/www.uern.br\/controledepaginas\/den-apresentacao\/arquivos\/3799pgcc_enferm_no_proc_s_d_do_adulto.pdf\">Enfermagem no Processo Sa\u00fade\/Doen\u00e7a do Adulto<\/a><\/p>\n<p><a href=\"http:\/\/www.uern.br\/controledepaginas\/den-apresentacao\/arquivos\/3799pgcc_esta%C2%A1gio_em_pra%C2%A1tica_de_ensino_ii.pdf\">Est\u00e1gio em Pr\u00e1tica de Ensino II<\/a><\/p>\n<p><a href=\"http:\/\/www.uern.br\/controledepaginas\/den-apresentacao\/arquivos\/3799pgcc_gesta%C2%A3o_do_processo_ensinar_aprender.pdf\">Gest\u00e3o no Processo Ensinar\/Aprender<\/a><\/p>\n<p><strong>8\u00ba PER\u00cdODO<\/strong><\/p>\n<p><a href=\"http:\/\/www.uern.br\/controledepaginas\/den-apresentacao\/arquivos\/3799pgcc_esta%C2%A1gio_em_pra%C2%A1tica_de_ensino_iii.pdf\">Est\u00e1gio em Pr\u00e1tica de Ensino III<\/a><\/p>\n<p><a href=\"http:\/\/www.uern.br\/controledepaginas\/den-apresentacao\/arquivos\/3799pgcc_esta%C2%A1gio_em_servia%C2%A7o_de_saade_i.pdf\">Est\u00e1gio em Servi\u00e7o de Sa\u00fade I<\/a><\/p>\n<p><a href=\"http:\/\/www.uern.br\/controledepaginas\/den-apresentacao\/arquivos\/3799pgcc_estudos_orientados_para_elaboraa%C2%A7a%C2%A3o_de_monografia.pdf\">Estudos Orientados para Elabora\u00e7\u00e3o de Monografia<\/a><\/p>\n<p><strong>9\u00ba PER\u00cdODO<\/strong><\/p>\n<p><a href=\"http:\/\/www.uern.br\/controledepaginas\/den-apresentacao\/arquivos\/3799pgcc_esta%C2%A1gio_em_pra%C2%A1tica_de_ensino_iv.pdf\">Est\u00e1gio em pr\u00e1tica de Ensino IV<\/a><\/p>\n<p><a href=\"http:\/\/www.uern.br\/controledepaginas\/den-apresentacao\/arquivos\/3799pgcc_esta%C2%A1gio_em_servia%C2%A7o_de_saade_ii.pdf\">Est\u00e1gio em Servi\u00e7o de Sa\u00fade II<\/a><\/p>\n<p><a href=\"http:\/\/www.uern.br\/controledepaginas\/den-apresentacao\/arquivos\/3799pgcc_monografia.pdf\">Monografia<\/a><\/p>\n<p><strong>DISCIPLINAS OPTATIVAS<\/strong><\/p>\n<p><a href=\"http:\/\/www.uern.br\/controledepaginas\/den-apresentacao\/arquivos\/3799pgcc_mecanismos_de_agressa%C2%A3o_e_defesa.pdf\">Mecanismos de Agress\u00e3o e Defesa<\/a><\/p>\n<p><a href=\"http:\/\/www.uern.br\/controledepaginas\/den-apresentacao\/arquivos\/3799pgcc_pra%C2%A1ticas_integrativas_e_os_cuidados_humanescentes_em_saade.pdf\">Pr\u00e1ticas Integrativas e os Cuidados Humanescentes em Sa\u00fade<\/a><\/p>\n<p><a href=\"http:\/\/www.uern.br\/controledepaginas\/den-apresentacao\/arquivos\/3799pgcc_primeiros_socorros.pdf\">Primeiros Socorros<\/a><\/p>\n<h3>CURSO DE ENFERMAGEM (BACHARELADO) &#8211; MATRIZ EM IMPLANTA\u00c7\u00c3O<\/h3>\n<p><strong>1\u00ba PER\u00cdODO<\/strong><\/p>\n<p><strong><br \/>\n<\/strong><a href=\"http:\/\/www.uern.br\/controledepaginas\/den-apresentacao\/arquivos\/3799pgcc_embriologia_geral_e_histologia.pdf\">Embriologia Geral e Histologia<\/a><\/p>\n<p><a href=\"http:\/\/www.uern.br\/controledepaginas\/den-apresentacao\/arquivos\/3799pgcc_biologia_celular_e_molecular.pdf\">Biologia Celular e Molecular<\/a><\/p>\n<p><a href=\"http:\/\/www.uern.br\/controledepaginas\/den-apresentacao\/arquivos\/3799pgcc_sociedade_estado_universidede_e_enfermagem.pdf\">Sociedade, Estado, Universidade e Enfermagem<\/a><\/p>\n<p><a href=\"http:\/\/www.uern.br\/controledepaginas\/den-apresentacao\/arquivos\/3799pgcc_conhecimento_cienta%C2%ADfico_leituras_e_tecnicas.pdf\">Conhecimento Cient\u00edfico: leituras e t\u00e9cnicas<\/a><\/p>\n<p><a href=\"http:\/\/www.uern.br\/controledepaginas\/den-apresentacao\/arquivos\/3799pgcc_atencao_e_assistencia_em_urgencia_e_emergencia.pdf\">Aten\u00e7\u00e3o e Assist\u00eancia em Urg\u00eancia e Emerg\u00eancia &#8211; Suporte B\u00e1sico de Vida<\/a><\/p>\n<p><a href=\"https:\/\/portal.uern.br\/faen\/den\/wp-content\/uploads\/sites\/3\/2024\/10\/pgcc-2022.1_Genero_Sociedade-e-Diversidade.pdf\">G\u00eanero, Sociedade e Diversidade<\/a><\/p>\n<p><a href=\"http:\/\/www.uern.br\/controledepaginas\/den-apresentacao\/arquivos\/3799pgcc_necessidades_de_saude_e_enfermagem.pdf\">Necessidades de Sa\u00fade e Enfermagem<\/a><\/p>\n<p><a href=\"http:\/\/www.uern.br\/controledepaginas\/den-apresentacao\/arquivos\/3799pgcc_uce_i.pdf\">UCE I<\/a><\/p>\n<p><strong>2\u00ba PER\u00cdODO<\/strong><\/p>\n<p><a href=\"http:\/\/www.uern.br\/controledepaginas\/den-apresentacao\/arquivos\/3799pgcc_antropologia_e_saude.pdf\">Antropologia e sa\u00fade<\/a><\/p>\n<p><a href=\"http:\/\/www.uern.br\/controledepaginas\/den-apresentacao\/arquivos\/3799pgcc_comportamento_humano_e_relacoes.pdf\">Comportamento humano e rela\u00e7\u00f5es<\/a><\/p>\n<p><a href=\"http:\/\/www.uern.br\/controledepaginas\/den-apresentacao\/arquivos\/3799pgcc_fisiologia_humana.pdf\">Fisiologia humana<\/a><\/p>\n<p><a href=\"http:\/\/www.uern.br\/controledepaginas\/den-apresentacao\/arquivos\/3799pgcc_morfologia.pdf\">Morfologia<\/a><\/p>\n<p><a href=\"http:\/\/www.uern.br\/controledepaginas\/den-apresentacao\/arquivos\/3799pgcc_cultura_sociedade_e_reflexoes.pdf\">Cultura, sociedade e reflex\u00f5es<\/a><\/p>\n<p><a href=\"http:\/\/www.uern.br\/controledepaginas\/den-apresentacao\/arquivos\/3799pgcc_historia_e_processo_de_trabalho_em_enfermagem.pdf\">Hist\u00f3ria e processo de trabalho em enfermagem<\/a><\/p>\n<p><a href=\"http:\/\/www.uern.br\/controledepaginas\/den-apresentacao\/arquivos\/3799pgcc_uce_ii.pdf\">UCE II<\/a><\/p>\n<p><strong>3\u00ba PER\u00cdODO<\/strong><\/p>\n<p><a href=\"http:\/\/www.uern.br\/controledepaginas\/den-apresentacao\/arquivos\/3799pgcc_saude_ambiental.pdf\">Sa\u00fade ambiental<\/a><\/p>\n<p><a href=\"http:\/\/www.uern.br\/controledepaginas\/den-apresentacao\/arquivos\/3799pgcc_fisiopatologia_i.pdf\">Fisiopatologia I<\/a><\/p>\n<p><a href=\"http:\/\/www.uern.br\/controledepaginas\/den-apresentacao\/arquivos\/3799pgcc_mecanismos_de_agressa%C2%A3o_e_defesa.pdf\">Mecanismos de agress\u00e3o e defesa<\/a><\/p>\n<p><a href=\"http:\/\/www.uern.br\/controledepaginas\/den-apresentacao\/arquivos\/3799pgcc_estudos_cientificos_teorias_e_metodos_de_pesquisa.pdf\">Estudos cient\u00edficos: teorias e m\u00e9todos da pesquisa<\/a><\/p>\n<p><a href=\"http:\/\/www.uern.br\/controledepaginas\/den-apresentacao\/arquivos\/3799pgcc_enfermagem_em_saude_coletiva.pdf\">Enfermagem em sa\u00fade coletiva<\/a><\/p>\n<p><a href=\"http:\/\/www.uern.br\/controledepaginas\/den-apresentacao\/arquivos\/3799pgcc_etica_bioetica_e_cidadania.pdf\">\u00c9tica, bio\u00e9tica e cidadania<\/a><\/p>\n<p><a href=\"http:\/\/www.uern.br\/controledepaginas\/den-apresentacao\/arquivos\/3799pgcc_uce_iii.pdf\">UCE III<\/a><\/p>\n<p><strong>4\u00ba PER\u00cdODO<\/strong><\/p>\n<p><a href=\"http:\/\/www.uern.br\/controledepaginas\/den-apresentacao\/arquivos\/3799pgcc_fisiopatologiaii.pdf\">Fisiopatologia II<\/a><\/p>\n<p><a href=\"http:\/\/www.uern.br\/controledepaginas\/den-apresentacao\/arquivos\/3799pgcc_terapiaseprocessosfarmatologicos.pdf\">Terapias e Processos Farmacol\u00f3gicos Aplicados a Enfermagem<\/a><\/p>\n<p><a href=\"http:\/\/www.uern.br\/controledepaginas\/den-apresentacao\/arquivos\/3799pgcc_epidemiologia.pdf\">Epidemiologia e Enfermagem<\/a><\/p>\n<p><a href=\"http:\/\/www.uern.br\/controledepaginas\/den-apresentacao\/arquivos\/3799pgcc_semiologia.pdf\">Semiologia e Semiot\u00e9cnica I<\/a><\/p>\n<p><a href=\"http:\/\/www.uern.br\/controledepaginas\/den-apresentacao\/arquivos\/3799pgcc_sistematizacao.pdf\">Sistematiza\u00e7\u00e3o da assist\u00eancia e o processo de enfermagem<\/a><\/p>\n<p><a href=\"http:\/\/www.uern.br\/controledepaginas\/den-apresentacao\/arquivos\/3799pgcc_uce_iv.pdf\">UCE IV<\/a><\/p>\n<p><strong>5\u00ba PER\u00cdODO<\/strong><\/p>\n<p><a href=\"https:\/\/portal.uern.br\/faen\/den\/wp-content\/uploads\/sites\/3\/2023\/12\/PGCC-2023.1-Semio-II.pdf\">Semiologia e Semiot\u00e9cnica II<\/a><\/p>\n<p><a href=\"https:\/\/portal.uern.br\/faen\/den\/wp-content\/uploads\/sites\/3\/2023\/12\/PROCESSO-GERENCIAR-PGCC-2023.1.pdf\">O Processo Gerenciar de Enfermagem<\/a><\/p>\n<p><a href=\"https:\/\/portal.uern.br\/faen\/den\/wp-content\/uploads\/sites\/3\/2023\/12\/2023.1-PGCC-Educacao-em-Saude.pdf\">Educa\u00e7\u00e3o em Sa\u00fade<\/a><\/p>\n<p><a href=\"https:\/\/portal.uern.br\/faen\/den\/wp-content\/uploads\/sites\/3\/2023\/12\/PGCC-e-Crono-2023.1_Saude-Mental.pdf\">Sa\u00fade Mental<\/a><\/p>\n<p><a href=\"https:\/\/portal.uern.br\/faen\/den\/wp-content\/uploads\/sites\/3\/2023\/12\/PGCC-ESTUDOS-CIENTIFICOS-NATUREZA-E-INTERFACES-DA-PESQUISA.pdf\">Estudos Cient\u00edficos: Natureza e Interfaces da Pesquisa<\/a><\/p>\n<p><a href=\"https:\/\/portal.uern.br\/faen\/den\/wp-content\/uploads\/sites\/3\/2023\/12\/PGCC-UCE-IV.pdf\">UCE V<\/a><\/p>\n<p><strong>6\u00ba PER\u00cdODO<\/strong><\/p>\n<p><a href=\"https:\/\/portal.uern.br\/faen\/den\/wp-content\/uploads\/sites\/3\/2024\/02\/PGCC-Enfermagem-nas-acoes-integradas-a-saude-do-idoso-1.pdf\">Enfermagem nas a\u00e7\u00f5es integradas a sa\u00fade do idoso<\/a><\/p>\n<p><a href=\"https:\/\/portal.uern.br\/faen\/den\/wp-content\/uploads\/sites\/3\/2023\/12\/PGCC-e-Cronograma-Saude-do-Adulto-20232.pdf\">Enfermagem nas a\u00e7\u00f5es integradas na sa\u00fade do adulto<\/a><\/p>\n<p><a href=\"https:\/\/portal.uern.br\/faen\/den\/wp-content\/uploads\/sites\/3\/2023\/12\/PGCC_e_Crono_-_Criana_e_Adolescente_ATUALIZADO.pdf\">Enfermagem nas a\u00e7\u00f5es integradas a sa\u00fade na inf\u00e2ncia e adolesc\u00eancia<\/a><\/p>\n<p><a href=\"https:\/\/portal.uern.br\/faen\/den\/wp-content\/uploads\/sites\/3\/2023\/12\/PGCC-PSaude-do-Trabalhador-2023.2.pdf\">Enfermagem em sa\u00fade do trabalhador<\/a><\/p>\n<p><a href=\"https:\/\/portal.uern.br\/faen\/den\/wp-content\/uploads\/sites\/3\/2023\/12\/2023.2-PGCC-DESENVOLVIMENTO-PROFISSIONAL-EM-ENFERMAGEM.pdf\">Desenvolvimento profissional em enfermagem<\/a><\/p>\n<p><a href=\"https:\/\/portal.uern.br\/faen\/den\/wp-content\/uploads\/sites\/3\/2023\/12\/2023.2-PGCC-UCE-VIGILANCIA-E-PROMOCAO-EM-SAUDE-NO-CONTEXTO-ESCOLAR-acoes-e-estrategias-de-enfrentamento-1.pdf\">UCE VI<\/a><\/p>\n<p><strong>7\u00ba PER\u00cdODO<\/strong><\/p>\n<p><a href=\"https:\/\/portal.uern.br\/faen\/den\/wp-content\/uploads\/sites\/3\/2025\/05\/2025.1-PGCC-Criacao-de-Conteudo-Empreendedorismo.pdf\">Cria\u00e7\u00e3o de conte\u00fado, empreendedorismo e tecnologias<\/a><\/p>\n<p><a href=\"https:\/\/portal.uern.br\/faen\/den\/wp-content\/uploads\/sites\/3\/2024\/05\/PGCC-e-Crono-MATERNO-INFANTIL-p-SIGAA.pdf\">Enfermagem nas a\u00e7\u00f5es integradas materno infantil<\/a><\/p>\n<p><a href=\"https:\/\/portal.uern.br\/faen\/den\/wp-content\/uploads\/sites\/3\/2024\/09\/PGCC-Enfermagem-cirurgica-2024.1.pdf\">Enfermagem cir\u00fargica<\/a><\/p>\n<p><a href=\"https:\/\/portal.uern.br\/faen\/den\/wp-content\/uploads\/sites\/3\/2024\/09\/CRONOGRAMA-TCC-I.pdf\">Trabalho de conclus\u00e3o de curso I<\/a><\/p>\n<p>UCE VII<\/p>\n<p><strong>8\u00ba PER\u00cdODO<\/strong><\/p>\n<p><a href=\"https:\/\/portal.uern.br\/faen\/den\/wp-content\/uploads\/sites\/3\/2024\/09\/PGCC-E-CRONOGRAMA-PACIENTE-CRITICO.pdf\">Enfermagem nas a\u00e7\u00f5es integradas ao paciente cr\u00edtico<\/a><\/p>\n<p><a href=\"https:\/\/portal.uern.br\/faen\/den\/wp-content\/uploads\/sites\/3\/2024\/09\/PGCC-SUPORTE-AVANCADO-DE-VIDA-2024.2.pdf\">Aten\u00e7\u00e3o e assist\u00eancia em urg\u00eancia e emerg\u00eancia &#8211; suporte avan\u00e7ado de vida<\/a><\/p>\n<p>Trabalho de conclus\u00e3o de curso II<\/p>\n<p>UCE VIII<\/p>\n<p><strong>9\u00ba PER\u00cdODO<\/strong><\/p>\n<p>Est\u00e1gio em servi\u00e7os de sa\u00fade I<\/p>\n<p><strong>10\u00ba PER\u00cdODO<\/strong><\/p>\n<p>Est\u00e1gio em servi\u00e7os de sa\u00fade II<\/p>\n<p><strong>OPTATIVAS<\/strong><\/p>\n<p><a href=\"http:\/\/www.uern.br\/controledepaginas\/den-apresentacao\/arquivos\/3799pgcc_praticasintegrativas.pdf\">Pr\u00e1ticas Integrativas e os Cuidados Humanescentes em Sa\u00fade<\/a><\/p>\n<p><a href=\"http:\/\/www.uern.br\/controledepaginas\/den-apresentacao\/arquivos\/3799pgcc_informatica.pdf\">Inform\u00e1tica Aplicada \u00e0 Enfermagem<\/a><\/p>\n<p><a href=\"http:\/\/www.uern.br\/controledepaginas\/den-apresentacao\/arquivos\/3799pgcc_pesquisa_clinica.pdf\">Pesquisa Cl\u00ednica e Epidemiol\u00f3gica<\/a><\/p>\n","protected":false},"excerpt":{"rendered":"<p>CURSO DE ENFERMAGEM (LICENCIATURA\/BACHARELADO) &#8211; MATRIZ EM EXTIN\u00c7\u00c3O 1\u00ba PER\u00cdODO A Universidade e a Produ\u00e7\u00e3o da For\u00e7a de Trabaho em Enfermagem Biologia Concep\u00e7\u00f5es sobre o Ato de Estudar Fundamentos da Filosofia Fundamentos da Psicologia Fundamentos da Sociologia L\u00edngua Brasileira de Sinais 2\u00ba PER\u00cdODO Antropologia e Sa\u00fade Hist\u00f3ria e Processo do Trabalho em Enfermagem Morfologia Processos [&hellip;]<\/p>\n","protected":false},"author":1,"featured_media":0,"parent":0,"menu_order":0,"comment_status":"closed","ping_status":"closed","template":"","meta":{"footnotes":""},"class_list":["post-183","page","type-page","status-publish","hentry"],"_links":{"self":[{"href":"https:\/\/portal.uern.br\/faen\/den\/wp-json\/wp\/v2\/pages\/183","targetHints":{"allow":["GET"]}}],"collection":[{"href":"https:\/\/portal.uern.br\/faen\/den\/wp-json\/wp\/v2\/pages"}],"about":[{"href":"https:\/\/portal.uern.br\/faen\/den\/wp-json\/wp\/v2\/types\/page"}],"author":[{"embeddable":true,"href":"https:\/\/portal.uern.br\/faen\/den\/wp-json\/wp\/v2\/users\/1"}],"replies":[{"embeddable":true,"href":"https:\/\/portal.uern.br\/faen\/den\/wp-json\/wp\/v2\/comments?post=183"}],"version-history":[{"count":21,"href":"https:\/\/portal.uern.br\/faen\/den\/wp-json\/wp\/v2\/pages\/183\/revisions"}],"predecessor-version":[{"id":1089,"href":"https:\/\/portal.uern.br\/faen\/den\/wp-json\/wp\/v2\/pages\/183\/revisions\/1089"}],"wp:attachment":[{"href":"https:\/\/portal.uern.br\/faen\/den\/wp-json\/wp\/v2\/media?parent=183"}],"curies":[{"name":"wp","href":"https:\/\/api.w.org\/{rel}","templated":true}]}}