{"id":181,"date":"2023-02-11T19:25:27","date_gmt":"2023-02-11T22:25:27","guid":{"rendered":"http:\/\/beta.apps.uern.br\/wordpress\/faen\/den\/?page_id=181"},"modified":"2025-03-14T08:14:33","modified_gmt":"2025-03-14T11:14:33","slug":"horario-do-semestre","status":"publish","type":"page","link":"https:\/\/portal.uern.br\/faen\/den\/horario-do-semestre\/","title":{"rendered":"Hor\u00e1rio de Aulas"},"content":{"rendered":"<p><a href=\"https:\/\/portal.uern.br\/faen\/den\/wp-content\/uploads\/sites\/3\/2023\/12\/HORARIO-DE-AULA-2024.1_aprovado-em-plenaria-do-DEN.pdf\">Hor\u00e1rio do Semestre 2024.1<\/a><\/p>\n<p><a href=\"https:\/\/portal.uern.br\/faen\/den\/wp-content\/uploads\/sites\/3\/2025\/03\/HORARIO-DE-AULA-2024.2-Maio-de-2024.pdf\">Hor\u00e1rio do Semestre 2024.2<\/a><\/p>\n<p><a href=\"https:\/\/portal.uern.br\/faen\/den\/wp-content\/uploads\/sites\/3\/2025\/03\/HORARIO-DE-AULA-2025.1.docx-2.pdf\">Hor\u00e1rio do Semestre 2025.1<\/a><\/p>\n<p>&nbsp;<\/p>\n<p>&nbsp;<\/p>\n","protected":false},"excerpt":{"rendered":"<p>Hor\u00e1rio do Semestre 2024.1 Hor\u00e1rio do Semestre 2024.2 Hor\u00e1rio do Semestre 2025.1 &nbsp; &nbsp;<\/p>\n","protected":false},"author":1,"featured_media":0,"parent":0,"menu_order":0,"comment_status":"closed","ping_status":"closed","template":"","meta":{"footnotes":""},"class_list":["post-181","page","type-page","status-publish","hentry"],"_links":{"self":[{"href":"https:\/\/portal.uern.br\/faen\/den\/wp-json\/wp\/v2\/pages\/181","targetHints":{"allow":["GET"]}}],"collection":[{"href":"https:\/\/portal.uern.br\/faen\/den\/wp-json\/wp\/v2\/pages"}],"about":[{"href":"https:\/\/portal.uern.br\/faen\/den\/wp-json\/wp\/v2\/types\/page"}],"author":[{"embeddable":true,"href":"https:\/\/portal.uern.br\/faen\/den\/wp-json\/wp\/v2\/users\/1"}],"replies":[{"embeddable":true,"href":"https:\/\/portal.uern.br\/faen\/den\/wp-json\/wp\/v2\/comments?post=181"}],"version-history":[{"count":8,"href":"https:\/\/portal.uern.br\/faen\/den\/wp-json\/wp\/v2\/pages\/181\/revisions"}],"predecessor-version":[{"id":1077,"href":"https:\/\/portal.uern.br\/faen\/den\/wp-json\/wp\/v2\/pages\/181\/revisions\/1077"}],"wp:attachment":[{"href":"https:\/\/portal.uern.br\/faen\/den\/wp-json\/wp\/v2\/media?parent=181"}],"curies":[{"name":"wp","href":"https:\/\/api.w.org\/{rel}","templated":true}]}}