{"id":177,"date":"2023-02-11T19:24:39","date_gmt":"2023-02-11T22:24:39","guid":{"rendered":"http:\/\/beta.apps.uern.br\/wordpress\/faen\/den\/?page_id=177"},"modified":"2025-06-25T12:12:40","modified_gmt":"2025-06-25T15:12:40","slug":"nucleo-docente-estruturante-nde","status":"publish","type":"page","link":"https:\/\/portal.uern.br\/faen\/den\/nucleo-docente-estruturante-nde\/","title":{"rendered":"N\u00facleo Docente Estruturante &#8211; NDE"},"content":{"rendered":"<p>O Processo de autoavalia\u00e7\u00e3o do Projeto Pedag\u00f3gico de Curso \u00e9 monitorado pelo N\u00facleo Docente Estruturante (NDE), que tem car\u00e1ter propositivo, consultivo e executivo no curso de Enfermagem, desenvolvendo de modo articulado as atividades representativas e deliberativas de professores e alunos da FAEN, considerando as demandas sociais loco regionais, as diretrizes curriculares nacionais e a miss\u00e3o da Universidade.<br \/>\nO processo de autoavalia\u00e7\u00e3o envolve a participa\u00e7\u00e3o dos professores e alunos, constitui<br \/>\numa atividade sistem\u00e1tica que tem reflexo imediato na pr\u00e1tica curricular em sintonia com o<br \/>\nPrograma de Avalia\u00e7\u00e3o Institucional.<br \/>\nA operacionaliza\u00e7\u00e3o dos procedimentos de autoavalia\u00e7\u00e3o \u00e9 de responsabilidade da Comiss\u00e3o Pr\u00f3pria de Avalia\u00e7\u00e3o (CPA) da UERN, que procede de acordo com os recursos<br \/>\ndispon\u00edveis a efetiva\u00e7\u00e3o desta atividade e da comiss\u00e3o setorial de avalia\u00e7\u00e3o (COSE) no Departamento de Enfermagem que operacionaliza o processo de autoavalia\u00e7\u00e3o junto aos<br \/>\nprofessores, com apoio do N\u00facleo Docente Estruturante do Curso, com a produ\u00e7\u00e3o de relat\u00f3rios conclusivos e levados ao conhecimento dos alunos e dos professores envolvidos, por meio de comunica\u00e7\u00e3o oral ou escrita, resguardados os casos que envolverem a necessidade de sigilo, ou que envolvem quest\u00f5es relacionadas \u00e0 \u00e9tica profissional.<\/p>\n<p><strong>MEMBROS DO N\u00daCLEO DOCENTE ESTRUTURANTE &#8211; NDE (CURSO BACHARELADO)<\/strong><\/p>\n<p><strong>Prof\u00aa. Dra. Renata Janice Morais Lima Ferreira<\/strong><\/p>\n<p>Coordenadora do NDE<\/p>\n<p><strong>Prof\u00aa. Dra. C\u00edntia Mikaelle Cunha de Santiago Nogueira<\/strong><\/p>\n<p>Chefe <em>Pr\u00f3-tempore<\/em> do Departamento de Enfermagem<\/p>\n<p><strong>Prof\u00aa. Dra. Lucineire Lopes <\/strong>\u00a0<strong>de Oliveira<\/strong> (Orientadora Acad\u00eamica do Curso de Enfermagem Bacharelado)<\/p>\n<p>Membro do NDE<\/p>\n<p><strong>Prof. Me. Johny Carlos de Queiroz<\/strong> (Coordenador de Est\u00e1gio Supervisionado Obrigat\u00f3rio do Curso de Enfermagem)<\/p>\n<p>Membro do NDE<\/p>\n<p><strong>Prof\u00aa. Dra. Kelianny Pinheiro Bezerra <\/strong>(Orientadora Acad\u00eamica do Curso de Enfermagem Bacharelado)<\/p>\n<p>Membro do NDE<\/p>\n<p>&nbsp;<\/p>\n<p><strong>MEMBROS DO N\u00daCLEO DOCENTE ESTRUTURANTE &#8211; NDE (CURSO LIC.\/BACH.)<\/strong><\/p>\n<p><strong>Prof\u00aa. Dra. Renata Janice Morais Lima Ferreira<\/strong><\/p>\n<p>Coordenadora do NDE<\/p>\n<p><strong>Prof\u00aa. Dra. C\u00edntia Mikaelle Cunha de Santiago Nogueira<\/strong><\/p>\n<p>Chefe <em>Pr\u00f3-tempore<\/em> do Departamento de Enfermagem<\/p>\n<p><strong>Prof. Me. Johny Carlos de Queiroz<\/strong> (Coordenador de Est\u00e1gio Supervisionado Obrigat\u00f3rio do Curso de Enfermagem)<\/p>\n<p>Membro do NDE<\/p>\n<p><strong>Prof\u00aa. Dra. Ana Karinne de Moura Saraiva<\/strong> (Orientadora Acad\u00eamica do Curso de Enfermagem Lic.\/Bach.)<\/p>\n<p>Membro do NDE<\/p>\n","protected":false},"excerpt":{"rendered":"<p>O Processo de autoavalia\u00e7\u00e3o do Projeto Pedag\u00f3gico de Curso \u00e9 monitorado pelo N\u00facleo Docente Estruturante (NDE), que tem car\u00e1ter propositivo, consultivo e executivo no curso de Enfermagem, desenvolvendo de modo articulado as atividades representativas e deliberativas de professores e alunos da FAEN, considerando as demandas sociais loco regionais, as diretrizes curriculares nacionais e a miss\u00e3o [&hellip;]<\/p>\n","protected":false},"author":1,"featured_media":0,"parent":0,"menu_order":0,"comment_status":"closed","ping_status":"closed","template":"","meta":{"footnotes":""},"class_list":["post-177","page","type-page","status-publish","hentry"],"_links":{"self":[{"href":"https:\/\/portal.uern.br\/faen\/den\/wp-json\/wp\/v2\/pages\/177","targetHints":{"allow":["GET"]}}],"collection":[{"href":"https:\/\/portal.uern.br\/faen\/den\/wp-json\/wp\/v2\/pages"}],"about":[{"href":"https:\/\/portal.uern.br\/faen\/den\/wp-json\/wp\/v2\/types\/page"}],"author":[{"embeddable":true,"href":"https:\/\/portal.uern.br\/faen\/den\/wp-json\/wp\/v2\/users\/1"}],"replies":[{"embeddable":true,"href":"https:\/\/portal.uern.br\/faen\/den\/wp-json\/wp\/v2\/comments?post=177"}],"version-history":[{"count":11,"href":"https:\/\/portal.uern.br\/faen\/den\/wp-json\/wp\/v2\/pages\/177\/revisions"}],"predecessor-version":[{"id":1092,"href":"https:\/\/portal.uern.br\/faen\/den\/wp-json\/wp\/v2\/pages\/177\/revisions\/1092"}],"wp:attachment":[{"href":"https:\/\/portal.uern.br\/faen\/den\/wp-json\/wp\/v2\/media?parent=177"}],"curies":[{"name":"wp","href":"https:\/\/api.w.org\/{rel}","templated":true}]}}