{"id":815,"date":"2023-05-25T17:34:39","date_gmt":"2023-05-25T20:34:39","guid":{"rendered":"https:\/\/portal.uern.br\/faef\/?page_id=815"},"modified":"2023-06-19T11:43:41","modified_gmt":"2023-06-19T14:43:41","slug":"reserva-de-espacos","status":"publish","type":"page","link":"https:\/\/portal.uern.br\/faef\/reserva-de-espacos\/","title":{"rendered":"Reserva de espa\u00e7os"},"content":{"rendered":"<p>Solicita\u00e7\u00f5es de reserva de espa\u00e7os da Faculdade de Educa\u00e7\u00e3o F\u00edsica devem ser encaminhadas para a Dire\u00e7\u00e3o da Faculdade.<\/p>\n<p>&nbsp;<\/p>\n<p><strong>FACULDADE DE EDUCA\u00c7\u00c3O F\u00cdSICA &#8211; FAEF<\/strong><\/p>\n<p style=\"padding-left: 40px\"><strong>Dire\u00e7\u00e3o<br \/>\n<\/strong>Prof\u00aa Ms. Danielle de Sousa Bessa dos Santos<\/p>\n<p style=\"padding-left: 40px\"><strong>Vice-Dire\u00e7\u00e3o<br \/>\n<\/strong>Prof. Ms. Luiz Felipe Ferreira da Rocha Freitas<\/p>\n<p style=\"padding-left: 40px\"><strong>Secretaria<br \/>\n<\/strong>Sant Clair Pereira de Lima Souza &#8211; Secret\u00e1ria<br \/>\nKleyson Dias Cortez &#8211; Auxiliar Administrativo<br \/>\nDeusimar Dantas de Freitas &#8211; Auxiliar Administrativo<\/p>\n<p style=\"padding-left: 40px\">Contato<br \/>\nTelefone: (84) 3315-2131<br \/>\nEmail: faef@uern.br<\/p>\n","protected":false},"excerpt":{"rendered":"<p>Solicita\u00e7\u00f5es de reserva de espa\u00e7os da Faculdade de Educa\u00e7\u00e3o F\u00edsica devem ser encaminhadas para a Dire\u00e7\u00e3o da Faculdade. &nbsp; FACULDADE DE EDUCA\u00c7\u00c3O F\u00cdSICA &#8211; FAEF Dire\u00e7\u00e3o Prof\u00aa Ms. Danielle de Sousa Bessa dos Santos Vice-Dire\u00e7\u00e3o Prof. Ms. Luiz Felipe Ferreira da Rocha Freitas Secretaria Sant Clair Pereira de Lima Souza &#8211; Secret\u00e1ria Kleyson Dias Cortez [&hellip;]<\/p>\n","protected":false},"author":2,"featured_media":0,"parent":0,"menu_order":7,"comment_status":"closed","ping_status":"closed","template":"","meta":{"footnotes":""},"class_list":["post-815","page","type-page","status-publish","hentry"],"_links":{"self":[{"href":"https:\/\/portal.uern.br\/faef\/wp-json\/wp\/v2\/pages\/815","targetHints":{"allow":["GET"]}}],"collection":[{"href":"https:\/\/portal.uern.br\/faef\/wp-json\/wp\/v2\/pages"}],"about":[{"href":"https:\/\/portal.uern.br\/faef\/wp-json\/wp\/v2\/types\/page"}],"author":[{"embeddable":true,"href":"https:\/\/portal.uern.br\/faef\/wp-json\/wp\/v2\/users\/2"}],"replies":[{"embeddable":true,"href":"https:\/\/portal.uern.br\/faef\/wp-json\/wp\/v2\/comments?post=815"}],"version-history":[{"count":5,"href":"https:\/\/portal.uern.br\/faef\/wp-json\/wp\/v2\/pages\/815\/revisions"}],"predecessor-version":[{"id":999,"href":"https:\/\/portal.uern.br\/faef\/wp-json\/wp\/v2\/pages\/815\/revisions\/999"}],"wp:attachment":[{"href":"https:\/\/portal.uern.br\/faef\/wp-json\/wp\/v2\/media?parent=815"}],"curies":[{"name":"wp","href":"https:\/\/api.w.org\/{rel}","templated":true}]}}