{"id":813,"date":"2023-05-25T17:34:21","date_gmt":"2023-05-25T20:34:21","guid":{"rendered":"https:\/\/portal.uern.br\/faef\/?page_id=813"},"modified":"2024-06-10T16:03:28","modified_gmt":"2024-06-10T19:03:28","slug":"egresso","status":"publish","type":"page","link":"https:\/\/portal.uern.br\/faef\/egresso\/","title":{"rendered":"Egresso"},"content":{"rendered":"<p>Prezado(a) Egresso(a),<\/p>\n<p>Na condi\u00e7\u00e3o de discente egresso(a), voc\u00ea pode postar depoimentos, avaliar o curso no qual realizou sua forma\u00e7\u00e3o acad\u00eamica e solicitar servi\u00e7os, como a emiss\u00e3o de documentos. Pode, ainda, obter informa\u00e7\u00f5es sobre eventos, est\u00e1gios e a possibilidade de retorno \u00e0 institui\u00e7\u00e3o por meio de concursos, ingresso em novo curso e em programas de atualiza\u00e7\u00e3o, aperfei\u00e7oamento, Especializa\u00e7\u00e3o, Mestrado e Doutorado.<\/p>\n","protected":false},"excerpt":{"rendered":"<p>Prezado(a) Egresso(a), Na condi\u00e7\u00e3o de discente egresso(a), voc\u00ea pode postar depoimentos, avaliar o curso no qual realizou sua forma\u00e7\u00e3o acad\u00eamica e solicitar servi\u00e7os, como a emiss\u00e3o de documentos. Pode, ainda, obter informa\u00e7\u00f5es sobre eventos, est\u00e1gios e a possibilidade de retorno \u00e0 institui\u00e7\u00e3o por meio de concursos, ingresso em novo curso e em programas de atualiza\u00e7\u00e3o, [&hellip;]<\/p>\n","protected":false},"author":2,"featured_media":0,"parent":0,"menu_order":6,"comment_status":"closed","ping_status":"closed","template":"","meta":{"footnotes":""},"class_list":["post-813","page","type-page","status-publish","hentry"],"_links":{"self":[{"href":"https:\/\/portal.uern.br\/faef\/wp-json\/wp\/v2\/pages\/813","targetHints":{"allow":["GET"]}}],"collection":[{"href":"https:\/\/portal.uern.br\/faef\/wp-json\/wp\/v2\/pages"}],"about":[{"href":"https:\/\/portal.uern.br\/faef\/wp-json\/wp\/v2\/types\/page"}],"author":[{"embeddable":true,"href":"https:\/\/portal.uern.br\/faef\/wp-json\/wp\/v2\/users\/2"}],"replies":[{"embeddable":true,"href":"https:\/\/portal.uern.br\/faef\/wp-json\/wp\/v2\/comments?post=813"}],"version-history":[{"count":2,"href":"https:\/\/portal.uern.br\/faef\/wp-json\/wp\/v2\/pages\/813\/revisions"}],"predecessor-version":[{"id":1180,"href":"https:\/\/portal.uern.br\/faef\/wp-json\/wp\/v2\/pages\/813\/revisions\/1180"}],"wp:attachment":[{"href":"https:\/\/portal.uern.br\/faef\/wp-json\/wp\/v2\/media?parent=813"}],"curies":[{"name":"wp","href":"https:\/\/api.w.org\/{rel}","templated":true}]}}