{"id":794,"date":"2023-05-25T17:25:18","date_gmt":"2023-05-25T20:25:18","guid":{"rendered":"https:\/\/portal.uern.br\/faef\/?page_id=794"},"modified":"2023-06-07T16:26:48","modified_gmt":"2023-06-07T19:26:48","slug":"historia","status":"publish","type":"page","link":"https:\/\/portal.uern.br\/faef\/historia\/","title":{"rendered":"Hist\u00f3ria"},"content":{"rendered":"<p><strong>CRIA\u00c7\u00c3O<\/strong><\/p>\n<p style=\"padding-left: 40px\">O Curso de Educa\u00e7\u00e3o F\u00edsica foi criado por meio da Resolu\u00e7\u00e3o n\u00ba 17\/72, de 9 de mar\u00e7o de 1972, com in\u00edcio do seu funcionamento em 31 de mar\u00e7o de 1973.<\/p>\n<p>&nbsp;<\/p>\n<p><strong>HIST\u00d3RICO DA DIRE\u00c7\u00c3O DA FACULDADE<\/strong><\/p>\n<p style=\"padding-left: 40px\">1973 &#8211; 1975 &#8211; Profa. Maria In\u00e1 de Oliveira Cunha<br \/>\n1975 &#8211; 1978 &#8211; Prof. Ant\u00f4nio da Gra\u00e7a Machado<br \/>\n1978 &#8211; 1981 &#8211; Prof. Francisco Rodrigo dos S. Rodrigues<br \/>\n1981 &#8211; 1984 &#8211; Prof. Zairo Mariano de Azevedo<br \/>\n1984 &#8211; 1986 &#8211; Prof. Valmir Godeiro Carlos<br \/>\n1986 &#8211; 1988 &#8211; Prof. Jos\u00e9 Francisco Vieira de Paula<br \/>\n1989 &#8211; 1992 &#8211; Prof. Francisco Djalma Frota<br \/>\n1993 &#8211; 1996 &#8211; Prof. Jos\u00e9 Eust\u00e1quio de Morais<br \/>\n1997 &#8211; 2000 &#8211; Prof. Ant\u00f4nio de P\u00e1dua Lopes Alves<br \/>\n2001 &#8211; 2005 &#8211; Prof. Fernando Fernandes de Figueiredo<br \/>\n2006 &#8211; 2013 &#8211; Prof. Aldo Gondim Fernandes<br \/>\n2013 &#8211; 2014 &#8211; Prof. Jos\u00e9 Nunes de Morais<br \/>\n2014 &#8211; 2017 &#8211; Prof. Humberto Jefferson de Medeiros<br \/>\n2018 &#8211; 2018 &#8211; Prof. Jos\u00e9 Gildo Calado de Freitas<br \/>\n2018 &#8211; 2022 &#8211; Prof. Humberto Jefferson de Medeiros<br \/>\n2022 &#8211; 2026 &#8211; Profa. Danielle de Sousa Bessa dos Santos<\/p>\n","protected":false},"excerpt":{"rendered":"<p>CRIA\u00c7\u00c3O O Curso de Educa\u00e7\u00e3o F\u00edsica foi criado por meio da Resolu\u00e7\u00e3o n\u00ba 17\/72, de 9 de mar\u00e7o de 1972, com in\u00edcio do seu funcionamento em 31 de mar\u00e7o de 1973. &nbsp; HIST\u00d3RICO DA DIRE\u00c7\u00c3O DA FACULDADE 1973 &#8211; 1975 &#8211; Profa. Maria In\u00e1 de Oliveira Cunha 1975 &#8211; 1978 &#8211; Prof. Ant\u00f4nio da Gra\u00e7a [&hellip;]<\/p>\n","protected":false},"author":2,"featured_media":0,"parent":0,"menu_order":1,"comment_status":"closed","ping_status":"closed","template":"","meta":{"footnotes":""},"class_list":["post-794","page","type-page","status-publish","hentry"],"_links":{"self":[{"href":"https:\/\/portal.uern.br\/faef\/wp-json\/wp\/v2\/pages\/794","targetHints":{"allow":["GET"]}}],"collection":[{"href":"https:\/\/portal.uern.br\/faef\/wp-json\/wp\/v2\/pages"}],"about":[{"href":"https:\/\/portal.uern.br\/faef\/wp-json\/wp\/v2\/types\/page"}],"author":[{"embeddable":true,"href":"https:\/\/portal.uern.br\/faef\/wp-json\/wp\/v2\/users\/2"}],"replies":[{"embeddable":true,"href":"https:\/\/portal.uern.br\/faef\/wp-json\/wp\/v2\/comments?post=794"}],"version-history":[{"count":9,"href":"https:\/\/portal.uern.br\/faef\/wp-json\/wp\/v2\/pages\/794\/revisions"}],"predecessor-version":[{"id":969,"href":"https:\/\/portal.uern.br\/faef\/wp-json\/wp\/v2\/pages\/794\/revisions\/969"}],"wp:attachment":[{"href":"https:\/\/portal.uern.br\/faef\/wp-json\/wp\/v2\/media?parent=794"}],"curies":[{"name":"wp","href":"https:\/\/api.w.org\/{rel}","templated":true}]}}