{"id":221,"date":"2022-09-19T08:20:22","date_gmt":"2022-09-19T11:20:22","guid":{"rendered":"https:\/\/paisdemossoro.com.br\/wordpress\/faef\/?page_id=221"},"modified":"2026-03-16T10:37:38","modified_gmt":"2026-03-16T13:37:38","slug":"administracao","status":"publish","type":"page","link":"https:\/\/portal.uern.br\/faef\/administracao\/","title":{"rendered":"Administra\u00e7\u00e3o"},"content":{"rendered":"<p><strong>FACULDADE DE EDUCA\u00c7\u00c3O F\u00cdSICA &#8211; FAEF<\/strong><\/p>\n<p style=\"padding-left: 40px\"><strong>Dire\u00e7\u00e3o<br \/>\n<\/strong>Prof\u00aa Ms. Danielle de Sousa Bessa dos Santos<\/p>\n<p style=\"padding-left: 40px\"><strong>Vice-Dire\u00e7\u00e3o<br \/>\n<\/strong>Prof. Dr.\u00aa Camila Ursulla Batista Carlos<\/p>\n<p style=\"padding-left: 40px\"><strong>Secretaria<br \/>\n<\/strong>Sant Clair Pereira de Lima Souza &#8211; Secret\u00e1ria da unidade<br \/>\nKleyson Dias Cortez &#8211; Auxiliar Administrativo<\/p>\n<p style=\"padding-left: 40px\">Contato<br \/>\nE-mail: faef@uern.br<\/p>\n<p><strong>DEPARTAMENTO DE EDUCA\u00c7\u00c3O F\u00cdSICA &#8211; DEF<\/strong><\/p>\n<p style=\"padding-left: 40px\"><strong>Chefia<br \/>\n<\/strong>Prof. Dr. Francisco Napole\u00e3o T\u00falio Varela Barca<\/p>\n<p style=\"padding-left: 40px\"><strong>Secretaria<br \/>\n<\/strong>Edgar de Alencar Saraiva &#8211; Secret\u00e1rio do Departamento<br \/>\nVictor Godeiro Chaves Carlos &#8211; Auxiliar Administrativo<\/p>\n<p style=\"padding-left: 40px\">Contato<br \/>\nE-mail: def@uern.br<\/p>\n<p><strong>HOR\u00c1RIO DE ATENDIMENTO (FAEF E DEF)<\/strong><\/p>\n<p style=\"padding-left: 40px\">Atendimento presencial e remoto: 07h \u00e0s 19h, de segunda-feira a sexta-feira.<\/p>\n<p style=\"padding-left: 40px\">E-mail e chat: faef@uern.br (secretaria da unidade)<\/p>\n<p style=\"padding-left: 40px\">E-mail e chat: def@uern.br (secretaria do DEF)<\/p>\n<p style=\"padding-left: 40px\">Instagram: faef.uern<\/p>\n<p><strong>ENDERE\u00c7O:<\/strong><span class=\"w8qArf FoJoyf\">\u00a0<\/span><span class=\"LrzXr\">Av. Prof. Ant\u00f4nio Campos &#8211; Pres. Costa e Silva, Mossor\u00f3 &#8211; RN, 59610-210, FAEF.\u00a0<\/span><\/p>\n","protected":false},"excerpt":{"rendered":"<p>FACULDADE DE EDUCA\u00c7\u00c3O F\u00cdSICA &#8211; FAEF Dire\u00e7\u00e3o Prof\u00aa Ms. Danielle de Sousa Bessa dos Santos Vice-Dire\u00e7\u00e3o Prof. Dr.\u00aa Camila Ursulla Batista Carlos Secretaria Sant Clair Pereira de Lima Souza &#8211; Secret\u00e1ria da unidade Kleyson Dias Cortez &#8211; Auxiliar Administrativo Contato E-mail: faef@uern.br DEPARTAMENTO DE EDUCA\u00c7\u00c3O F\u00cdSICA &#8211; DEF Chefia Prof. Dr. Francisco Napole\u00e3o T\u00falio Varela [&hellip;]<\/p>\n","protected":false},"author":1,"featured_media":0,"parent":0,"menu_order":4,"comment_status":"closed","ping_status":"closed","template":"","meta":{"footnotes":""},"class_list":["post-221","page","type-page","status-publish","hentry"],"_links":{"self":[{"href":"https:\/\/portal.uern.br\/faef\/wp-json\/wp\/v2\/pages\/221","targetHints":{"allow":["GET"]}}],"collection":[{"href":"https:\/\/portal.uern.br\/faef\/wp-json\/wp\/v2\/pages"}],"about":[{"href":"https:\/\/portal.uern.br\/faef\/wp-json\/wp\/v2\/types\/page"}],"author":[{"embeddable":true,"href":"https:\/\/portal.uern.br\/faef\/wp-json\/wp\/v2\/users\/1"}],"replies":[{"embeddable":true,"href":"https:\/\/portal.uern.br\/faef\/wp-json\/wp\/v2\/comments?post=221"}],"version-history":[{"count":25,"href":"https:\/\/portal.uern.br\/faef\/wp-json\/wp\/v2\/pages\/221\/revisions"}],"predecessor-version":[{"id":1358,"href":"https:\/\/portal.uern.br\/faef\/wp-json\/wp\/v2\/pages\/221\/revisions\/1358"}],"wp:attachment":[{"href":"https:\/\/portal.uern.br\/faef\/wp-json\/wp\/v2\/media?parent=221"}],"curies":[{"name":"wp","href":"https:\/\/api.w.org\/{rel}","templated":true}]}}