{"id":198,"date":"2022-05-26T16:52:26","date_gmt":"2022-05-26T19:52:26","guid":{"rendered":"https:\/\/paisdemossoro.com.br\/wordpress\/faef\/?page_id=198"},"modified":"2023-06-19T14:25:43","modified_gmt":"2023-06-19T17:25:43","slug":"home","status":"publish","type":"page","link":"https:\/\/portal.uern.br\/faef\/","title":{"rendered":"Home"},"content":{"rendered":"\t\t<div data-elementor-type=\"wp-page\" data-elementor-id=\"198\" class=\"elementor elementor-198\" data-elementor-post-type=\"page\">\n\t\t\t\t\t\t<section class=\"elementor-section elementor-top-section elementor-element elementor-element-980e735 elementor-section-full_width elementor-section-height-default elementor-section-height-default\" data-id=\"980e735\" data-element_type=\"section\">\n\t\t\t\t\t\t<div class=\"elementor-container elementor-column-gap-default\">\n\t\t\t\t\t<div class=\"elementor-column elementor-col-100 elementor-top-column elementor-element elementor-element-b6d659a\" data-id=\"b6d659a\" data-element_type=\"column\">\n\t\t\t<div class=\"elementor-widget-wrap elementor-element-populated\">\n\t\t\t\t\t\t<div class=\"elementor-element elementor-element-1c63282 elementor-widget elementor-widget-image\" data-id=\"1c63282\" data-element_type=\"widget\" data-widget_type=\"image.default\">\n\t\t\t\t<div class=\"elementor-widget-container\">\n\t\t\t\t\t\t\t\t\t\t\t\t\t\t\t<img fetchpriority=\"high\" decoding=\"async\" width=\"1920\" height=\"425\" src=\"https:\/\/portal.uern.br\/faef\/wp-content\/uploads\/2023\/05\/FAEF-topo-e1742412447916.jpg\" class=\"attachment-full size-full wp-image-890\" alt=\"\" srcset=\"https:\/\/portal.uern.br\/faef\/wp-content\/uploads\/2023\/05\/FAEF-topo-e1742412447916.jpg 1920w, https:\/\/portal.uern.br\/faef\/wp-content\/uploads\/2023\/05\/FAEF-topo-e1742412447916-300x66.jpg 300w, https:\/\/portal.uern.br\/faef\/wp-content\/uploads\/2023\/05\/FAEF-topo-e1742412447916-1024x227.jpg 1024w, https:\/\/portal.uern.br\/faef\/wp-content\/uploads\/2023\/05\/FAEF-topo-e1742412447916-768x170.jpg 768w, https:\/\/portal.uern.br\/faef\/wp-content\/uploads\/2023\/05\/FAEF-topo-e1742412447916-1536x340.jpg 1536w\" sizes=\"(max-width: 1920px) 100vw, 1920px\" \/>\t\t\t\t\t\t\t\t\t\t\t\t\t\t\t<\/div>\n\t\t\t\t<\/div>\n\t\t\t\t\t<\/div>\n\t\t<\/div>\n\t\t\t\t\t<\/div>\n\t\t<\/section>\n\t\t\t\t<section class=\"elementor-section elementor-top-section elementor-element elementor-element-6a7b14a elementor-reverse-mobile elementor-section-height-min-height elementor-section-items-stretch elementor-section-boxed elementor-section-height-default\" data-id=\"6a7b14a\" data-element_type=\"section\" data-settings=\"{&quot;background_background&quot;:&quot;classic&quot;}\">\n\t\t\t\t\t\t<div class=\"elementor-container elementor-column-gap-default\">\n\t\t\t\t\t<div class=\"elementor-column elementor-col-50 elementor-top-column elementor-element elementor-element-01c3f0f elementor-hidden-mobile\" data-id=\"01c3f0f\" data-element_type=\"column\" data-settings=\"{&quot;background_background&quot;:&quot;classic&quot;}\">\n\t\t\t<div class=\"elementor-widget-wrap elementor-element-populated\">\n\t\t\t\t\t\t<div class=\"elementor-element elementor-element-026be2d elementor-nav-menu__text-align-aside elementor-widget elementor-widget-nav-menu\" data-id=\"026be2d\" data-element_type=\"widget\" data-settings=\"{&quot;layout&quot;:&quot;dropdown&quot;,&quot;submenu_icon&quot;:{&quot;value&quot;:&quot;&lt;i class=\\&quot;fas fa-caret-down\\&quot; aria-hidden=\\&quot;true\\&quot;&gt;&lt;\\\/i&gt;&quot;,&quot;library&quot;:&quot;fa-solid&quot;}}\" data-widget_type=\"nav-menu.default\">\n\t\t\t\t<div class=\"elementor-widget-container\">\n\t\t\t\t\t\t\t\t<nav class=\"elementor-nav-menu--dropdown elementor-nav-menu__container\" aria-hidden=\"true\">\n\t\t\t\t<ul id=\"menu-2-026be2d\" class=\"elementor-nav-menu\"><li class=\"menu-item menu-item-type-post_type menu-item-object-page menu-item-home menu-item-896\"><a href=\"https:\/\/portal.uern.br\/faef\/\" class=\"elementor-item\" tabindex=\"-1\">Home<\/a><\/li>\n<li class=\"menu-item menu-item-type-post_type menu-item-object-page menu-item-has-children menu-item-863\"><a href=\"https:\/\/portal.uern.br\/faef\/apresentacao\/\" class=\"elementor-item\" tabindex=\"-1\">Apresenta\u00e7\u00e3o<\/a>\n<ul class=\"sub-menu elementor-nav-menu--dropdown\">\n\t<li class=\"menu-item menu-item-type-post_type menu-item-object-page menu-item-864\"><a href=\"https:\/\/portal.uern.br\/faef\/historia\/\" class=\"elementor-sub-item\" tabindex=\"-1\">Hist\u00f3ria<\/a><\/li>\n\t<li class=\"menu-item menu-item-type-post_type menu-item-object-page menu-item-has-children menu-item-865\"><a href=\"https:\/\/portal.uern.br\/faef\/estrutura\/\" class=\"elementor-sub-item\" tabindex=\"-1\">Estrutura<\/a>\n\t<ul class=\"sub-menu elementor-nav-menu--dropdown\">\n\t\t<li class=\"menu-item menu-item-type-post_type menu-item-object-page menu-item-has-children menu-item-1007\"><a target=\"_blank\" href=\"https:\/\/portal.uern.br\/faef\/solicitacao-de-transporte\/\" class=\"elementor-sub-item\" tabindex=\"-1\">Solicita\u00e7\u00e3o de transporte<\/a>\n\t\t<ul class=\"sub-menu elementor-nav-menu--dropdown\">\n\t\t\t<li class=\"menu-item menu-item-type-custom menu-item-object-custom menu-item-1008\"><a href=\"https:\/\/docs.google.com\/forms\/d\/1auVzVEZVyf610XLL34lp1BqIZdowJMb5QI575g4gP2c\/edit\" class=\"elementor-sub-item\" tabindex=\"-1\">FAZER SOLICITA\u00c7\u00c3O<\/a><\/li>\n\t\t<\/ul>\n<\/li>\n\t\t<li class=\"menu-item menu-item-type-post_type menu-item-object-page menu-item-has-children menu-item-876\"><a href=\"https:\/\/portal.uern.br\/faef\/reserva-de-espacos\/\" class=\"elementor-sub-item\" tabindex=\"-1\">Reserva de espa\u00e7os<\/a>\n\t\t<ul class=\"sub-menu elementor-nav-menu--dropdown\">\n\t\t\t<li class=\"menu-item menu-item-type-custom menu-item-object-custom menu-item-1009\"><a href=\"https:\/\/docs.google.com\/forms\/d\/162nTbXofkjopYfua8rlxdjCgWkdnsDpQTVPX6YSluv0\/edit\" class=\"elementor-sub-item\" tabindex=\"-1\">SALA DE DAN\u00c7A<\/a><\/li>\n\t\t\t<li class=\"menu-item menu-item-type-custom menu-item-object-custom menu-item-1025\"><a href=\"https:\/\/docs.google.com\/forms\/d\/1gWG3R0f3bweq3SP759c-YjAw8vKwohby3KjNq6mbtJI\/edit\" class=\"elementor-sub-item\" tabindex=\"-1\">AUDIT\u00d3RIO<\/a><\/li>\n\t\t<\/ul>\n<\/li>\n\t<\/ul>\n<\/li>\n\t<li class=\"menu-item menu-item-type-post_type menu-item-object-page menu-item-868\"><a href=\"https:\/\/portal.uern.br\/faef\/administracao\/\" class=\"elementor-sub-item\" tabindex=\"-1\">Administra\u00e7\u00e3o<\/a><\/li>\n<\/ul>\n<\/li>\n<li class=\"menu-item menu-item-type-post_type menu-item-object-page menu-item-has-children menu-item-870\"><a href=\"https:\/\/portal.uern.br\/faef\/agenda\/\" class=\"elementor-item\" tabindex=\"-1\">Agenda<\/a>\n<ul class=\"sub-menu elementor-nav-menu--dropdown\">\n\t<li class=\"menu-item menu-item-type-post_type menu-item-object-page menu-item-953\"><a href=\"https:\/\/portal.uern.br\/faef\/orientacoes-para-publicacao\/\" class=\"elementor-sub-item\" tabindex=\"-1\">Orienta\u00e7\u00f5es para publica\u00e7\u00e3o<\/a><\/li>\n<\/ul>\n<\/li>\n<li class=\"menu-item menu-item-type-post_type menu-item-object-page menu-item-has-children menu-item-874\"><a href=\"https:\/\/portal.uern.br\/faef\/estudante\/\" class=\"elementor-item\" tabindex=\"-1\">Estudante<\/a>\n<ul class=\"sub-menu elementor-nav-menu--dropdown\">\n\t<li class=\"menu-item menu-item-type-post_type menu-item-object-page menu-item-has-children menu-item-921\"><a href=\"https:\/\/portal.uern.br\/faef\/formularios-e-documentos\/\" class=\"elementor-sub-item\" tabindex=\"-1\">Formul\u00e1rios e Documentos<\/a>\n\t<ul class=\"sub-menu elementor-nav-menu--dropdown\">\n\t\t<li class=\"menu-item menu-item-type-post_type menu-item-object-page menu-item-has-children menu-item-919\"><a href=\"https:\/\/portal.uern.br\/faef\/requerimento-de-2a-chamada\/\" class=\"elementor-sub-item\" tabindex=\"-1\">Requerimento de 2\u00aa Chamada<\/a>\n\t\t<ul class=\"sub-menu elementor-nav-menu--dropdown\">\n\t\t\t<li class=\"menu-item menu-item-type-custom menu-item-object-custom menu-item-922\"><a href=\"https:\/\/docs.google.com\/forms\/d\/1USHPTbpDTSZjFqMGzkM-cgRFLBFRtfZxVL028PC_vV8\/edit\" class=\"elementor-sub-item\" tabindex=\"-1\">FAZER REQUERIMENTO<\/a><\/li>\n\t\t<\/ul>\n<\/li>\n\t\t<li class=\"menu-item menu-item-type-post_type menu-item-object-page menu-item-has-children menu-item-1363\"><a href=\"https:\/\/portal.uern.br\/faef\/requerimento-de-disciplina-especial\/\" class=\"elementor-sub-item\" tabindex=\"-1\">Requerimento de Disciplina Especial<\/a>\n\t\t<ul class=\"sub-menu elementor-nav-menu--dropdown\">\n\t\t\t<li class=\"menu-item menu-item-type-custom menu-item-object-custom menu-item-1364\"><a href=\"https:\/\/docs.google.com\/forms\/d\/1t_uifnyJeY10O_6WZH8EArDlbS2MQocM8-p7M9_D6xg\/edit\" class=\"elementor-sub-item\" tabindex=\"-1\">DISCIPLINA ESPECIAL 2026.2<\/a><\/li>\n\t\t<\/ul>\n<\/li>\n\t<\/ul>\n<\/li>\n<\/ul>\n<\/li>\n<li class=\"menu-item menu-item-type-post_type menu-item-object-page menu-item-has-children menu-item-875\"><a href=\"https:\/\/portal.uern.br\/faef\/egresso\/\" class=\"elementor-item\" tabindex=\"-1\">Egresso<\/a>\n<ul class=\"sub-menu elementor-nav-menu--dropdown\">\n\t<li class=\"menu-item menu-item-type-post_type menu-item-object-page menu-item-1181\"><a href=\"https:\/\/portal.uern.br\/faef\/acompanhamento-do-egresso\/\" class=\"elementor-sub-item\" tabindex=\"-1\">Acompanhamento do Egresso<\/a><\/li>\n<\/ul>\n<\/li>\n<li class=\"menu-item menu-item-type-post_type menu-item-object-page menu-item-1172\"><a href=\"https:\/\/portal.uern.br\/faef\/duvidas-frequentes\/\" class=\"elementor-item\" tabindex=\"-1\">D\u00favidas Frequentes<\/a><\/li>\n<li class=\"menu-item menu-item-type-custom menu-item-object-custom menu-item-1161\"><a href=\"https:\/\/portal.uern.br\/faef\/def\/\" class=\"elementor-item\" tabindex=\"-1\">DEPARTAMENTO DE EDUCA\u00c7\u00c3O F\u00cdSICA<\/a><\/li>\n<\/ul>\t\t\t<\/nav>\n\t\t\t\t\t\t<\/div>\n\t\t\t\t<\/div>\n\t\t\t\t\t<\/div>\n\t\t<\/div>\n\t\t\t\t<div class=\"elementor-column elementor-col-50 elementor-top-column elementor-element elementor-element-a6f0534\" data-id=\"a6f0534\" data-element_type=\"column\" data-settings=\"{&quot;background_background&quot;:&quot;classic&quot;}\">\n\t\t\t<div class=\"elementor-widget-wrap elementor-element-populated\">\n\t\t\t\t\t\t<div class=\"elementor-element elementor-element-1bc0760 elementor-grid-1 elementor-posts--thumbnail-left elementor-grid-tablet-2 elementor-grid-mobile-1 elementor-widget elementor-widget-posts\" data-id=\"1bc0760\" data-element_type=\"widget\" data-settings=\"{&quot;classic_columns&quot;:&quot;1&quot;,&quot;classic_columns_tablet&quot;:&quot;2&quot;,&quot;classic_columns_mobile&quot;:&quot;1&quot;,&quot;classic_row_gap&quot;:{&quot;unit&quot;:&quot;px&quot;,&quot;size&quot;:35,&quot;sizes&quot;:[]},&quot;classic_row_gap_tablet&quot;:{&quot;unit&quot;:&quot;px&quot;,&quot;size&quot;:&quot;&quot;,&quot;sizes&quot;:[]},&quot;classic_row_gap_mobile&quot;:{&quot;unit&quot;:&quot;px&quot;,&quot;size&quot;:&quot;&quot;,&quot;sizes&quot;:[]}}\" data-widget_type=\"posts.classic\">\n\t\t\t\t<div class=\"elementor-widget-container\">\n\t\t\t\t\t\t\t<div class=\"elementor-posts-container elementor-posts elementor-posts--skin-classic elementor-grid\" role=\"list\">\n\t\t\t\t<article class=\"elementor-post elementor-grid-item post-1319 destaques_ type-destaques_ status-publish has-post-thumbnail hentry nivel_do_destaque_-destaque-topo\" role=\"listitem\">\n\t\t\t\t<a class=\"elementor-post__thumbnail__link\" href=\"https:\/\/portal.uern.br\/faef\/destaques_\/semana-da-educacao-fisica-de-mossoro-2\/\" tabindex=\"-1\" >\n\t\t\t<div class=\"elementor-post__thumbnail\"><img decoding=\"async\" width=\"768\" height=\"960\" src=\"https:\/\/portal.uern.br\/faef\/wp-content\/uploads\/2024\/09\/SEFIM-1-768x960.jpg\" class=\"attachment-medium_large size-medium_large wp-image-1326\" alt=\"\" srcset=\"https:\/\/portal.uern.br\/faef\/wp-content\/uploads\/2024\/09\/SEFIM-1-768x960.jpg 768w, https:\/\/portal.uern.br\/faef\/wp-content\/uploads\/2024\/09\/SEFIM-1-240x300.jpg 240w, https:\/\/portal.uern.br\/faef\/wp-content\/uploads\/2024\/09\/SEFIM-1.jpg 800w\" sizes=\"(max-width: 768px) 100vw, 768px\" \/><\/div>\n\t\t<\/a>\n\t\t\t\t<div class=\"elementor-post__text\">\n\t\t\t\t<h3 class=\"elementor-post__title\">\n\t\t\t<a href=\"https:\/\/portal.uern.br\/faef\/destaques_\/semana-da-educacao-fisica-de-mossoro-2\/\" >\n\t\t\t\tSEMANA DA EDUCA\u00c7\u00c3O F\u00cdSICA DE MOSSOR\u00d3\t\t\t<\/a>\n\t\t<\/h3>\n\t\t\t\t<div class=\"elementor-post__meta-data\">\n\t\t\t\t\t<span class=\"elementor-post-date\">\n\t\t\t3 de setembro de 2024\t\t<\/span>\n\t\t\t\t<\/div>\n\t\t\t\t<div class=\"elementor-post__excerpt\">\n\t\t\t<p>EVENTO: SEMANA DA EDUCA\u00c7\u00c3O F\u00cdSICA 2024 DATA DE REALIZA\u00c7\u00c3O: 02 a 06 de setembro de 2024 LOCAIS: Gin\u00e1sio \/ sala de dan\u00e7a \/ pra\u00e7a \/ audit\u00f3rio da FAEF OBJETIVO DO EVENTO: Promover a valoriza\u00e7\u00e3o e o entendimento da educa\u00e7\u00e3o f\u00edsica como componente essencial para a forma\u00e7\u00e3o integral dos indiv\u00edduos, por<\/p>\n\t\t<\/div>\n\t\t\t\t<\/div>\n\t\t\t\t<\/article>\n\t\t\t\t<\/div>\n\t\t\n\t\t\t\t\t\t<\/div>\n\t\t\t\t<\/div>\n\t\t\t\t\t<\/div>\n\t\t<\/div>\n\t\t\t\t\t<\/div>\n\t\t<\/section>\n\t\t\t\t<\/div>\n\t\t","protected":false},"excerpt":{"rendered":"","protected":false},"author":1,"featured_media":0,"parent":0,"menu_order":0,"comment_status":"closed","ping_status":"closed","template":"","meta":{"footnotes":""},"class_list":["post-198","page","type-page","status-publish","hentry"],"_links":{"self":[{"href":"https:\/\/portal.uern.br\/faef\/wp-json\/wp\/v2\/pages\/198","targetHints":{"allow":["GET"]}}],"collection":[{"href":"https:\/\/portal.uern.br\/faef\/wp-json\/wp\/v2\/pages"}],"about":[{"href":"https:\/\/portal.uern.br\/faef\/wp-json\/wp\/v2\/types\/page"}],"author":[{"embeddable":true,"href":"https:\/\/portal.uern.br\/faef\/wp-json\/wp\/v2\/users\/1"}],"replies":[{"embeddable":true,"href":"https:\/\/portal.uern.br\/faef\/wp-json\/wp\/v2\/comments?post=198"}],"version-history":[{"count":55,"href":"https:\/\/portal.uern.br\/faef\/wp-json\/wp\/v2\/pages\/198\/revisions"}],"predecessor-version":[{"id":1344,"href":"https:\/\/portal.uern.br\/faef\/wp-json\/wp\/v2\/pages\/198\/revisions\/1344"}],"wp:attachment":[{"href":"https:\/\/portal.uern.br\/faef\/wp-json\/wp\/v2\/media?parent=198"}],"curies":[{"name":"wp","href":"https:\/\/api.w.org\/{rel}","templated":true}]}}