{"id":1178,"date":"2024-06-10T16:01:12","date_gmt":"2024-06-10T19:01:12","guid":{"rendered":"https:\/\/portal.uern.br\/faef\/?page_id=1178"},"modified":"2024-06-10T16:05:17","modified_gmt":"2024-06-10T19:05:17","slug":"acompanhamento-do-egresso","status":"publish","type":"page","link":"https:\/\/portal.uern.br\/faef\/acompanhamento-do-egresso\/","title":{"rendered":"Acompanhamento do Egresso"},"content":{"rendered":"<p data-raofz=\"16\">O processo de acompanhamento e avalia\u00e7\u00e3o dos egressos desempenha um papel crucial na busca pela excel\u00eancia acad\u00eamica e institucional. Os <em>feedbacks<\/em> obtidos fornecem uma perspectiva valiosa sobre a experi\u00eancia dos alunos ap\u00f3s sua forma\u00e7\u00e3o, destacando \u00e1reas de sucesso e identificando oportunidades de melhoria. Ao exercermos a escuta sens\u00edvel e atenta das opini\u00f5es e experi\u00eancias dos egressos, a universidade pode adaptar suas pol\u00edticas, programas, curr\u00edculos e servi\u00e7os para garantir que estejam alinhados com as demandas da sociedade e do mundo do trabalho, bem como com as expectativas dos alunos, promovendo, dessa forma, um ambiente educacional cada vez mais eficaz e relevante.<\/p>\n<p data-raofz=\"16\">Dessa forma, a Universidade do Estado do Rio Grande do Norte objetiva identificar a trajet\u00f3ria, \u00e1rea de atua\u00e7\u00e3o e inser\u00e7\u00e3o profissional de seus egressos, possibilitando a implanta\u00e7\u00e3o de a\u00e7\u00f5es que visem a uma forma\u00e7\u00e3o continuada. Destarte,\u00a0 <strong>convidamos os egressos da Uern a preencherem o Formul\u00e1rio do Egresso<\/strong>,\u00a0<a href=\"https:\/\/docs.google.com\/forms\/d\/e\/1FAIpQLSfJYePQ_RGF1tAoBBmwtExYwuAocA9vaNBx7GqEynMalWPtjw\/viewform?pli=1\">clicando AQUI. <\/a><\/p>\n","protected":false},"excerpt":{"rendered":"<p>O processo de acompanhamento e avalia\u00e7\u00e3o dos egressos desempenha um papel crucial na busca pela excel\u00eancia acad\u00eamica e institucional. Os feedbacks obtidos fornecem uma perspectiva valiosa sobre a experi\u00eancia dos alunos ap\u00f3s sua forma\u00e7\u00e3o, destacando \u00e1reas de sucesso e identificando oportunidades de melhoria. Ao exercermos a escuta sens\u00edvel e atenta das opini\u00f5es e experi\u00eancias dos [&hellip;]<\/p>\n","protected":false},"author":2,"featured_media":0,"parent":0,"menu_order":0,"comment_status":"closed","ping_status":"closed","template":"","meta":{"footnotes":""},"class_list":["post-1178","page","type-page","status-publish","hentry"],"_links":{"self":[{"href":"https:\/\/portal.uern.br\/faef\/wp-json\/wp\/v2\/pages\/1178","targetHints":{"allow":["GET"]}}],"collection":[{"href":"https:\/\/portal.uern.br\/faef\/wp-json\/wp\/v2\/pages"}],"about":[{"href":"https:\/\/portal.uern.br\/faef\/wp-json\/wp\/v2\/types\/page"}],"author":[{"embeddable":true,"href":"https:\/\/portal.uern.br\/faef\/wp-json\/wp\/v2\/users\/2"}],"replies":[{"embeddable":true,"href":"https:\/\/portal.uern.br\/faef\/wp-json\/wp\/v2\/comments?post=1178"}],"version-history":[{"count":2,"href":"https:\/\/portal.uern.br\/faef\/wp-json\/wp\/v2\/pages\/1178\/revisions"}],"predecessor-version":[{"id":1182,"href":"https:\/\/portal.uern.br\/faef\/wp-json\/wp\/v2\/pages\/1178\/revisions\/1182"}],"wp:attachment":[{"href":"https:\/\/portal.uern.br\/faef\/wp-json\/wp\/v2\/media?parent=1178"}],"curies":[{"name":"wp","href":"https:\/\/api.w.org\/{rel}","templated":true}]}}