{"id":1170,"date":"2024-06-10T15:42:33","date_gmt":"2024-06-10T18:42:33","guid":{"rendered":"https:\/\/portal.uern.br\/faef\/?page_id=1170"},"modified":"2026-03-16T11:10:11","modified_gmt":"2026-03-16T14:10:11","slug":"duvidas-frequentes","status":"publish","type":"page","link":"https:\/\/portal.uern.br\/faef\/duvidas-frequentes\/","title":{"rendered":"D\u00favidas Frequentes"},"content":{"rendered":"<p style=\"text-align: left\"><span style=\"font-family: georgia, palatino, serif\"><b>FACULDADE DE EDUCA\u00c7\u00c3O F\u00cdSICA &#8211; FAEF<\/b><\/span><\/p>\n<p>&nbsp;<\/p>\n<p style=\"text-align: left\"><span style=\"font-family: georgia, palatino, serif\"><strong>D\u00favidas Frequentes:<\/strong><\/span><\/p>\n<ul style=\"text-align: left\">\n<li><span style=\"font-family: georgia, palatino, serif\"><strong>Quais os contatos da Faculdade de Educa\u00e7\u00e3o F\u00edsica?<\/strong><\/span><\/li>\n<\/ul>\n<p style=\"text-align: left\"><span style=\"font-family: georgia, palatino, serif\"><strong>Secretaria da Unidade: <\/strong><\/span><\/p>\n<p style=\"text-align: left\"><span style=\"font-family: georgia, palatino, serif\">Telefone: 3315-2131 E-mail: faef@uern.br<\/span><\/p>\n<p style=\"text-align: left\"><span style=\"font-family: georgia, palatino, serif\"><strong>Secretaria do Departamento de Educa\u00e7\u00e3o F\u00edsica:<\/strong><\/span><\/p>\n<p style=\"text-align: left\"><span style=\"font-family: georgia, palatino, serif\">Telefone: 3315-2215 E-mail: def@uern.br<\/span><\/p>\n<ul style=\"text-align: left\">\n<li><span style=\"font-family: georgia, palatino, serif\"><strong>Quais os cursos dispon\u00edveis na FAEF\/UERN?<\/strong><\/span><\/li>\n<\/ul>\n<p style=\"text-align: left\"><span style=\"font-family: georgia, palatino, serif\">O curso de gradua\u00e7\u00e3o em Educa\u00e7\u00e3o F\u00edsica (\u00c1rea B\u00e1sica de Ingresso &#8211; ABI), tem a dura\u00e7\u00e3o de 4 semestres, a partir do qual o aluno participa de processo seletivo para escolha da habilita\u00e7\u00e3o (licenciatura ou bacharelado), nos termos do Projeto Pedag\u00f3gico do curso.<\/span><\/p>\n<ul style=\"text-align: left\">\n<li><span style=\"font-family: georgia, palatino, serif\"><b>Qual o prazo para solicitar segunda chamada de prova e como fa\u00e7o o requerimento?<\/b><\/span><\/li>\n<\/ul>\n<p style=\"text-align: left\"><span style=\"font-weight: 400;font-family: georgia, palatino, serif\">O requerimento de 2\u00aa chamada de avalia\u00e7\u00e3o deve ser feito no prazo de 02 dias \u00fateis da data de realiza\u00e7\u00e3o da chamada regular. Para realizar o requerimento, basta acessar o site da FAEF \/UERN, seguir para o menu Estudante: formul\u00e1rios e documentos: requerimento de 2\u00aa chamada. Link para requerimento online:\u00a0<a href=\"https:\/\/accounts.google.com\/v3\/signin\/confirmidentifier?authuser=4&amp;continue=https%3A%2F%2Fdocs.google.com%2Fforms%2Fu%2F4%2Fd%2F1USHPTbpDTSZjFqMGzkM-cgRFLBFRtfZxVL028PC_vV8%2Fviewform%3Fedit_requested%3Dtrue&amp;followup=https%3A%2F%2Fdocs.google.com%2Fforms%2Fu%2F4%2Fd%2F1USHPTbpDTSZjFqMGzkM-cgRFLBFRtfZxVL028PC_vV8%2Fviewform%3Fedit_requested%3Dtrue&amp;ifkv=AS5LTAQjfrfJ2yXyX5C0hnBxbUuRHHcOv5-BxsyOd-ZN80cqxD_IQuYC5dvsiCcBcTYy7ygJon47&amp;ltmpl=forms&amp;osid=1&amp;passive=1209600&amp;service=wise&amp;flowName=GlifWebSignIn&amp;flowEntry=ServiceLogin&amp;dsh=S-1492730161%3A1718044343130254&amp;ddm=0\">FAZER REQUERIMENTO<\/a>\u00a0<\/span><\/p>\n<p style=\"text-align: left\"><span style=\"font-weight: 400;font-family: georgia, palatino, serif\">Ao preencher o formul\u00e1rio, o aluno pode anexar o documento que comprove a situa\u00e7\u00e3o descrita no requerimento, a exemplo de atestados m\u00e9dicos, declara\u00e7\u00f5es trabalhistas, etc.\u00a0<\/span><\/p>\n<p style=\"text-align: left\"><span style=\"font-family: georgia, palatino, serif\"><span style=\"font-weight: 400\">Conforme disposto no Regimento <\/span><b>Geral da UERN, Art. 141:<\/b><\/span><\/p>\n<p style=\"text-align: left\"><span style=\"font-size: 10pt;font-family: georgia, palatino, serif\"><span style=\"font-weight: 400\">Art. 141. O(A) discente que faltar ou deixar de realizar qualquer uma das avalia\u00e7\u00f5es poder\u00e1 solicitar, no prazo de <\/span><b>dois dias \u00fateis, na secretaria do departamento que oferta o componente curricular<\/b><span style=\"font-weight: 400\">, a oportunidade de realiz\u00e1-la em segunda chamada. \u00a71\u00ba O requerimento dever\u00e1 ser justificado, cabendo ao(\u00e0) professor(a) do componente emitir decis\u00e3o.\u00a0\u00a0<\/span><\/span><\/p>\n<p style=\"text-align: left\"><span style=\"font-weight: 400;font-size: 10pt;font-family: georgia, palatino, serif\">2\u00ba Caso a decis\u00e3o seja favor\u00e1vel, o(a) professor(a) j\u00e1 dever\u00e1, no prazo m\u00e1ximo de cinco dias \u00fateis, informar a data de realiza\u00e7\u00e3o da segunda chamada, que poder\u00e1 ocorrer em at\u00e9 15 dias \u00fateis.\u00a0<\/span><\/p>\n<p style=\"text-align: left\"><span style=\"font-weight: 400;font-size: 10pt;font-family: georgia, palatino, serif\">3\u00ba Caso a decis\u00e3o seja desfavor\u00e1vel, o(a) discente poder\u00e1 interpor recurso ao Colegiado do Departamento, no prazo de cinco dias \u00fateis.<\/span><\/p>\n<ul style=\"text-align: left\">\n<li><span style=\"font-family: georgia, palatino, serif\"><b>Como posso ser monitor de um componente curricular? H\u00e1 bolsa para os monitores?<\/b><\/span><\/li>\n<\/ul>\n<p style=\"text-align: left\"><span style=\"font-weight: 400;font-family: georgia, palatino, serif\">O Departamento de Educa\u00e7\u00e3o F\u00edsica oferta monitoria em disciplinas que ser\u00e3o ofertadas no semestre subsequente ao da publica\u00e7\u00e3o do edital. Para concorrer \u00e0s vagas dispon\u00edveis, os alunos devem se inscrever em formul\u00e1rio pr\u00f3prio, durante o per\u00edodo estabelecido pelo edital do DEF. Os(as) alunos(as) passar\u00e3o por uma banca de avalia\u00e7\u00e3o, nos termos do edital. Todos os semestres h\u00e1 a disponibilidade de uma bolsa remunerada para o(a) aluno(a) que obtiver o primeiro lugar na sele\u00e7\u00e3o e atender \u00e0s exig\u00eancias do edital (n\u00e3o pode receber duas bolsas simultaneamente).\u00a0<\/span><\/p>\n<p style=\"text-align: left\"><span style=\"font-weight: 400;font-family: georgia, palatino, serif\">Para concorrer a uma vaga de monitoria \u00e9 necess\u00e1rio j\u00e1 ter cursado a disciplina de cuja monitoria se pretende.\u00a0<\/span><\/p>\n<ul style=\"text-align: left\">\n<li><span style=\"font-family: georgia, palatino, serif\"><b>Como posso requerer a oferta de disciplina especial?\u00a0<\/b><\/span><\/li>\n<\/ul>\n<p style=\"text-align: left\"><span style=\"font-weight: 400;font-family: georgia, palatino, serif\">Para solicita\u00e7\u00e3o de disciplina especial h\u00e1 a necessidade de requerimento em per\u00edodo pr\u00f3prio (previsto no calend\u00e1rio universit\u00e1rio). A secretaria da unidade, a cada semestre, disponibiliza o formul\u00e1rio para requerimento, do que se d\u00e1 ampla publicidade. Recomenda-se \u00e0 comunidade discente que consulte a orienta\u00e7\u00e3o acad\u00eamica antes da submiss\u00e3o do requerimento.\u00a0<\/span><\/p>\n<ul style=\"text-align: left\">\n<li><span style=\"font-family: georgia, palatino, serif\"><b>Posso utilizar os espa\u00e7os da FAEF para pr\u00e1ticas recreativas fora dos projetos de extens\u00e3o?<\/b><\/span><\/li>\n<\/ul>\n<p style=\"text-align: left\"><span style=\"font-family: georgia, palatino, serif\">N\u00e3o. Os espa\u00e7os da FAEF s\u00e3o dedicados \u00e0s atividades de ensino, pesquisa e extens\u00e3o. A FAEF e a PRAE oferecem pr\u00e1ticas esportivas \u00e0 comunidade (interna e externa) por meio de projetos institucionais. Para ter acesso \u00e0s pr\u00e1ticas, basta entrar em contato com a secretaria da FAEF ou com a secretaria da PRAE para informa\u00e7\u00f5es sobre a disponibilidade de modalidades e hor\u00e1rios.<\/span><br \/>\n<b><\/b><\/p>\n<p>&nbsp;<\/p>\n","protected":false},"excerpt":{"rendered":"<p>FACULDADE DE EDUCA\u00c7\u00c3O F\u00cdSICA &#8211; FAEF &nbsp; D\u00favidas Frequentes: Quais os contatos da Faculdade de Educa\u00e7\u00e3o F\u00edsica? Secretaria da Unidade: Telefone: 3315-2131 E-mail: faef@uern.br Secretaria do Departamento de Educa\u00e7\u00e3o F\u00edsica: Telefone: 3315-2215 E-mail: def@uern.br Quais os cursos dispon\u00edveis na FAEF\/UERN? O curso de gradua\u00e7\u00e3o em Educa\u00e7\u00e3o F\u00edsica (\u00c1rea B\u00e1sica de Ingresso &#8211; ABI), tem a [&hellip;]<\/p>\n","protected":false},"author":2,"featured_media":0,"parent":0,"menu_order":0,"comment_status":"closed","ping_status":"closed","template":"","meta":{"footnotes":""},"class_list":["post-1170","page","type-page","status-publish","hentry"],"_links":{"self":[{"href":"https:\/\/portal.uern.br\/faef\/wp-json\/wp\/v2\/pages\/1170","targetHints":{"allow":["GET"]}}],"collection":[{"href":"https:\/\/portal.uern.br\/faef\/wp-json\/wp\/v2\/pages"}],"about":[{"href":"https:\/\/portal.uern.br\/faef\/wp-json\/wp\/v2\/types\/page"}],"author":[{"embeddable":true,"href":"https:\/\/portal.uern.br\/faef\/wp-json\/wp\/v2\/users\/2"}],"replies":[{"embeddable":true,"href":"https:\/\/portal.uern.br\/faef\/wp-json\/wp\/v2\/comments?post=1170"}],"version-history":[{"count":3,"href":"https:\/\/portal.uern.br\/faef\/wp-json\/wp\/v2\/pages\/1170\/revisions"}],"predecessor-version":[{"id":1174,"href":"https:\/\/portal.uern.br\/faef\/wp-json\/wp\/v2\/pages\/1170\/revisions\/1174"}],"wp:attachment":[{"href":"https:\/\/portal.uern.br\/faef\/wp-json\/wp\/v2\/media?parent=1170"}],"curies":[{"name":"wp","href":"https:\/\/api.w.org\/{rel}","templated":true}]}}