{"id":930,"date":"2023-11-10T09:07:22","date_gmt":"2023-11-10T12:07:22","guid":{"rendered":"https:\/\/portal.uern.br\/faef\/def\/?page_id=930"},"modified":"2025-04-23T17:51:06","modified_gmt":"2025-04-23T20:51:06","slug":"foruns","status":"publish","type":"page","link":"https:\/\/portal.uern.br\/faef\/def\/foruns\/","title":{"rendered":"F\u00f3runs"},"content":{"rendered":"<p>F\u00d3RUM INTEGRADO DE ENSINO DOS CURSOS DE LICENCIATURA &#8211; FIEL<br \/>\nMembro do NDE da Licenciatura:<br \/>\nMembro(a) Coordenador(a) de Est\u00e1gio da Unidade: Profa. Ivana Alice Teixeira Fonseca<br \/>\nMembro(a) Coordenador(a) de Est\u00e1gio da Licenciatura: Profa. Maria Isaura Pl\u00e1cido Soeiro<br \/>\nMembro(a) Supervisor(a) de Est\u00e1gio da Licenciatura:<\/p>\n<p>F\u00d3RUM INTEGRADO DE ENSINO DOS CURSOS DE BACHARELADO &#8211; FIEB<br \/>\nMembro do NDE do Bacharelado:<br \/>\nMembro(a) Coordenador(a) de Est\u00e1gio da Unidade: Profa. Ivana Alice Teixeira Fonseca<br \/>\nMembro(a) Coordenador(a) de Est\u00e1gio do Bacharelado: Prof. Franciso Napole\u00e3o T\u00falio Varela Barca<br \/>\nMembro(a) Supervisor(a) de Est\u00e1gio do Bacharelado:<\/p>\n","protected":false},"excerpt":{"rendered":"<p>F\u00d3RUM INTEGRADO DE ENSINO DOS CURSOS DE LICENCIATURA &#8211; FIEL Membro do NDE da Licenciatura: Membro(a) Coordenador(a) de Est\u00e1gio da Unidade: Profa. Ivana Alice Teixeira Fonseca Membro(a) Coordenador(a) de Est\u00e1gio da Licenciatura: Profa. Maria Isaura Pl\u00e1cido Soeiro Membro(a) Supervisor(a) de Est\u00e1gio da Licenciatura: F\u00d3RUM INTEGRADO DE ENSINO DOS CURSOS DE BACHARELADO &#8211; FIEB Membro do [&hellip;]<\/p>\n","protected":false},"author":3,"featured_media":0,"parent":0,"menu_order":0,"comment_status":"closed","ping_status":"closed","template":"","meta":{"footnotes":""},"class_list":["post-930","page","type-page","status-publish","hentry"],"_links":{"self":[{"href":"https:\/\/portal.uern.br\/faef\/def\/wp-json\/wp\/v2\/pages\/930","targetHints":{"allow":["GET"]}}],"collection":[{"href":"https:\/\/portal.uern.br\/faef\/def\/wp-json\/wp\/v2\/pages"}],"about":[{"href":"https:\/\/portal.uern.br\/faef\/def\/wp-json\/wp\/v2\/types\/page"}],"author":[{"embeddable":true,"href":"https:\/\/portal.uern.br\/faef\/def\/wp-json\/wp\/v2\/users\/3"}],"replies":[{"embeddable":true,"href":"https:\/\/portal.uern.br\/faef\/def\/wp-json\/wp\/v2\/comments?post=930"}],"version-history":[{"count":2,"href":"https:\/\/portal.uern.br\/faef\/def\/wp-json\/wp\/v2\/pages\/930\/revisions"}],"predecessor-version":[{"id":1164,"href":"https:\/\/portal.uern.br\/faef\/def\/wp-json\/wp\/v2\/pages\/930\/revisions\/1164"}],"wp:attachment":[{"href":"https:\/\/portal.uern.br\/faef\/def\/wp-json\/wp\/v2\/media?parent=930"}],"curies":[{"name":"wp","href":"https:\/\/api.w.org\/{rel}","templated":true}]}}