{"id":926,"date":"2023-11-10T08:47:41","date_gmt":"2023-11-10T11:47:41","guid":{"rendered":"https:\/\/portal.uern.br\/faef\/def\/?page_id=926"},"modified":"2025-04-23T17:49:29","modified_gmt":"2025-04-23T20:49:29","slug":"coordenacoes-de-estagios","status":"publish","type":"page","link":"https:\/\/portal.uern.br\/faef\/def\/coordenacoes-de-estagios\/","title":{"rendered":"Coordena\u00e7\u00f5es de Est\u00e1gios"},"content":{"rendered":"<p>COORDENA\u00c7\u00c3O DE EST\u00c1GIO DE UNIDADE<br \/>\nProfa. Ivana Alice Teixeira Fonseca<\/p>\n<p>COORDENA\u00c7\u00c3O DE EST\u00c1GIO DO CURSO &#8211; LICENCIATURA<br \/>\nProfa. Maria Isaura Pl\u00e1cido Soeiro<\/p>\n<p>COORDENA\u00c7\u00c3O DE EST\u00c1GIO DO CURSO &#8211; BACHARELADO<br \/>\nProf. Franciso Napole\u00e3o T\u00falio Varela Barca<\/p>\n<p>&nbsp;<\/p>\n","protected":false},"excerpt":{"rendered":"<p>COORDENA\u00c7\u00c3O DE EST\u00c1GIO DE UNIDADE Profa. Ivana Alice Teixeira Fonseca COORDENA\u00c7\u00c3O DE EST\u00c1GIO DO CURSO &#8211; LICENCIATURA Profa. Maria Isaura Pl\u00e1cido Soeiro COORDENA\u00c7\u00c3O DE EST\u00c1GIO DO CURSO &#8211; BACHARELADO Prof. Franciso Napole\u00e3o T\u00falio Varela Barca &nbsp;<\/p>\n","protected":false},"author":3,"featured_media":0,"parent":0,"menu_order":0,"comment_status":"closed","ping_status":"closed","template":"","meta":{"footnotes":""},"class_list":["post-926","page","type-page","status-publish","hentry"],"_links":{"self":[{"href":"https:\/\/portal.uern.br\/faef\/def\/wp-json\/wp\/v2\/pages\/926","targetHints":{"allow":["GET"]}}],"collection":[{"href":"https:\/\/portal.uern.br\/faef\/def\/wp-json\/wp\/v2\/pages"}],"about":[{"href":"https:\/\/portal.uern.br\/faef\/def\/wp-json\/wp\/v2\/types\/page"}],"author":[{"embeddable":true,"href":"https:\/\/portal.uern.br\/faef\/def\/wp-json\/wp\/v2\/users\/3"}],"replies":[{"embeddable":true,"href":"https:\/\/portal.uern.br\/faef\/def\/wp-json\/wp\/v2\/comments?post=926"}],"version-history":[{"count":2,"href":"https:\/\/portal.uern.br\/faef\/def\/wp-json\/wp\/v2\/pages\/926\/revisions"}],"predecessor-version":[{"id":1163,"href":"https:\/\/portal.uern.br\/faef\/def\/wp-json\/wp\/v2\/pages\/926\/revisions\/1163"}],"wp:attachment":[{"href":"https:\/\/portal.uern.br\/faef\/def\/wp-json\/wp\/v2\/media?parent=926"}],"curies":[{"name":"wp","href":"https:\/\/api.w.org\/{rel}","templated":true}]}}