{"id":922,"date":"2023-11-10T08:27:29","date_gmt":"2023-11-10T11:27:29","guid":{"rendered":"https:\/\/portal.uern.br\/faef\/def\/?page_id=922"},"modified":"2025-08-27T18:49:07","modified_gmt":"2025-08-27T21:49:07","slug":"orientacao-academica","status":"publish","type":"page","link":"https:\/\/portal.uern.br\/faef\/def\/orientacao-academica\/","title":{"rendered":"Orienta\u00e7\u00e3o Acad\u00eamica"},"content":{"rendered":"<p><strong>Orienta\u00e7\u00e3o Acad\u00eamica de Curso &#8211; OAC<\/strong><\/p>\n<p>ORIENTA\u00c7\u00c3O ACAD\u00caMICA DA \u00c1REA B\u00c1SICA DE INGRESSO &#8211; ABI &#8211; MANH\u00c3<br \/>\nProfa. Camila \u00darsulla Batista Carlos<\/p>\n<p>ORIENTA\u00c7\u00c3O ACAD\u00caMICA DA \u00c1REA B\u00c1SICA DE INGRESSO &#8211; ABI &#8211; TARDE<br \/>\nProf. Luis Marcos de Medeiros Guerra<\/p>\n<p>ORIENTA\u00c7\u00c3O ACAD\u00caMICA &#8211; BACHARELADO<br \/>\nProf. Luis Marcos de Medeiros Guerra<\/p>\n<p>ORIENTA\u00c7\u00c3O ACAD\u00caMICA &#8211; LICENCIATURA<br \/>\nProfa. Camila \u00darsulla Batista Carlos<\/p>\n","protected":false},"excerpt":{"rendered":"<p>Orienta\u00e7\u00e3o Acad\u00eamica de Curso &#8211; OAC ORIENTA\u00c7\u00c3O ACAD\u00caMICA DA \u00c1REA B\u00c1SICA DE INGRESSO &#8211; ABI &#8211; MANH\u00c3 Profa. Camila \u00darsulla Batista Carlos ORIENTA\u00c7\u00c3O ACAD\u00caMICA DA \u00c1REA B\u00c1SICA DE INGRESSO &#8211; ABI &#8211; TARDE Prof. Luis Marcos de Medeiros Guerra ORIENTA\u00c7\u00c3O ACAD\u00caMICA &#8211; BACHARELADO Prof. Luis Marcos de Medeiros Guerra ORIENTA\u00c7\u00c3O ACAD\u00caMICA &#8211; LICENCIATURA Profa. Camila [&hellip;]<\/p>\n","protected":false},"author":3,"featured_media":0,"parent":0,"menu_order":0,"comment_status":"closed","ping_status":"closed","template":"","meta":{"footnotes":""},"class_list":["post-922","page","type-page","status-publish","hentry"],"_links":{"self":[{"href":"https:\/\/portal.uern.br\/faef\/def\/wp-json\/wp\/v2\/pages\/922","targetHints":{"allow":["GET"]}}],"collection":[{"href":"https:\/\/portal.uern.br\/faef\/def\/wp-json\/wp\/v2\/pages"}],"about":[{"href":"https:\/\/portal.uern.br\/faef\/def\/wp-json\/wp\/v2\/types\/page"}],"author":[{"embeddable":true,"href":"https:\/\/portal.uern.br\/faef\/def\/wp-json\/wp\/v2\/users\/3"}],"replies":[{"embeddable":true,"href":"https:\/\/portal.uern.br\/faef\/def\/wp-json\/wp\/v2\/comments?post=922"}],"version-history":[{"count":5,"href":"https:\/\/portal.uern.br\/faef\/def\/wp-json\/wp\/v2\/pages\/922\/revisions"}],"predecessor-version":[{"id":1171,"href":"https:\/\/portal.uern.br\/faef\/def\/wp-json\/wp\/v2\/pages\/922\/revisions\/1171"}],"wp:attachment":[{"href":"https:\/\/portal.uern.br\/faef\/def\/wp-json\/wp\/v2\/media?parent=922"}],"curies":[{"name":"wp","href":"https:\/\/api.w.org\/{rel}","templated":true}]}}