{"id":919,"date":"2023-11-10T08:19:49","date_gmt":"2023-11-10T11:19:49","guid":{"rendered":"https:\/\/portal.uern.br\/faef\/def\/?page_id=919"},"modified":"2023-11-17T11:55:35","modified_gmt":"2023-11-17T14:55:35","slug":"comissoes","status":"publish","type":"page","link":"https:\/\/portal.uern.br\/faef\/def\/comissoes\/","title":{"rendered":"Comiss\u00f5es Institucionais"},"content":{"rendered":"<p>COMISS\u00c3O PERMANENTE DE ENSINO &#8211; CPE<br \/>\nMembro(a) Titular: Profa. Maria Irany Knackfuss<\/p>\n<p>COMISS\u00c3O DE EXTENS\u00c3O &#8211; CE<br \/>\nMembro(a) Titular: Profa. Camila Ursulla Batista Carlos<\/p>\n<p>COMISS\u00c3O DE AVALIA\u00c7\u00c3O DE DESEMPENHO ACAD\u00caMICO &#8211; CDA<br \/>\nMembro(a) Presidente: Prof. Adalberto Veronese da Costa<br \/>\nMembro(a): Prof. Lu\u00eds Marcos de M. Guerra<\/p>\n","protected":false},"excerpt":{"rendered":"<p>COMISS\u00c3O PERMANENTE DE ENSINO &#8211; CPE Membro(a) Titular: Profa. Maria Irany Knackfuss COMISS\u00c3O DE EXTENS\u00c3O &#8211; CE Membro(a) Titular: Profa. Camila Ursulla Batista Carlos COMISS\u00c3O DE AVALIA\u00c7\u00c3O DE DESEMPENHO ACAD\u00caMICO &#8211; CDA Membro(a) Presidente: Prof. Adalberto Veronese da Costa Membro(a): Prof. Lu\u00eds Marcos de M. Guerra<\/p>\n","protected":false},"author":3,"featured_media":0,"parent":0,"menu_order":0,"comment_status":"closed","ping_status":"closed","template":"","meta":{"footnotes":""},"class_list":["post-919","page","type-page","status-publish","hentry"],"_links":{"self":[{"href":"https:\/\/portal.uern.br\/faef\/def\/wp-json\/wp\/v2\/pages\/919","targetHints":{"allow":["GET"]}}],"collection":[{"href":"https:\/\/portal.uern.br\/faef\/def\/wp-json\/wp\/v2\/pages"}],"about":[{"href":"https:\/\/portal.uern.br\/faef\/def\/wp-json\/wp\/v2\/types\/page"}],"author":[{"embeddable":true,"href":"https:\/\/portal.uern.br\/faef\/def\/wp-json\/wp\/v2\/users\/3"}],"replies":[{"embeddable":true,"href":"https:\/\/portal.uern.br\/faef\/def\/wp-json\/wp\/v2\/comments?post=919"}],"version-history":[{"count":6,"href":"https:\/\/portal.uern.br\/faef\/def\/wp-json\/wp\/v2\/pages\/919\/revisions"}],"predecessor-version":[{"id":974,"href":"https:\/\/portal.uern.br\/faef\/def\/wp-json\/wp\/v2\/pages\/919\/revisions\/974"}],"wp:attachment":[{"href":"https:\/\/portal.uern.br\/faef\/def\/wp-json\/wp\/v2\/media?parent=919"}],"curies":[{"name":"wp","href":"https:\/\/api.w.org\/{rel}","templated":true}]}}